{"id":142399,"date":"2020-05-12T11:34:57","date_gmt":"2020-05-12T09:34:57","guid":{"rendered":"https:\/\/lediamant.ch\/produit\/uhren-de\/tissot-de\/tissot-t-pocket-de\/tissot-lepine-de\/tissot-stand-alone\/"},"modified":"2020-05-12T11:34:57","modified_gmt":"2020-05-12T09:34:57","slug":"tissot-stand-alone","status":"publish","type":"product","link":"https:\/\/lediamant.ch\/de\/uhren\/142399-tissot-stand-alone\/","title":{"rendered":"Tissot Stand Alone Quarz"},"content":{"rendered":"<p>Die Tissot T-Pocket Kollektion besteht aus glanzvollen Taschenuhren, die das handwerkliche K\u00f6nnen vergangener Tage mit einem Hauch Nostalgie widerspiegeln.1853 begann die Geschichte der Schweizer Uhrenmarke Tissot mit Taschenuhren, und bis heute z\u00e4hlen sie zum festen Bestandteil der Kollektion. Das Messinggeh\u00e4use mit silberfarbener Palladium Beschichtung besitzt eine passende Uhrenkette und das stilvoll verzierte Zifferblatt pr\u00e4sentiert eine Datumsanzeige. Silberfarbene Elemente finden sich auch auf dem wei\u00dfen Zifferblatt mit r\u00f6mischen Ziffern dieser 49,60 Millimeter messenden Quarzuhr, welche auch hingestellt werden kann. Stilvoller kann man sich Zeit kaum anzeigen lassen. Dieses Modell besitzt ein Swiss Made Quartzwerk mit Batterie-Endanzeige und eine geschmackvoll designte Krone.<\/p>\n","protected":false},"excerpt":{"rendered":"<p>Die Tissot T-Pocket Kollektion besteht aus glanzvollen Taschenuhren, die das handwerkliche K\u00f6nnen vergangener Tage mit einem Hauch Nostalgie widerspiegeln.1853 begann die Geschichte der Schweizer Uhrenmarke Tissot mit Taschenuhren, und bis heute z\u00e4hlen sie zum festen Bestandteil der Kollektion. Das Messinggeh\u00e4use mit silberfarbener Palladium Beschichtung besitzt eine passende Uhrenkette und das stilvoll verzierte Zifferblatt pr\u00e4sentiert eine &#8230; <a title=\"Tissot Stand Alone Quarz\" class=\"read-more\" href=\"https:\/\/lediamant.ch\/de\/uhren\/142399-tissot-stand-alone\/\" aria-label=\"Mehr Informationen \u00fcber Tissot Stand Alone Quarz\">Weiterlesen &#8230;<\/a><\/p>\n","protected":false},"featured_media":142388,"template":"","meta":{"_acf_changed":false,"_seopress_robots_primary_cat":"","_seopress_titles_title":"","_seopress_titles_desc":"","_seopress_robots_index":""},"brand":[27087],"product_brand":[],"product_cat":[27123,27159,27335,27457],"product_tag":[],"class_list":{"0":"post-142399","1":"product","2":"type-product","3":"status-publish","4":"has-post-thumbnail","6":"brand-tissot-de","7":"product_cat-uhren","8":"product_cat-tissot-de","9":"product_cat-tissot-taschenuhren","10":"product_cat-tissot-lepine","11":"pa_couleurducadran-weiss","12":"pa_forme-runden","13":"pa_garantie-24monate","14":"pa_genre-mann","15":"pa_mouvement-quarzbatterie-de","16":"pa_swissmade-ja-de","17":"pa_typedemontre-taschenuhren","18":"sales-flash-overlay","19":"woocommerce-text-align-center","20":"woocommerce-image-align-center","21":"do-quantity-buttons","23":"first","24":"instock","25":"taxable","26":"shipping-taxable","27":"purchasable","28":"product-type-simple"},"acf":[],"_links":{"self":[{"href":"https:\/\/lediamant.ch\/de\/wp-json\/wp\/v2\/product\/142399","targetHints":{"allow":["GET"]}}],"collection":[{"href":"https:\/\/lediamant.ch\/de\/wp-json\/wp\/v2\/product"}],"about":[{"href":"https:\/\/lediamant.ch\/de\/wp-json\/wp\/v2\/types\/product"}],"wp:featuredmedia":[{"embeddable":true,"href":"https:\/\/lediamant.ch\/de\/wp-json\/wp\/v2\/media\/142388"}],"wp:attachment":[{"href":"https:\/\/lediamant.ch\/de\/wp-json\/wp\/v2\/media?parent=142399"}],"wp:term":[{"taxonomy":"brand","embeddable":true,"href":"https:\/\/lediamant.ch\/de\/wp-json\/wp\/v2\/brand?post=142399"},{"taxonomy":"product_brand","embeddable":true,"href":"https:\/\/lediamant.ch\/de\/wp-json\/wp\/v2\/product_brand?post=142399"},{"taxonomy":"product_cat","embeddable":true,"href":"https:\/\/lediamant.ch\/de\/wp-json\/wp\/v2\/product_cat?post=142399"},{"taxonomy":"product_tag","embeddable":true,"href":"https:\/\/lediamant.ch\/de\/wp-json\/wp\/v2\/product_tag?post=142399"}],"curies":[{"name":"wp","href":"https:\/\/api.w.org\/{rel}","templated":true}]}}