{"id":142475,"date":"2020-05-12T11:36:01","date_gmt":"2020-05-12T09:36:01","guid":{"rendered":"https:\/\/lediamant.ch\/produit\/uhren-de\/tissot-de\/tissot-t-classic-de\/tissot-le-locle-automatik-de\/tissot-le-locle-automatic-kleine-sekunde\/"},"modified":"2025-10-03T08:24:59","modified_gmt":"2025-10-03T06:24:59","slug":"tissot-le-locle-automatic-petite-seconde-2","status":"publish","type":"product","link":"https:\/\/lediamant.ch\/de\/uhren\/142475-tissot-le-locle-automatic-kleine-sekunde\/","title":{"rendered":"Tissot Le Locle Automatic Kleine Sekunde"},"content":{"rendered":"<p>Die blo\u00dfe Erw\u00e4hnung des Namens Le Locle scheint allein schon eine Erfolgszutat zu sein. Die r\u00f6mischen Ziffern und die traditionelle Le Locle-Signatur vervollst\u00e4ndigen dieses Bild klassischer Eleganz, das sich sowohl tags\u00fcber als auch abends hervorragend tragen l\u00e4sst.<\/p>\n","protected":false},"excerpt":{"rendered":"<p>Die blo\u00dfe Erw\u00e4hnung des Namens Le Locle scheint allein schon eine Erfolgszutat zu sein. Die r\u00f6mischen Ziffern und die traditionelle Le Locle-Signatur vervollst\u00e4ndigen dieses Bild klassischer Eleganz, das sich sowohl tags\u00fcber als auch abends hervorragend tragen l\u00e4sst.<\/p>\n","protected":false},"featured_media":142465,"template":"","meta":{"_acf_changed":false,"_seopress_robots_primary_cat":"27132","_seopress_titles_title":"","_seopress_titles_desc":"","_seopress_robots_index":""},"brand":[27087],"product_brand":[],"product_cat":[27137,27133,27159,27245,27473,27123,27141],"product_tag":[],"class_list":{"0":"post-142475","1":"product","2":"type-product","3":"status-publish","4":"has-post-thumbnail","6":"brand-tissot-de","7":"product_cat-bracelet-ajustable-de","8":"product_cat-sale","9":"product_cat-tissot-de","10":"product_cat-tissot-classic","11":"product_cat-tissot-le-locle","12":"product_cat-uhren","13":"product_cat-uhren-sale","14":"pa_couleurduboitier-zweifarbig-de","15":"pa_couleurducadran-silber","16":"pa_dimensions-o-39-3-mm","17":"pa_etancheite-30m-de","18":"pa_forme-runden","19":"pa_garantie-24monate","20":"pa_genre-mann","21":"pa_matiere-zweifarbigstahlgelbgoldpvd","22":"pa_matierebraceletmontre-edelstahl","23":"pa_mouvement-automatik-de","24":"pa_swissmade-ja-de","25":"pa_verre-saphir-de","26":"sales-flash-overlay","27":"woocommerce-text-align-center","28":"woocommerce-image-align-center","29":"do-quantity-buttons","31":"first","32":"outofstock","33":"sale","34":"taxable","35":"shipping-taxable","36":"purchasable","37":"product-type-simple"},"acf":[],"_links":{"self":[{"href":"https:\/\/lediamant.ch\/de\/wp-json\/wp\/v2\/product\/142475","targetHints":{"allow":["GET"]}}],"collection":[{"href":"https:\/\/lediamant.ch\/de\/wp-json\/wp\/v2\/product"}],"about":[{"href":"https:\/\/lediamant.ch\/de\/wp-json\/wp\/v2\/types\/product"}],"wp:featuredmedia":[{"embeddable":true,"href":"https:\/\/lediamant.ch\/de\/wp-json\/wp\/v2\/media\/142465"}],"wp:attachment":[{"href":"https:\/\/lediamant.ch\/de\/wp-json\/wp\/v2\/media?parent=142475"}],"wp:term":[{"taxonomy":"brand","embeddable":true,"href":"https:\/\/lediamant.ch\/de\/wp-json\/wp\/v2\/brand?post=142475"},{"taxonomy":"product_brand","embeddable":true,"href":"https:\/\/lediamant.ch\/de\/wp-json\/wp\/v2\/product_brand?post=142475"},{"taxonomy":"product_cat","embeddable":true,"href":"https:\/\/lediamant.ch\/de\/wp-json\/wp\/v2\/product_cat?post=142475"},{"taxonomy":"product_tag","embeddable":true,"href":"https:\/\/lediamant.ch\/de\/wp-json\/wp\/v2\/product_tag?post=142475"}],"curies":[{"name":"wp","href":"https:\/\/api.w.org\/{rel}","templated":true}]}}