{"id":142561,"date":"2020-05-12T11:39:34","date_gmt":"2020-05-12T09:39:34","guid":{"rendered":"https:\/\/lediamant.ch\/produit\/uhren-de\/tissot-de\/tissot-t-sport-de\/tissot-supersport-de\/tissot-supersport-chrono\/"},"modified":"2023-07-14T13:51:42","modified_gmt":"2023-07-14T11:51:42","slug":"tissot-supersport-chrono-13","status":"publish","type":"product","link":"https:\/\/lediamant.ch\/de\/uhren\/142561-tissot-supersport-chrono\/","title":{"rendered":"Tissot Supersport Chrono"},"content":{"rendered":"<p>Die Tissot Supersport Chrono Kollektion ist perfekt f\u00fcr den modernen Gentleman, der seine Uhr im Alltag, im B\u00fcro und bei Sportveranstaltungen tragen m\u00f6chte. Die geraden Linien und scharfen Kanten in Kombination mit dem 45,5 mm gro\u00dfen Geh\u00e4use verleihen dem Tissot Supersport Chrono eine starke Pers\u00f6nlichkeit. Die soliden Indizes mit SuperLuminova\u00ae-Beschichtung und die asymmetrischen Applikationen auf dem Zifferblatt sorgen f\u00fcr einen starken 3D-Effekt, ein dynamisches Aussehen und erm\u00f6glichen eine beeindruckende Ablesbarkeit im Dunkeln. Das handgen\u00e4hte Vintage-Lederarmband harmoniert mit der Uhr und verleiht dem Chronographen einen sportlichen und trendigen Look. Alle Modelle der Tissot Chrono Supersport haben ein solides Geh\u00e4use aus 316L-Edelstahl, kratzfestes Saphirglas und sind bis zu einem Druck von 10 bar (100 Meter\/330 Fu\u00df) wasserdicht. Diese Version des Tissot Supersport Chrono ist mit einem in der Schweiz hergestellten Quarzwerk und einem Edelstahlgeh\u00e4use ausgestattet.<\/p>\n","protected":false},"excerpt":{"rendered":"<p>Die Tissot Supersport Chrono Kollektion ist perfekt f\u00fcr den modernen Gentleman, der seine Uhr im Alltag, im B\u00fcro und bei Sportveranstaltungen tragen m\u00f6chte. Die geraden Linien und scharfen Kanten in Kombination mit dem 45,5 mm gro\u00dfen Geh\u00e4use verleihen dem Tissot Supersport Chrono eine starke Pers\u00f6nlichkeit. Die soliden Indizes mit SuperLuminova\u00ae-Beschichtung und die asymmetrischen Applikationen auf &#8230; <a title=\"Tissot Supersport Chrono\" class=\"read-more\" href=\"https:\/\/lediamant.ch\/de\/uhren\/142561-tissot-supersport-chrono\/\" aria-label=\"Mehr Informationen \u00fcber Tissot Supersport Chrono\">Weiterlesen &#8230;<\/a><\/p>\n","protected":false},"featured_media":142549,"template":"","meta":{"_acf_changed":false,"_seopress_robots_primary_cat":"","_seopress_titles_title":"","_seopress_titles_desc":"","_seopress_robots_index":""},"brand":[27087],"product_brand":[],"product_cat":[27123,27159,27203,27381],"product_tag":[],"class_list":{"0":"post-142561","1":"product","2":"type-product","3":"status-publish","4":"has-post-thumbnail","6":"brand-tissot-de","7":"product_cat-uhren","8":"product_cat-tissot-de","9":"product_cat-tissot-sport","10":"product_cat-tissot-supersport-chrono","11":"pa_couleurduboitier-schwarz-de","12":"pa_couleurdubracelet-braun-de","13":"pa_etancheite-100m-de","14":"pa_forme-runden","15":"pa_garantie-24monate","16":"pa_genre-mann","17":"pa_matiere-schwarzespvd","18":"pa_matierebraceletmontre-leder","19":"pa_mouvement-quarzbatterie-de","20":"pa_swissmade-ja-de","21":"pa_typedemontre-chronograph-de","22":"sales-flash-overlay","23":"woocommerce-text-align-center","24":"woocommerce-image-align-center","25":"do-quantity-buttons","27":"first","28":"outofstock","29":"taxable","30":"shipping-taxable","31":"purchasable","32":"product-type-simple"},"acf":[],"_links":{"self":[{"href":"https:\/\/lediamant.ch\/de\/wp-json\/wp\/v2\/product\/142561","targetHints":{"allow":["GET"]}}],"collection":[{"href":"https:\/\/lediamant.ch\/de\/wp-json\/wp\/v2\/product"}],"about":[{"href":"https:\/\/lediamant.ch\/de\/wp-json\/wp\/v2\/types\/product"}],"wp:featuredmedia":[{"embeddable":true,"href":"https:\/\/lediamant.ch\/de\/wp-json\/wp\/v2\/media\/142549"}],"wp:attachment":[{"href":"https:\/\/lediamant.ch\/de\/wp-json\/wp\/v2\/media?parent=142561"}],"wp:term":[{"taxonomy":"brand","embeddable":true,"href":"https:\/\/lediamant.ch\/de\/wp-json\/wp\/v2\/brand?post=142561"},{"taxonomy":"product_brand","embeddable":true,"href":"https:\/\/lediamant.ch\/de\/wp-json\/wp\/v2\/product_brand?post=142561"},{"taxonomy":"product_cat","embeddable":true,"href":"https:\/\/lediamant.ch\/de\/wp-json\/wp\/v2\/product_cat?post=142561"},{"taxonomy":"product_tag","embeddable":true,"href":"https:\/\/lediamant.ch\/de\/wp-json\/wp\/v2\/product_tag?post=142561"}],"curies":[{"name":"wp","href":"https:\/\/api.w.org\/{rel}","templated":true}]}}