{"id":142695,"date":"2020-05-12T11:55:16","date_gmt":"2020-05-12T09:55:16","guid":{"rendered":"https:\/\/lediamant.ch\/produit\/uhren-de\/tissot-de\/tissot-t-gold-de\/tissot-t-my-lady-de\/tissot-t-my-lady-automatik-18-karat-gold\/"},"modified":"2020-05-12T11:55:16","modified_gmt":"2020-05-12T09:55:16","slug":"tissot-t-my-lady-automatik-18-karat-gold","status":"publish","type":"product","link":"https:\/\/lediamant.ch\/de\/uhren\/142695-tissot-t-my-lady-automatik-18-karat-gold\/","title":{"rendered":"Tissot T-My Lady Automatic 18K Gold"},"content":{"rendered":"<p>Die Modelle der T-My Lady verf\u00fcgen \u00fcber ein widerstandsf\u00e4higes Edelstahlgeh\u00e4use mit einem Durchmesser von 29 mm, einer L\u00fcnette aus massivem 18-kar\u00e4tigem poliertem Ros\u00e9gold und einer schlichten Eleganz dank einer zeitlosen Linienf\u00fchrung. Die T-My Lady von Tissot ist eine feminine Uhr, die aufgrund ihrer Konzeption und des Designs zur perfekten Wahl f\u00fcr alle Frauen wird, f\u00fcr die eine Uhr ein zeitloser Begleiter ist. Das Swiss Made Automatikwerk ist mit einer Nivachron-Spiralfeder versehen, welche f\u00fcr eine herausragende Magnetfeldsicherheit bekannt ist. Die verschiedenen Ausf\u00fchrungen umfassen Ziffernbl\u00e4tter, die in Sonnenschliff blau, versilbert, opalwei\u00df oder anthrazit und mit Diamantindex angeboten werden. Als feminines Pendant zur Produktreihe Tissot Gentleman verf\u00fcgt die T-My Lady tats\u00e4chlich \u00fcber alle Attribute der uhrmacherischen Qualit\u00e4t, welche die Zeitmesser von Tissot auszeichnen. Die Erfahrung und die Sorgfalt, mit der diese Produktlinie<\/p>\n","protected":false},"excerpt":{"rendered":"<p>Die Modelle der T-My Lady verf\u00fcgen \u00fcber ein widerstandsf\u00e4higes Edelstahlgeh\u00e4use mit einem Durchmesser von 29 mm, einer L\u00fcnette aus massivem 18-kar\u00e4tigem poliertem Ros\u00e9gold und einer schlichten Eleganz dank einer zeitlosen Linienf\u00fchrung. Die T-My Lady von Tissot ist eine feminine Uhr, die aufgrund ihrer Konzeption und des Designs zur perfekten Wahl f\u00fcr alle Frauen wird, f\u00fcr &#8230; <a title=\"Tissot T-My Lady Automatic 18K Gold\" class=\"read-more\" href=\"https:\/\/lediamant.ch\/de\/uhren\/142695-tissot-t-my-lady-automatik-18-karat-gold\/\" aria-label=\"Mehr Informationen \u00fcber Tissot T-My Lady Automatic 18K Gold\">Weiterlesen &#8230;<\/a><\/p>\n","protected":false},"featured_media":142673,"template":"","meta":{"_acf_changed":false,"_seopress_robots_primary_cat":"","_seopress_titles_title":"","_seopress_titles_desc":"","_seopress_robots_index":""},"brand":[27087],"product_brand":[],"product_cat":[27137,27159,27349,27391,27123],"product_tag":[],"class_list":{"0":"post-142695","1":"product","2":"type-product","3":"status-publish","4":"has-post-thumbnail","6":"brand-tissot-de","7":"product_cat-bracelet-ajustable-de","8":"product_cat-tissot-de","9":"product_cat-tissot-gold","10":"product_cat-tissot-t-my-lady","11":"product_cat-uhren","12":"pa_couleurduboitier-zweifarbig-de","13":"pa_couleurducadran-silber","14":"pa_dimensions-o-29-mm","15":"pa_etancheite-50m-de","16":"pa_forme-runden","17":"pa_garantie-24monate","18":"pa_genre-frau","19":"pa_matiere-bicolorstahlrosegold75018kt","20":"pa_matierebraceletmontre-edelstahl","21":"pa_mouvement-automatik-de","22":"pa_swissmade-ja-de","23":"pa_typedemontre-uhrenmitdiamanten","24":"sales-flash-overlay","25":"woocommerce-text-align-center","26":"woocommerce-image-align-center","27":"do-quantity-buttons","29":"first","30":"instock","31":"taxable","32":"shipping-taxable","33":"purchasable","34":"product-type-simple"},"acf":[],"_links":{"self":[{"href":"https:\/\/lediamant.ch\/de\/wp-json\/wp\/v2\/product\/142695","targetHints":{"allow":["GET"]}}],"collection":[{"href":"https:\/\/lediamant.ch\/de\/wp-json\/wp\/v2\/product"}],"about":[{"href":"https:\/\/lediamant.ch\/de\/wp-json\/wp\/v2\/types\/product"}],"wp:featuredmedia":[{"embeddable":true,"href":"https:\/\/lediamant.ch\/de\/wp-json\/wp\/v2\/media\/142673"}],"wp:attachment":[{"href":"https:\/\/lediamant.ch\/de\/wp-json\/wp\/v2\/media?parent=142695"}],"wp:term":[{"taxonomy":"brand","embeddable":true,"href":"https:\/\/lediamant.ch\/de\/wp-json\/wp\/v2\/brand?post=142695"},{"taxonomy":"product_brand","embeddable":true,"href":"https:\/\/lediamant.ch\/de\/wp-json\/wp\/v2\/product_brand?post=142695"},{"taxonomy":"product_cat","embeddable":true,"href":"https:\/\/lediamant.ch\/de\/wp-json\/wp\/v2\/product_cat?post=142695"},{"taxonomy":"product_tag","embeddable":true,"href":"https:\/\/lediamant.ch\/de\/wp-json\/wp\/v2\/product_tag?post=142695"}],"curies":[{"name":"wp","href":"https:\/\/api.w.org\/{rel}","templated":true}]}}