{"id":142819,"date":"2020-05-12T12:02:54","date_gmt":"2020-05-12T10:02:54","guid":{"rendered":"https:\/\/lediamant.ch\/produit\/uhren-de\/tissot-de\/tissot-t-classic-de\/tissot-carson-de\/tissot-carson-premium-powermatic-80-12\/"},"modified":"2025-10-03T08:24:55","modified_gmt":"2025-10-03T06:24:55","slug":"tissot-carson-premium-powermatic-80-12","status":"publish","type":"product","link":"https:\/\/lediamant.ch\/de\/uhren\/142819-tissot-carson-premium-powermatic-80-t1224073603300\/","title":{"rendered":"Tissot Carson Premium Powermatic 80"},"content":{"rendered":"<p>Mit ihrem klaren Design, dem markanten Stil und den schmeichelhaften Oberfl\u00e4chen ist die Tissot Carson Premium Powermatic Kollektion immer perfekt. Als &#8222;Innovator aus Tradition&#8220; f\u00fcgt Tissot dem die Anerkennung und die St\u00e4rke seines Namens hinzu, der international f\u00fcr die Qualit\u00e4t seiner Swiss-Made-Produkte gelobt wird. Die Tissot Carson Gent gibt es in verschiedenen Ausf\u00fchrungen mit einem Armband aus Leder oder 316L-Edelstahl sowie mit PVD-Beschichtung oder klassischerweise aus Edelstahl. Die Anwendung der PVD-Beschichtungstechnik bietet alle Vorteile der goldenen Farbvarianten - ihre Widerstandsf\u00e4higkeit, ihre W\u00e4rme, ihren edlen Glanz -, ohne dass sich dies auf den Preis auswirkt. Diese Uhr mit einem ausgewogenen Durchmesser von 40 mm ist mit einem automatischen mechanischen Uhrwerk ausgestattet. Die Powermatic 80 ist ein Vorzeigekaliber von Tissot. Genau wie der Carson selbst zeichnet er sich durch seinen edlen und zuverl\u00e4ssigen Charakter aus.<\/p>\n","protected":false},"excerpt":{"rendered":"<p>Mit ihrem klaren Design, dem markanten Stil und den schmeichelhaften Oberfl\u00e4chen ist die Tissot Carson Premium Powermatic Kollektion immer perfekt. Als &#8222;Innovator aus Tradition&#8220; f\u00fcgt Tissot dem die Anerkennung und die St\u00e4rke seines Namens hinzu, der international f\u00fcr die Qualit\u00e4t seiner Swiss-Made-Produkte gelobt wird. Die Tissot Carson Gent gibt es in verschiedenen Ausf\u00fchrungen mit einem &#8230; <a title=\"Tissot Carson Premium Powermatic 80\" class=\"read-more\" href=\"https:\/\/lediamant.ch\/de\/uhren\/142819-tissot-carson-premium-powermatic-80-t1224073603300\/\" aria-label=\"Mehr Informationen \u00fcber Tissot Carson Premium Powermatic 80\">Weiterlesen &#8230;<\/a><\/p>\n","protected":false},"featured_media":142807,"template":"","meta":{"_acf_changed":false,"_seopress_robots_primary_cat":"27244","_seopress_titles_title":"","_seopress_titles_desc":"","_seopress_robots_index":""},"brand":[27087],"product_brand":[],"product_cat":[27159,27501,27245,27123],"product_tag":[],"class_list":{"0":"post-142819","1":"product","2":"type-product","3":"status-publish","4":"has-post-thumbnail","6":"brand-tissot-de","7":"product_cat-tissot-de","8":"product_cat-tissot-carson","9":"product_cat-tissot-classic","10":"product_cat-uhren","11":"pa_couleurduboitier-pinkrosa-de","12":"pa_couleurdubracelet-braun-de","13":"pa_couleurducadran-silber","14":"pa_dimensions-o-40-mm","15":"pa_etancheite-50m-de","16":"pa_forme-runden","17":"pa_garantie-24monate","18":"pa_genre-mann","19":"pa_matiere-rosegoldpvd","20":"pa_matierebraceletmontre-leder","21":"pa_mouvement-automatik-de","22":"pa_swissmade-ja-de","23":"sales-flash-overlay","24":"woocommerce-text-align-center","25":"woocommerce-image-align-center","26":"do-quantity-buttons","28":"first","29":"outofstock","30":"taxable","31":"shipping-taxable","32":"purchasable","33":"product-type-simple"},"acf":[],"_links":{"self":[{"href":"https:\/\/lediamant.ch\/de\/wp-json\/wp\/v2\/product\/142819","targetHints":{"allow":["GET"]}}],"collection":[{"href":"https:\/\/lediamant.ch\/de\/wp-json\/wp\/v2\/product"}],"about":[{"href":"https:\/\/lediamant.ch\/de\/wp-json\/wp\/v2\/types\/product"}],"wp:featuredmedia":[{"embeddable":true,"href":"https:\/\/lediamant.ch\/de\/wp-json\/wp\/v2\/media\/142807"}],"wp:attachment":[{"href":"https:\/\/lediamant.ch\/de\/wp-json\/wp\/v2\/media?parent=142819"}],"wp:term":[{"taxonomy":"brand","embeddable":true,"href":"https:\/\/lediamant.ch\/de\/wp-json\/wp\/v2\/brand?post=142819"},{"taxonomy":"product_brand","embeddable":true,"href":"https:\/\/lediamant.ch\/de\/wp-json\/wp\/v2\/product_brand?post=142819"},{"taxonomy":"product_cat","embeddable":true,"href":"https:\/\/lediamant.ch\/de\/wp-json\/wp\/v2\/product_cat?post=142819"},{"taxonomy":"product_tag","embeddable":true,"href":"https:\/\/lediamant.ch\/de\/wp-json\/wp\/v2\/product_tag?post=142819"}],"curies":[{"name":"wp","href":"https:\/\/api.w.org\/{rel}","templated":true}]}}