{"id":142831,"date":"2020-05-12T12:03:42","date_gmt":"2020-05-12T10:03:42","guid":{"rendered":"https:\/\/lediamant.ch\/produit\/uhren-de\/tissot-de\/tissot-heritage-de\/tissot-heritage-1973-de\/tissot-heritage-1973\/"},"modified":"2020-05-12T12:03:42","modified_gmt":"2020-05-12T10:03:42","slug":"tissot-heritage-1973","status":"publish","type":"product","link":"https:\/\/lediamant.ch\/de\/uhren\/142831-tissot-heritage-1973\/","title":{"rendered":"Tissot Heritage 1973"},"content":{"rendered":"<p>Ein Jahr nach dem Blitzerfolg der ersten Generation der Tissot Heritage Navigator Chrono Auto 1973 bringt Tissot eine zweite Serie des Chronographen in Tonneau-Form auf den Markt. Innovativ aus Tradition, stellt Tissot diesen ausdrucksstarken Zeitmesser in den Rahmen der Partnerschaft zwischen Tissot und dem Oldtimer-Rennstall Kessel Classics. Das 43 mm breite, komfortable und sehr hochwertig verarbeitete St\u00fcck vereint erneut sportlichen Chic mit einer Neo-Vintage-Designsprache.<\/p>\n<p>Um auf den ersten Blick den Jahrgang 2020 der Tissot Heritage Navigator Chrono Auto 1973 zu erkennen, m\u00fcssen Sie sich nur auf den Minutentotalisator des Chronographen bei 3 Uhr konzentrieren. Der Bereich zwischen 0 und 5 Minuten ist dort blau gef\u00e4rbt und hebt sich vom Rest des Z\u00e4hlers ab. Das Farbspiel zwischen Totalisatoren, Zifferblatt und H\u00f6henring ist ein wesentlicher Bestandteil der visuellen Identit\u00e4t der Navigator 1973.<\/p>\n<p>Der H\u00f6henring der Tissot Heritage Navigator Chrono Auto 1973 ist mit einer Tachymeterskala versehen, die bis zu 500 km\/h anzeigt. Er geht Hand in Hand mit den pilzf\u00f6rmigen Chronographendr\u00fcckern, die typisch f\u00fcr die 1960er und 1970er Jahre sind. Die Armb\u00e4nder sind im Racing-Stil gehalten, der 1965 von Tissot erfunden wurde und an den gro\u00dfen L\u00f6chern zu erkennen ist, die die Haut in stressigen Situationen beim Fahren oder bei gro\u00dfer Hitze im Cockpit eines Einsitzers atmen lassen.<\/p>\n","protected":false},"excerpt":{"rendered":"<p>Ein Jahr nach dem Blitzerfolg der ersten Generation der Tissot Heritage Navigator Chrono Auto 1973 bringt Tissot eine zweite Serie des Chronographen in Tonneau-Form auf den Markt. Innovativ aus Tradition, stellt Tissot diesen ausdrucksstarken Zeitmesser in den Rahmen der Partnerschaft zwischen Tissot und dem Oldtimer-Rennstall Kessel Classics. Das 43 mm breite, komfortable und sehr hochwertig &#8230; <a title=\"Tissot Heritage 1973\" class=\"read-more\" href=\"https:\/\/lediamant.ch\/de\/uhren\/142831-tissot-heritage-1973\/\" aria-label=\"Mehr Informationen \u00fcber Tissot Heritage 1973\">Weiterlesen &#8230;<\/a><\/p>\n","protected":false},"featured_media":142821,"template":"","meta":{"_acf_changed":false,"_seopress_robots_primary_cat":"","_seopress_titles_title":"","_seopress_titles_desc":"","_seopress_robots_index":""},"brand":[27087],"product_brand":[],"product_cat":[27123,27159,27307,27387],"product_tag":[],"class_list":{"0":"post-142831","1":"product","2":"type-product","3":"status-publish","4":"has-post-thumbnail","6":"brand-tissot-de","7":"product_cat-uhren","8":"product_cat-tissot-de","9":"product_cat-tissot-heritage","10":"product_cat-tissot-heritage-1973","11":"pa_couleurduboitier-grau-de","12":"pa_couleurdubracelet-braun-de","13":"pa_couleurducadran-silber","14":"pa_dimensions-43-mm-x-46-6-mm","15":"pa_etancheite-100m-de","16":"pa_forme-fass-de","17":"pa_garantie-24monate","18":"pa_genre-mann","19":"pa_matiere-stahl","20":"pa_matierebraceletmontre-leder","21":"pa_mouvement-automatik-de","22":"pa_swissmade-ja-de","23":"pa_typedemontre-chronograph-de","24":"sales-flash-overlay","25":"woocommerce-text-align-center","26":"woocommerce-image-align-center","27":"do-quantity-buttons","29":"first","30":"outofstock","31":"taxable","32":"shipping-taxable","33":"purchasable","34":"product-type-simple"},"acf":[],"_links":{"self":[{"href":"https:\/\/lediamant.ch\/de\/wp-json\/wp\/v2\/product\/142831","targetHints":{"allow":["GET"]}}],"collection":[{"href":"https:\/\/lediamant.ch\/de\/wp-json\/wp\/v2\/product"}],"about":[{"href":"https:\/\/lediamant.ch\/de\/wp-json\/wp\/v2\/types\/product"}],"wp:featuredmedia":[{"embeddable":true,"href":"https:\/\/lediamant.ch\/de\/wp-json\/wp\/v2\/media\/142821"}],"wp:attachment":[{"href":"https:\/\/lediamant.ch\/de\/wp-json\/wp\/v2\/media?parent=142831"}],"wp:term":[{"taxonomy":"brand","embeddable":true,"href":"https:\/\/lediamant.ch\/de\/wp-json\/wp\/v2\/brand?post=142831"},{"taxonomy":"product_brand","embeddable":true,"href":"https:\/\/lediamant.ch\/de\/wp-json\/wp\/v2\/product_brand?post=142831"},{"taxonomy":"product_cat","embeddable":true,"href":"https:\/\/lediamant.ch\/de\/wp-json\/wp\/v2\/product_cat?post=142831"},{"taxonomy":"product_tag","embeddable":true,"href":"https:\/\/lediamant.ch\/de\/wp-json\/wp\/v2\/product_tag?post=142831"}],"curies":[{"name":"wp","href":"https:\/\/api.w.org\/{rel}","templated":true}]}}