{"id":143089,"date":"2020-06-05T17:23:18","date_gmt":"2020-06-05T15:23:18","guid":{"rendered":"https:\/\/lediamant.ch\/produit\/uhren-de\/aerowatch-de\/a1942-de\/aerowatch-1942-automatic-open-heart-silber-stahlband\/"},"modified":"2020-06-05T17:23:18","modified_gmt":"2020-06-05T15:23:18","slug":"aerowatch-1942-automatic-open-heart-silber-stahlband","status":"publish","type":"product","link":"https:\/\/lediamant.ch\/de\/uhren\/143089-aerowatch-1942-automatic-open-heart-silber-stahlband\/","title":{"rendered":"Aerowatch 1942 Automatic Open Heart Silber Stahlband"},"content":{"rendered":"<p class=\"h5 text-uppercase\">Geh\u00e4use<\/p>\n<p>Edelstahl Geh\u00e4use, Saphirglas<\/p>\n<p class=\"h5 text-uppercase\">Zifferblatt<\/p>\n<p>Wei\u00df-silber mit Sonnenschliff, r\u00f6mische Ziffern, \u00d6ffnung zum Herzen der Uhr bei 12 Uhr<\/p>\n<p class=\"h5 text-uppercase\">Uhrwerk<\/p>\n<p>Automatik 11 1\/2&#8220;&#8216; Sellita SW200, dekoriertes Uhrwerk mit &#8222;C\u00f4tes de Gen\u00e8ve&#8220; und gebl\u00e4uten Schrauben, 26 Rubine<\/p>\n<p class=\"h5 text-uppercase\">Armband<\/p>\n<p>Edelstahlband mit Faltschlie\u00dfe<\/p>\n","protected":false},"excerpt":{"rendered":"<p>Geh\u00e4use Edelstahl Geh\u00e4use, Saphirglas Zifferblatt Wei\u00df-silber mit Sonnenschliff, r\u00f6mische Ziffern, \u00d6ffnung zum Herzen der Uhr bei 12 Uhr Uhrwerk Automatik 11 1\/2&#8220;&#8216; Sellita SW200, dekoriertes Uhrwerk mit &#8222;C\u00f4tes de Gen\u00e8ve&#8220; und gebl\u00e4uten Schrauben, 26 Rubine Armband Edelstahlband mit Faltschlie\u00dfe<\/p>\n","protected":false},"featured_media":143084,"template":"","meta":{"_acf_changed":false,"_seopress_robots_primary_cat":"","_seopress_titles_title":"","_seopress_titles_desc":"","_seopress_robots_index":""},"brand":[27081],"product_brand":[],"product_cat":[27241,27167,27137,27123],"product_tag":[],"class_list":{"0":"post-143089","1":"product","2":"type-product","3":"status-publish","4":"has-post-thumbnail","6":"brand-aerowatch-de","7":"product_cat-1942-de","8":"product_cat-aerowatch-de","9":"product_cat-bracelet-ajustable-de","10":"product_cat-uhren","11":"pa_couleurduboitier-grau-de","12":"pa_couleurducadran-weiss","13":"pa_etancheite-50m-de","14":"pa_forme-runden","15":"pa_garantie-24monate","16":"pa_genre-mann","17":"pa_matiere-stahl","18":"pa_matierebraceletmontre-edelstahl","19":"pa_mouvement-automatik-de","20":"pa_swissmade-ja-de","21":"pa_verre-saphir-de","22":"sales-flash-overlay","23":"woocommerce-text-align-center","24":"woocommerce-image-align-center","25":"do-quantity-buttons","27":"first","28":"instock","29":"taxable","30":"shipping-taxable","31":"purchasable","32":"product-type-simple"},"acf":[],"_links":{"self":[{"href":"https:\/\/lediamant.ch\/de\/wp-json\/wp\/v2\/product\/143089","targetHints":{"allow":["GET"]}}],"collection":[{"href":"https:\/\/lediamant.ch\/de\/wp-json\/wp\/v2\/product"}],"about":[{"href":"https:\/\/lediamant.ch\/de\/wp-json\/wp\/v2\/types\/product"}],"wp:featuredmedia":[{"embeddable":true,"href":"https:\/\/lediamant.ch\/de\/wp-json\/wp\/v2\/media\/143084"}],"wp:attachment":[{"href":"https:\/\/lediamant.ch\/de\/wp-json\/wp\/v2\/media?parent=143089"}],"wp:term":[{"taxonomy":"brand","embeddable":true,"href":"https:\/\/lediamant.ch\/de\/wp-json\/wp\/v2\/brand?post=143089"},{"taxonomy":"product_brand","embeddable":true,"href":"https:\/\/lediamant.ch\/de\/wp-json\/wp\/v2\/product_brand?post=143089"},{"taxonomy":"product_cat","embeddable":true,"href":"https:\/\/lediamant.ch\/de\/wp-json\/wp\/v2\/product_cat?post=143089"},{"taxonomy":"product_tag","embeddable":true,"href":"https:\/\/lediamant.ch\/de\/wp-json\/wp\/v2\/product_tag?post=143089"}],"curies":[{"name":"wp","href":"https:\/\/api.w.org\/{rel}","templated":true}]}}