{"id":143095,"date":"2020-06-05T17:23:18","date_gmt":"2020-06-05T15:23:18","guid":{"rendered":"https:\/\/lediamant.ch\/produit\/uhren-de\/aerowatch-de\/a1942-de\/aerowatch-1942-automatic-open-heart-rose\/"},"modified":"2020-06-05T17:23:18","modified_gmt":"2020-06-05T15:23:18","slug":"aerowatch-1942-automatic-open-heart-rose","status":"publish","type":"product","link":"https:\/\/lediamant.ch\/de\/uhren\/143095-aerowatch-1942-automatic-open-heart-rose\/","title":{"rendered":"Aerowatch 1942 Automatic Open Heart Ros\u00e9"},"content":{"rendered":"<p class=\"h5 text-uppercase\">Geh\u00e4use<\/p>\n<p>Edelstahlgeh\u00e4use, Ros\u00e9gold PVD, Saphirglas<\/p>\n<p class=\"h5 text-uppercase\">Zifferblatt<\/p>\n<p>Wei\u00df-silber mit Sonnenschliff, r\u00f6mische Ziffern, \u00d6ffnung zum Herzen der Uhr bei 12 Uhr<\/p>\n<p class=\"h5 text-uppercase\">Uhrwerk<\/p>\n<p>Automatik 11 1\/2&#8220;&#8216; Sellita SW200, dekoriertes Uhrwerk mit &#8222;C\u00f4tes de Gen\u00e8ve&#8220; und gebl\u00e4uten Schrauben, 26 Rubine<\/p>\n<p class=\"h5 text-uppercase\">Armband<\/p>\n<p>Dunkelbraunes Leder, 21.00 mm, Dornschlie\u00dfe<\/p>\n","protected":false},"excerpt":{"rendered":"<p>Geh\u00e4use Edelstahlgeh\u00e4use, Ros\u00e9gold PVD, Saphirglas Zifferblatt Wei\u00df-silber mit Sonnenschliff, r\u00f6mische Ziffern, \u00d6ffnung zum Herzen der Uhr bei 12 Uhr Uhrwerk Automatik 11 1\/2&#8220;&#8216; Sellita SW200, dekoriertes Uhrwerk mit &#8222;C\u00f4tes de Gen\u00e8ve&#8220; und gebl\u00e4uten Schrauben, 26 Rubine Armband Dunkelbraunes Leder, 21.00 mm, Dornschlie\u00dfe<\/p>\n","protected":false},"featured_media":143091,"template":"","meta":{"_acf_changed":false,"_seopress_robots_primary_cat":"","_seopress_titles_title":"","_seopress_titles_desc":"","_seopress_robots_index":""},"brand":[27081],"product_brand":[],"product_cat":[27241,27167,27123],"product_tag":[],"class_list":{"0":"post-143095","1":"product","2":"type-product","3":"status-publish","4":"has-post-thumbnail","6":"brand-aerowatch-de","7":"product_cat-1942-de","8":"product_cat-aerowatch-de","9":"product_cat-uhren","10":"pa_couleurduboitier-pinkrosa-de","11":"pa_couleurdubracelet-braun-de","12":"pa_couleurducadran-weiss","13":"pa_etancheite-50m-de","14":"pa_forme-runden","15":"pa_garantie-24monate","16":"pa_genre-mann","17":"pa_matiere-rosegoldpvd","18":"pa_mouvement-automatik-de","19":"pa_swissmade-ja-de","20":"sales-flash-overlay","21":"woocommerce-text-align-center","22":"woocommerce-image-align-center","23":"do-quantity-buttons","25":"first","26":"outofstock","27":"taxable","28":"shipping-taxable","29":"purchasable","30":"product-type-simple"},"acf":[],"_links":{"self":[{"href":"https:\/\/lediamant.ch\/de\/wp-json\/wp\/v2\/product\/143095","targetHints":{"allow":["GET"]}}],"collection":[{"href":"https:\/\/lediamant.ch\/de\/wp-json\/wp\/v2\/product"}],"about":[{"href":"https:\/\/lediamant.ch\/de\/wp-json\/wp\/v2\/types\/product"}],"wp:featuredmedia":[{"embeddable":true,"href":"https:\/\/lediamant.ch\/de\/wp-json\/wp\/v2\/media\/143091"}],"wp:attachment":[{"href":"https:\/\/lediamant.ch\/de\/wp-json\/wp\/v2\/media?parent=143095"}],"wp:term":[{"taxonomy":"brand","embeddable":true,"href":"https:\/\/lediamant.ch\/de\/wp-json\/wp\/v2\/brand?post=143095"},{"taxonomy":"product_brand","embeddable":true,"href":"https:\/\/lediamant.ch\/de\/wp-json\/wp\/v2\/product_brand?post=143095"},{"taxonomy":"product_cat","embeddable":true,"href":"https:\/\/lediamant.ch\/de\/wp-json\/wp\/v2\/product_cat?post=143095"},{"taxonomy":"product_tag","embeddable":true,"href":"https:\/\/lediamant.ch\/de\/wp-json\/wp\/v2\/product_tag?post=143095"}],"curies":[{"name":"wp","href":"https:\/\/api.w.org\/{rel}","templated":true}]}}