{"id":143157,"date":"2020-06-05T17:23:43","date_gmt":"2020-06-05T15:23:43","guid":{"rendered":"https:\/\/lediamant.ch\/produit\/uhren-de\/aerowatch-de\/a1942-de\/aerowatch-1942-automatic-skeleton-rose\/"},"modified":"2023-12-06T15:46:57","modified_gmt":"2023-12-06T14:46:57","slug":"aerowatch-1942-automatic-skeleton-rose","status":"publish","type":"product","link":"https:\/\/lediamant.ch\/de\/uhren\/143157-aerowatch-1942-automatic-skeleton-rose\/","title":{"rendered":"Aerowatch 1942 Automatic Skeleton Rose"},"content":{"rendered":"<p class=\"h5 text-uppercase\">Geh\u00e4use<\/p>\n<p>Stahl mit PVD-Beschichtung Rotgold, Saphirglas, transparenter Boden<\/p>\n<p class=\"h5 text-uppercase\">Zifferblatt<\/p>\n<p>Wei\u00df-silberner, sonnenbeschienener Ring, 12 r\u00f6mische Ziffern<\/p>\n<p class=\"h5 text-uppercase\">Uhrwerck<\/p>\n<p>Automatisch 11 1\/2 Sellita SW200-1, ros\u00e9goldbeschichtetes Skelett, 26 Rubine. Stunden, Minuten und Sekunden.<\/p>\n<p class=\"h5 text-uppercase\">Armband<\/p>\n<p>Blaues Leder, 21.00 mm, Dornschlie\u00dfe<\/p>\n","protected":false},"excerpt":{"rendered":"<p>Geh\u00e4use Stahl mit PVD-Beschichtung Rotgold, Saphirglas, transparenter Boden Zifferblatt Wei\u00df-silberner, sonnenbeschienener Ring, 12 r\u00f6mische Ziffern Uhrwerck Automatisch 11 1\/2 Sellita SW200-1, ros\u00e9goldbeschichtetes Skelett, 26 Rubine. Stunden, Minuten und Sekunden. Armband Blaues Leder, 21.00 mm, Dornschlie\u00dfe<\/p>\n","protected":false},"featured_media":143153,"template":"","meta":{"_acf_changed":false,"_seopress_robots_primary_cat":"","_seopress_titles_title":"","_seopress_titles_desc":"","_seopress_robots_index":""},"brand":[27081],"product_brand":[],"product_cat":[27241,27167,27123],"product_tag":[],"class_list":{"0":"post-143157","1":"product","2":"type-product","3":"status-publish","4":"has-post-thumbnail","6":"brand-aerowatch-de","7":"product_cat-1942-de","8":"product_cat-aerowatch-de","9":"product_cat-uhren","10":"pa_couleurduboitier-pinkrosa-de","11":"pa_couleurdubracelet-blau-de","12":"pa_couleurducadran-weiss","13":"pa_etancheite-50m-de","14":"pa_forme-runden","15":"pa_garantie-24monate","16":"pa_genre-mann","17":"pa_matiere-rosegoldpvd","18":"pa_matierebraceletmontre-leder","19":"pa_mouvement-automatik-de","20":"pa_swissmade-ja-de","21":"pa_typedemontre-skelettuhren","22":"pa_verre-saphir-de","23":"sales-flash-overlay","24":"woocommerce-text-align-center","25":"woocommerce-image-align-center","26":"do-quantity-buttons","28":"first","29":"instock","30":"taxable","31":"shipping-taxable","32":"purchasable","33":"product-type-simple"},"acf":[],"_links":{"self":[{"href":"https:\/\/lediamant.ch\/de\/wp-json\/wp\/v2\/product\/143157","targetHints":{"allow":["GET"]}}],"collection":[{"href":"https:\/\/lediamant.ch\/de\/wp-json\/wp\/v2\/product"}],"about":[{"href":"https:\/\/lediamant.ch\/de\/wp-json\/wp\/v2\/types\/product"}],"wp:featuredmedia":[{"embeddable":true,"href":"https:\/\/lediamant.ch\/de\/wp-json\/wp\/v2\/media\/143153"}],"wp:attachment":[{"href":"https:\/\/lediamant.ch\/de\/wp-json\/wp\/v2\/media?parent=143157"}],"wp:term":[{"taxonomy":"brand","embeddable":true,"href":"https:\/\/lediamant.ch\/de\/wp-json\/wp\/v2\/brand?post=143157"},{"taxonomy":"product_brand","embeddable":true,"href":"https:\/\/lediamant.ch\/de\/wp-json\/wp\/v2\/product_brand?post=143157"},{"taxonomy":"product_cat","embeddable":true,"href":"https:\/\/lediamant.ch\/de\/wp-json\/wp\/v2\/product_cat?post=143157"},{"taxonomy":"product_tag","embeddable":true,"href":"https:\/\/lediamant.ch\/de\/wp-json\/wp\/v2\/product_tag?post=143157"}],"curies":[{"name":"wp","href":"https:\/\/api.w.org\/{rel}","templated":true}]}}