{"id":143163,"date":"2020-06-05T17:24:32","date_gmt":"2020-06-05T15:24:32","guid":{"rendered":"https:\/\/lediamant.ch\/produit\/uhren-de\/aerowatch-de\/a1942-de\/aerowatch-1942-lady-automatic-skeleton-leder-weiss\/"},"modified":"2025-08-20T15:57:23","modified_gmt":"2025-08-20T13:57:23","slug":"aerowatch-1942-lady-automatic-skeleton-leder-weiss","status":"publish","type":"product","link":"https:\/\/lediamant.ch\/de\/uhren\/143163-aerowatch-1942-lady-automatic-skeleton-leder-weiss\/","title":{"rendered":"Aerowatch 1942 Lady Automatic Skeleton Leder wei\u00df"},"content":{"rendered":"<p class=\"h5 text-uppercase\">Geh\u00e4use<\/p>\n<p>Edelstahlgeh\u00e4use, Ros\u00e9gold PVD, Saphirglas, Sichtboden<\/p>\n<p class=\"h5 text-uppercase\">Zifferblatt<\/p>\n<p>Wei\u00df-silber, guillochierter Ring, 3 Diamanten und Indexe<\/p>\n<p class=\"h5 text-uppercase\">Uhrwerk<\/p>\n<p>Automatik, 11\u00bd&#8220;&#8216; SELLITA SW200, 26 Rubine, Skelett, Stunden, Minuten und Sekunden<\/p>\n<p class=\"h5 text-uppercase\">Armband<\/p>\n<p>Wei\u00dfes Leder, 17.00 mm, Faltschlie\u00dfe<\/p>\n","protected":false},"excerpt":{"rendered":"<p>Geh\u00e4use Edelstahlgeh\u00e4use, Ros\u00e9gold PVD, Saphirglas, Sichtboden Zifferblatt Wei\u00df-silber, guillochierter Ring, 3 Diamanten und Indexe Uhrwerk Automatik, 11\u00bd&#8220;&#8216; SELLITA SW200, 26 Rubine, Skelett, Stunden, Minuten und Sekunden Armband Wei\u00dfes Leder, 17.00 mm, Faltschlie\u00dfe<\/p>\n","protected":false},"featured_media":219464,"template":"","meta":{"_acf_changed":false,"_seopress_robots_primary_cat":"27167","_seopress_titles_title":"%%post_title%%","_seopress_titles_desc":"Entdecken Sie die Exklusivit\u00e4t unserer Uhr mit Ros\u00e9gold PVD, Saphirglas und diamantbesetztem Zifferblatt. Automatikwerk und wei\u00dfes Lederarmband.","_seopress_robots_index":""},"brand":[27081],"product_brand":[],"product_cat":[27241,27167,27123],"product_tag":[],"class_list":{"0":"post-143163","1":"product","2":"type-product","3":"status-publish","4":"has-post-thumbnail","6":"brand-aerowatch-de","7":"product_cat-1942-de","8":"product_cat-aerowatch-de","9":"product_cat-uhren","10":"pa_garantie-24monate","11":"pa_verre-saphir-de","12":"sales-flash-overlay","13":"woocommerce-text-align-center","14":"woocommerce-image-align-center","15":"do-quantity-buttons","17":"first","18":"instock","19":"taxable","20":"shipping-taxable","21":"purchasable","22":"product-type-simple"},"acf":[],"_links":{"self":[{"href":"https:\/\/lediamant.ch\/de\/wp-json\/wp\/v2\/product\/143163","targetHints":{"allow":["GET"]}}],"collection":[{"href":"https:\/\/lediamant.ch\/de\/wp-json\/wp\/v2\/product"}],"about":[{"href":"https:\/\/lediamant.ch\/de\/wp-json\/wp\/v2\/types\/product"}],"wp:featuredmedia":[{"embeddable":true,"href":"https:\/\/lediamant.ch\/de\/wp-json\/wp\/v2\/media\/219464"}],"wp:attachment":[{"href":"https:\/\/lediamant.ch\/de\/wp-json\/wp\/v2\/media?parent=143163"}],"wp:term":[{"taxonomy":"brand","embeddable":true,"href":"https:\/\/lediamant.ch\/de\/wp-json\/wp\/v2\/brand?post=143163"},{"taxonomy":"product_brand","embeddable":true,"href":"https:\/\/lediamant.ch\/de\/wp-json\/wp\/v2\/product_brand?post=143163"},{"taxonomy":"product_cat","embeddable":true,"href":"https:\/\/lediamant.ch\/de\/wp-json\/wp\/v2\/product_cat?post=143163"},{"taxonomy":"product_tag","embeddable":true,"href":"https:\/\/lediamant.ch\/de\/wp-json\/wp\/v2\/product_tag?post=143163"}],"curies":[{"name":"wp","href":"https:\/\/api.w.org\/{rel}","templated":true}]}}