{"id":143185,"date":"2020-06-05T17:24:37","date_gmt":"2020-06-05T15:24:37","guid":{"rendered":"https:\/\/lediamant.ch\/produit\/uhren-de\/aerowatch-de\/a1942-de\/aerowatch-1942-lady-automatic-skeleton-stahlband\/"},"modified":"2025-08-20T16:01:56","modified_gmt":"2025-08-20T14:01:56","slug":"aerowatch-1942-lady-automatic-skeleton-stahlband","status":"publish","type":"product","link":"https:\/\/lediamant.ch\/de\/uhren\/143185-aerowatch-1942-lady-automatic-skeleton-stahlband-a-60960-aa18-m\/","title":{"rendered":"Aerowatch 1942 Lady Automatic Skeleton Stahlband"},"content":{"rendered":"<p class=\"h5 text-uppercase\">Geh\u00e4use<\/p>\n<p>Edelstahlgeh\u00e4use, Saphirglas, Sichtboden<\/p>\n<p class=\"h5 text-uppercase\">Zifferblatt<\/p>\n<p>Wei\u00df-silber, guillochierter Ring, 3 Diamanten und Indexe<\/p>\n<p class=\"h5 text-uppercase\">Uhrwerk<\/p>\n<p>Automatik, 11\u00bd&#8220;&#8216; SELLITA SW200, 26 Rubine, Skelett, Stunden, Minuten und Sekunden<\/p>\n<p class=\"h5 text-uppercase\">Armband<\/p>\n<p>Edelstahlband mit Faltschlie\u00dfe<\/p>\n","protected":false},"excerpt":{"rendered":"<p>Geh\u00e4use Edelstahlgeh\u00e4use, Saphirglas, Sichtboden Zifferblatt Wei\u00df-silber, guillochierter Ring, 3 Diamanten und Indexe Uhrwerk Automatik, 11\u00bd&#8220;&#8216; SELLITA SW200, 26 Rubine, Skelett, Stunden, Minuten und Sekunden Armband Edelstahlband mit Faltschlie\u00dfe<\/p>\n","protected":false},"featured_media":219466,"template":"","meta":{"_acf_changed":false,"_seopress_robots_primary_cat":"27167","_seopress_titles_title":"%%post_title%%","_seopress_titles_desc":"Elegante Automatikuhr mit Edelstahlgeh\u00e4use, Saphirglas und Diamanten. Entdecken Sie Pr\u00e4zision und Luxus auf einem neuen Niveau!","_seopress_robots_index":""},"brand":[27081],"product_brand":[],"product_cat":[27241,27167,27137,27123],"product_tag":[],"class_list":{"0":"post-143185","1":"product","2":"type-product","3":"status-publish","4":"has-post-thumbnail","6":"brand-aerowatch-de","7":"product_cat-1942-de","8":"product_cat-aerowatch-de","9":"product_cat-bracelet-ajustable-de","10":"product_cat-uhren","11":"pa_garantie-24monate","12":"pa_verre-saphir-de","13":"sales-flash-overlay","14":"woocommerce-text-align-center","15":"woocommerce-image-align-center","16":"do-quantity-buttons","18":"first","19":"instock","20":"taxable","21":"shipping-taxable","22":"purchasable","23":"product-type-simple"},"acf":[],"_links":{"self":[{"href":"https:\/\/lediamant.ch\/de\/wp-json\/wp\/v2\/product\/143185","targetHints":{"allow":["GET"]}}],"collection":[{"href":"https:\/\/lediamant.ch\/de\/wp-json\/wp\/v2\/product"}],"about":[{"href":"https:\/\/lediamant.ch\/de\/wp-json\/wp\/v2\/types\/product"}],"wp:featuredmedia":[{"embeddable":true,"href":"https:\/\/lediamant.ch\/de\/wp-json\/wp\/v2\/media\/219466"}],"wp:attachment":[{"href":"https:\/\/lediamant.ch\/de\/wp-json\/wp\/v2\/media?parent=143185"}],"wp:term":[{"taxonomy":"brand","embeddable":true,"href":"https:\/\/lediamant.ch\/de\/wp-json\/wp\/v2\/brand?post=143185"},{"taxonomy":"product_brand","embeddable":true,"href":"https:\/\/lediamant.ch\/de\/wp-json\/wp\/v2\/product_brand?post=143185"},{"taxonomy":"product_cat","embeddable":true,"href":"https:\/\/lediamant.ch\/de\/wp-json\/wp\/v2\/product_cat?post=143185"},{"taxonomy":"product_tag","embeddable":true,"href":"https:\/\/lediamant.ch\/de\/wp-json\/wp\/v2\/product_tag?post=143185"}],"curies":[{"name":"wp","href":"https:\/\/api.w.org\/{rel}","templated":true}]}}