{"id":143273,"date":"2020-06-08T14:02:56","date_gmt":"2020-06-08T12:02:56","guid":{"rendered":"https:\/\/lediamant.ch\/produit\/uhren-de\/aerowatch-de\/les-grandes-classiques-de\/aerowatch-les-grandes-classiques-skeleton-anniversary-edition\/"},"modified":"2025-05-02T18:32:31","modified_gmt":"2025-05-02T16:32:31","slug":"aerowatch-les-grandes-classiques-skeleton-anniversary-edition","status":"publish","type":"product","link":"https:\/\/lediamant.ch\/de\/uhren\/143273-aerowatch-les-grandes-classiques-skeleton-anniversary-edition\/","title":{"rendered":"Aerowatch Les Grandes Classiques Skeleton Anniversary Edition"},"content":{"rendered":"<p>Mit dem Modell Les Grandes Classiques Anniversaire Edition bietet Aerowatch einen skelettierten Chronographen an. Sein zeitgen\u00f6ssisches Design enth\u00fcllt innere Elemente, die eine sch\u00f6ne und einzigartige \u00c4sthetik bilden. <\/p>\n<p>Diese Uhr vereint Stil und Funktionalit\u00e4t. Die Stunden und Minuten werden durch moderne gebl\u00e4ute und wei\u00dfe Zeiger angezeigt, die im Dunkeln leuchten. Der Sekundenzeiger und die Zeiger des Stunden- und Minutenz\u00e4hlers sind rot, was dem Chrono einen sportlichen Look verleiht. Die Zeiger zeigen die Stunde, die Minuten und die Sekunden an.   <\/p>\n<p>Das Zifferblatt der Uhr ist sehr lebendig und dynamisch, aber es ist nicht zu sehr mit unn\u00f6tigen Details \u00fcberladen. Handwerker haben die Hunderte von Teilen, aus denen dieses Uhrwerk besteht, mit gro\u00dfer Sorgfalt gefertigt. <\/p>\n<p>Das satinierte und polierte Stahlgeh\u00e4use mit einem Durchmesser von 44 mm hat einen wohlproportionierten Hintergrund. Das satinierte Geh\u00e4use und die Dr\u00fccker zeigen, dass es sich um ein Qualit\u00e4tsmodell handelt. Die Krone f\u00fchlt sich angenehm an, wenn man sie aufzieht.  <\/p>\n<p>Das gew\u00f6lbte und entspiegelte Saphirglas hebt die gut ge\u00f6lte Mechanik hervor. Der Geh\u00e4useboden ist transparent, so dass man die gebl\u00e4uten Schrauben und das Dekor sehen kann. <\/p>\n<p>Aerowatch hat einen Klassiker geschaffen, der auch zuk\u00fcnftigen Generationen gefallen wird. Werte \u00e4ndern sich nicht. <\/p>\n","protected":false},"excerpt":{"rendered":"<p>Mit dem Modell Les Grandes Classiques Anniversaire Edition bietet Aerowatch einen skelettierten Chronographen an. Sein zeitgen\u00f6ssisches Design enth\u00fcllt innere Elemente, die eine sch\u00f6ne und einzigartige \u00c4sthetik bilden. Diese Uhr vereint Stil und Funktionalit\u00e4t. Die Stunden und Minuten werden durch moderne gebl\u00e4ute und wei\u00dfe Zeiger angezeigt, die im Dunkeln leuchten. Der Sekundenzeiger und die Zeiger des &#8230; <a title=\"Aerowatch Les Grandes Classiques Skeleton Anniversary Edition\" class=\"read-more\" href=\"https:\/\/lediamant.ch\/de\/uhren\/143273-aerowatch-les-grandes-classiques-skeleton-anniversary-edition\/\" aria-label=\"Mehr Informationen \u00fcber Aerowatch Les Grandes Classiques Skeleton Anniversary Edition\">Weiterlesen &#8230;<\/a><\/p>\n","protected":false},"featured_media":217552,"template":"","meta":{"_acf_changed":false,"_seopress_robots_primary_cat":"27166","_seopress_titles_title":"","_seopress_titles_desc":"","_seopress_robots_index":""},"brand":[27081],"product_brand":[],"product_cat":[27167,27289,27123],"product_tag":[],"class_list":{"0":"post-143273","1":"product","2":"type-product","3":"status-publish","4":"has-post-thumbnail","6":"brand-aerowatch-de","7":"product_cat-aerowatch-de","8":"product_cat-les-grandes-classiques-de","9":"product_cat-uhren","10":"pa_couleurduboitier-grau-de","11":"pa_couleurdubracelet-blau-de","12":"pa_couleurducadran-silber","13":"pa_etancheite-50m-de","14":"pa_forme-runden","15":"pa_garantie-24monate","16":"pa_genre-mann","17":"pa_matiere-stahl","18":"pa_matierebraceletmontre-leder","19":"pa_modele-de-mouvement-eta-valjoux-7750-de","20":"pa_mouvement-automatik-de","21":"pa_option-boitier-transparenter-hintergrund","22":"pa_swissmade-ja-de","23":"pa_typedemontre-chronograph-de","24":"pa_typedemontre-skelettuhren","25":"pa_verre-saphir-de","26":"sales-flash-overlay","27":"woocommerce-text-align-center","28":"woocommerce-image-align-center","29":"do-quantity-buttons","31":"first","32":"instock","33":"taxable","34":"shipping-taxable","35":"purchasable","36":"product-type-simple"},"acf":[],"_links":{"self":[{"href":"https:\/\/lediamant.ch\/de\/wp-json\/wp\/v2\/product\/143273","targetHints":{"allow":["GET"]}}],"collection":[{"href":"https:\/\/lediamant.ch\/de\/wp-json\/wp\/v2\/product"}],"about":[{"href":"https:\/\/lediamant.ch\/de\/wp-json\/wp\/v2\/types\/product"}],"wp:featuredmedia":[{"embeddable":true,"href":"https:\/\/lediamant.ch\/de\/wp-json\/wp\/v2\/media\/217552"}],"wp:attachment":[{"href":"https:\/\/lediamant.ch\/de\/wp-json\/wp\/v2\/media?parent=143273"}],"wp:term":[{"taxonomy":"brand","embeddable":true,"href":"https:\/\/lediamant.ch\/de\/wp-json\/wp\/v2\/brand?post=143273"},{"taxonomy":"product_brand","embeddable":true,"href":"https:\/\/lediamant.ch\/de\/wp-json\/wp\/v2\/product_brand?post=143273"},{"taxonomy":"product_cat","embeddable":true,"href":"https:\/\/lediamant.ch\/de\/wp-json\/wp\/v2\/product_cat?post=143273"},{"taxonomy":"product_tag","embeddable":true,"href":"https:\/\/lediamant.ch\/de\/wp-json\/wp\/v2\/product_tag?post=143273"}],"curies":[{"name":"wp","href":"https:\/\/api.w.org\/{rel}","templated":true}]}}