{"id":143320,"date":"2020-06-24T10:50:38","date_gmt":"2020-06-24T08:50:38","guid":{"rendered":"https:\/\/lediamant.ch\/produit\/schmuck-de\/ringe-de\/solitaer-ringe-de\/solitaer-ring-weissgold-75018-kt-diamant-010-ct-h-si-6-griff\/"},"modified":"2026-02-13T11:53:34","modified_gmt":"2026-02-13T10:53:34","slug":"solitaer-ring-weissgold-75018-kt-diamant-010-ct-h-si-6-griff","status":"publish","type":"product","link":"https:\/\/lediamant.ch\/de\/schmuck\/143320-solitaer-ring-weissgold-75018-kt-diamant-010-ct-h-si-6-griff-rso2052\/","title":{"rendered":"Solit\u00e4r Ring Wei\u00dfgold 750\/18 Kt., Diamant 0,10 ct. H SI, 6-Griff"},"content":{"rendered":"","protected":false},"excerpt":{"rendered":"","protected":false},"featured_media":143313,"template":"","meta":{"_acf_changed":false,"_seopress_robots_primary_cat":"27237","_seopress_titles_title":"","_seopress_titles_desc":"Entdecken Sie Eleganz pur mit unserem Solit\u00e4r Ring aus 750\/18 kt Wei\u00dfgold und Diamant. Ideal f\u00fcr besondere Anl\u00e4sse!","_seopress_robots_index":""},"brand":[27089],"product_brand":[],"product_cat":[42439,27139,27237,27127],"product_tag":[],"class_list":{"0":"post-143320","1":"product","2":"type-product","3":"status-publish","4":"has-post-thumbnail","6":"brand-gold-jewellery-de","7":"product_cat-6-griff","8":"product_cat-ringe","9":"product_cat-solitar-ringe","10":"product_cat-verlobungsringe","11":"pa_garantie-12monate","12":"pa_genre-frau","13":"pa_matiere-75018ktweissgold","14":"pa_pierres-diamant-de","15":"pa_tailledebague-48-de","16":"pa_tailledebague-50-de","17":"pa_tailledebague-52-de","18":"pa_tailledebague-54-de","19":"pa_tailledebague-56-de","20":"pa_typedesertissage-6_grifffassung-de","21":"sales-flash-overlay","22":"woocommerce-text-align-center","23":"woocommerce-image-align-center","24":"do-quantity-buttons","26":"first","27":"instock","28":"taxable","29":"shipping-taxable","30":"purchasable","31":"product-type-variable","32":"has-default-attributes"},"acf":[],"_links":{"self":[{"href":"https:\/\/lediamant.ch\/de\/wp-json\/wp\/v2\/product\/143320","targetHints":{"allow":["GET"]}}],"collection":[{"href":"https:\/\/lediamant.ch\/de\/wp-json\/wp\/v2\/product"}],"about":[{"href":"https:\/\/lediamant.ch\/de\/wp-json\/wp\/v2\/types\/product"}],"wp:featuredmedia":[{"embeddable":true,"href":"https:\/\/lediamant.ch\/de\/wp-json\/wp\/v2\/media\/143313"}],"wp:attachment":[{"href":"https:\/\/lediamant.ch\/de\/wp-json\/wp\/v2\/media?parent=143320"}],"wp:term":[{"taxonomy":"brand","embeddable":true,"href":"https:\/\/lediamant.ch\/de\/wp-json\/wp\/v2\/brand?post=143320"},{"taxonomy":"product_brand","embeddable":true,"href":"https:\/\/lediamant.ch\/de\/wp-json\/wp\/v2\/product_brand?post=143320"},{"taxonomy":"product_cat","embeddable":true,"href":"https:\/\/lediamant.ch\/de\/wp-json\/wp\/v2\/product_cat?post=143320"},{"taxonomy":"product_tag","embeddable":true,"href":"https:\/\/lediamant.ch\/de\/wp-json\/wp\/v2\/product_tag?post=143320"}],"curies":[{"name":"wp","href":"https:\/\/api.w.org\/{rel}","templated":true}]}}