{"id":143334,"date":"2020-06-24T11:05:03","date_gmt":"2020-06-24T09:05:03","guid":{"rendered":"https:\/\/lediamant.ch\/produit\/schmuck-de\/ringe-de\/solitaer-ringe-de\/solitaer-ring-weissgold-75018-kt-diamant-015-kt-h-s-6-griff\/"},"modified":"2026-02-13T11:59:08","modified_gmt":"2026-02-13T10:59:08","slug":"bague-solitaire-or-blanc-75018-ct-diamant-015-ct-h-si-6-griffes","status":"publish","type":"product","link":"https:\/\/lediamant.ch\/de\/schmuck\/143334-015-ct-diamant-solitarring-weissgold-750-18-kt-rso2053\/","title":{"rendered":"0,15 ct. Diamant Solit\u00e4rring Wei\u00dfgold 750\/18 kt."},"content":{"rendered":"<p>Entdecken Sie unseren Solit\u00e4rring aus 750\/18 Kt Wei\u00dfgold, ein zartes und elegantes Schmuckst\u00fcck, das Ihrer Sammlung einen Hauch von Raffinesse verleihen wird. Dieser Ring ist mit einem funkelnden Diamanten von 0,15 ct in der Qualit\u00e4t H SI verziert, der von 6 Krappen gehalten wird, die seine nat\u00fcrliche Brillanz hervorheben. Die Feinheit des 750\/18 kt Wei\u00dfgoldes verleiht diesem Ring einen au\u00dfergew\u00f6hnlichen Glanz und macht ihn perfekt f\u00fcr ein Geburtstagsgeschenk, einen Heiratsantrag oder einfach um sich selbst eine Freude zu machen. Eine klassische und zeitlose Wahl f\u00fcr jeden Anlass.<\/p>\n","protected":false},"excerpt":{"rendered":"<p>Entdecken Sie unseren Solit\u00e4rring aus 750\/18 Kt Wei\u00dfgold, ein zartes und elegantes Schmuckst\u00fcck, das Ihrer Sammlung einen Hauch von Raffinesse verleihen wird. Dieser Ring ist mit einem funkelnden Diamanten von 0,15 ct in der Qualit\u00e4t H SI verziert, der von 6 Krappen gehalten wird, die seine nat\u00fcrliche Brillanz hervorheben. Die Feinheit des 750\/18 kt Wei\u00dfgoldes &#8230; <a title=\"0,15 ct. Diamant Solit\u00e4rring Wei\u00dfgold 750\/18 kt.\" class=\"read-more\" href=\"https:\/\/lediamant.ch\/de\/schmuck\/143334-015-ct-diamant-solitarring-weissgold-750-18-kt-rso2053\/\" aria-label=\"Mehr Informationen \u00fcber 0,15 ct. Diamant Solit\u00e4rring Wei\u00dfgold 750\/18 kt.\">Weiterlesen &#8230;<\/a><\/p>\n","protected":false},"featured_media":143327,"template":"","meta":{"_acf_changed":false,"_seopress_robots_primary_cat":"27237","_seopress_titles_title":"%%post_title%% %%sep%% %%sitetitle%%.ch","_seopress_titles_desc":"Entdecken Sie zeitlose Eleganz mit unserem Solit\u00e4rring aus Wei\u00dfgold und einem Diamanten von 0,15 ct. Perfekt f\u00fcr jeden besonderen Anlass.","_seopress_robots_index":""},"brand":[41911],"product_brand":[],"product_cat":[42439,27139,27237,27127],"product_tag":[],"class_list":{"0":"post-143334","1":"product","2":"type-product","3":"status-publish","4":"has-post-thumbnail","6":"brand-diamonds-jewellery-de","7":"product_cat-6-griff","8":"product_cat-ringe","9":"product_cat-solitar-ringe","10":"product_cat-verlobungsringe","11":"pa_garantie-12monate","12":"pa_genre-frau","13":"pa_matiere-75018ktweissgold","14":"pa_pierres-diamant-de","15":"pa_tailledebague-48-de","16":"pa_tailledebague-50-de","17":"pa_tailledebague-52-de","18":"pa_tailledebague-54-de","19":"pa_tailledebague-56-de","20":"pa_typedesertissage-6_grifffassung-de","21":"sales-flash-overlay","22":"woocommerce-text-align-center","23":"woocommerce-image-align-center","24":"do-quantity-buttons","26":"first","27":"instock","28":"taxable","29":"shipping-taxable","30":"purchasable","31":"product-type-variable","32":"has-default-attributes"},"acf":[],"_links":{"self":[{"href":"https:\/\/lediamant.ch\/de\/wp-json\/wp\/v2\/product\/143334","targetHints":{"allow":["GET"]}}],"collection":[{"href":"https:\/\/lediamant.ch\/de\/wp-json\/wp\/v2\/product"}],"about":[{"href":"https:\/\/lediamant.ch\/de\/wp-json\/wp\/v2\/types\/product"}],"wp:featuredmedia":[{"embeddable":true,"href":"https:\/\/lediamant.ch\/de\/wp-json\/wp\/v2\/media\/143327"}],"wp:attachment":[{"href":"https:\/\/lediamant.ch\/de\/wp-json\/wp\/v2\/media?parent=143334"}],"wp:term":[{"taxonomy":"brand","embeddable":true,"href":"https:\/\/lediamant.ch\/de\/wp-json\/wp\/v2\/brand?post=143334"},{"taxonomy":"product_brand","embeddable":true,"href":"https:\/\/lediamant.ch\/de\/wp-json\/wp\/v2\/product_brand?post=143334"},{"taxonomy":"product_cat","embeddable":true,"href":"https:\/\/lediamant.ch\/de\/wp-json\/wp\/v2\/product_cat?post=143334"},{"taxonomy":"product_tag","embeddable":true,"href":"https:\/\/lediamant.ch\/de\/wp-json\/wp\/v2\/product_tag?post=143334"}],"curies":[{"name":"wp","href":"https:\/\/api.w.org\/{rel}","templated":true}]}}