{"id":143413,"date":"2023-10-08T15:35:06","date_gmt":"2023-10-08T13:35:06","guid":{"rendered":"https:\/\/lediamant.ch\/produit\/schmuck-de\/halsketten-de\/halsketten-aus-silber-de\/bubbles-giovanni-raspini-halskette-aus-925er-silber-laenge-46-cm\/"},"modified":"2025-10-08T18:29:28","modified_gmt":"2025-10-08T16:29:28","slug":"collier-giovanni-raspini-bubbles-en-argent-925-longueur-46-cm","status":"publish","type":"product","link":"https:\/\/lediamant.ch\/de\/schmuck\/143413-bubbles-giovanni-raspini-halskette-aus-925er-silber-laenge-46-cm\/","title":{"rendered":"Giovanni Raspini Bubbles Halskette 925 Silber 46 cm"},"content":{"rendered":"<p>Die Bubbles Halskette ist ein ikonisches Schmuckst\u00fcck, das den ganzen Charme des Wachsausschmelzverfahrens verk\u00f6rpert. Diese Kreation aus geschw\u00e4rztem Silber zeichnet sich durch die sich fortsetzenden Kugeln mit Hammerschlag-Effekt aus, die das Licht auf sehr ungew\u00f6hnliche Weise reflektieren. Ein Schmuckst\u00fcck, das in unserem Hause vollst\u00e4ndig von Hand gefertigt wird.<\/p>\n","protected":false},"excerpt":{"rendered":"<p>Die Bubbles Halskette ist ein ikonisches Schmuckst\u00fcck, das den ganzen Charme des Wachsausschmelzverfahrens verk\u00f6rpert. Diese Kreation aus geschw\u00e4rztem Silber zeichnet sich durch die sich fortsetzenden Kugeln mit Hammerschlag-Effekt aus, die das Licht auf sehr ungew\u00f6hnliche Weise reflektieren. Ein Schmuckst\u00fcck, das in unserem Hause vollst\u00e4ndig von Hand gefertigt wird.<\/p>\n","protected":false},"featured_media":196428,"template":"","meta":{"_acf_changed":false,"_seopress_robots_primary_cat":"27229","_seopress_titles_title":"%%post_title%%","_seopress_titles_desc":"Entdecken Sie die Bubbles Halskette, handgefertigt in geschw\u00e4rztem Silber mit einem faszinierenden Hammerschlag-Effekt.","_seopress_robots_index":""},"brand":[27111],"product_brand":[],"product_cat":[27179,27133,27121,27165,27229],"product_tag":[],"class_list":{"0":"post-143413","1":"product","2":"type-product","3":"status-publish","4":"has-post-thumbnail","6":"brand-silver-jewellery-de","7":"product_cat-colliers-de","8":"product_cat-sale","9":"product_cat-schmuck","10":"product_cat-schmuck-sale","11":"product_cat-silberne-halsketten","12":"pa_garantie-12monate","13":"pa_genre-frau","14":"pa_matiere-925silber","15":"sales-flash-overlay","16":"woocommerce-text-align-center","17":"woocommerce-image-align-center","18":"do-quantity-buttons","20":"first","21":"instock","22":"sale","23":"taxable","24":"shipping-taxable","25":"purchasable","26":"product-type-simple"},"acf":[],"_links":{"self":[{"href":"https:\/\/lediamant.ch\/de\/wp-json\/wp\/v2\/product\/143413","targetHints":{"allow":["GET"]}}],"collection":[{"href":"https:\/\/lediamant.ch\/de\/wp-json\/wp\/v2\/product"}],"about":[{"href":"https:\/\/lediamant.ch\/de\/wp-json\/wp\/v2\/types\/product"}],"wp:featuredmedia":[{"embeddable":true,"href":"https:\/\/lediamant.ch\/de\/wp-json\/wp\/v2\/media\/196428"}],"wp:attachment":[{"href":"https:\/\/lediamant.ch\/de\/wp-json\/wp\/v2\/media?parent=143413"}],"wp:term":[{"taxonomy":"brand","embeddable":true,"href":"https:\/\/lediamant.ch\/de\/wp-json\/wp\/v2\/brand?post=143413"},{"taxonomy":"product_brand","embeddable":true,"href":"https:\/\/lediamant.ch\/de\/wp-json\/wp\/v2\/product_brand?post=143413"},{"taxonomy":"product_cat","embeddable":true,"href":"https:\/\/lediamant.ch\/de\/wp-json\/wp\/v2\/product_cat?post=143413"},{"taxonomy":"product_tag","embeddable":true,"href":"https:\/\/lediamant.ch\/de\/wp-json\/wp\/v2\/product_tag?post=143413"}],"curies":[{"name":"wp","href":"https:\/\/api.w.org\/{rel}","templated":true}]}}