{"id":143465,"date":"2020-07-27T01:02:46","date_gmt":"2020-07-26T23:02:46","guid":{"rendered":"https:\/\/lediamant.ch\/produit\/uhren-de\/tissot-de\/tissot-touch-collection-de\/tissot-t-touch-connect-solar-de\/tissot-t-touch-connect-solar-3\/"},"modified":"2020-07-27T01:02:46","modified_gmt":"2020-07-26T23:02:46","slug":"tissot-t-touch-connect-solar-3","status":"publish","type":"product","link":"https:\/\/lediamant.ch\/de\/uhren\/143465-tissot-t-touch-connect-solar-3\/","title":{"rendered":"Tissot T-Touch Connect Solar"},"content":{"rendered":"<p style=\"margin:0px;padding:0px;color:#333333;font-family:Roboto, Helvetica, sans-serif;font-size:13px;background-color:#ffffff;\">Als Nachfolgerin der ersten taktilen Multifunktionsuhr der Geschichte ist die T-Touch Connect Solar ein Sinnbild der Philosophie von Tissot: Innovators by Tradition.<\/p>\n<\/p>\n<p style=\"margin:0px;padding:0px;color:#333333;font-family:Roboto, Helvetica, sans-serif;font-size:13px;background-color:#ffffff;\">Die T-Touch Connect Solar weist alle Grundfunktionen einer T-Touch Solar Expert auf: ewiger Kalender, Countdown, Chronometrie, Alarme, Wetterbericht und H\u00f6henmesser.\u00a0Es gibt auch einige neue Funktionen wie den Aktivit\u00e4tstracker und Benachrichtigungen zu Mitteilungen oder Anrufen. Die Informationen werden auf einem MIP (Memory in Pixel) Bildschirm angezeigt, der auch draussen perfekt ablesbar ist.<\/p>\n<\/p>\n<p style=\"margin:0px;padding:0px;color:#333333;font-family:Roboto, Helvetica, sans-serif;font-size:13px;background-color:#ffffff;\">Im Rahmen der Konzeption dieser Uhr wurden ganze 35 Patente angemeldet. Die Autonomie der T-Touch Connect Solar ist im nicht verbundenen Zustand quasi unbegrenzt. Im verbundenen Modus kann sie je nach Nutzung und Sonneneinstrahlung bis zu 6 Monate erreichen. Sie st\u00fctzt sich hierf\u00fcr auf modernste Solarzellen, um ihre Batterie frei und dauerhaft wieder aufzuladen.<\/p>\n<\/p>\n<p style=\"margin:0px;padding:0px;color:#333333;font-family:Roboto, Helvetica, sans-serif;font-size:13px;background-color:#ffffff;\">Die T-Touch Connect Solar setzt das Designabenteuer der T-Touch fort. Sie ist moderner, dynamischer und formvollendeter, sodass sie ihr Pedigree als technische Sportuhr f\u00fcr alle Gelegenheiten eindrucksvoll unter Beweis stellt. Sie ist aus satiniertem Titan, Titan mit schwarzer PVD-Beschichtung oder Titan mit ros\u00e9goldener PVD-Beschichtung erh\u00e4ltlich. Diese Geh\u00e4use k\u00f6nnen mit Armb\u00e4ndern aus Kautschuk oder Titan kombiniert werden.<\/p>\n<\/p>\n<p style=\"margin:0px;padding:0px;color:#333333;font-family:Roboto, Helvetica, sans-serif;font-size:13px;background-color:#ffffff;\"><strong style=\"margin:0px;padding:0px;\">Sonnenenergie<\/strong><\/p>\n<\/p>\n<p style=\"margin:0px;padding:0px;color:#333333;font-family:Roboto, Helvetica, sans-serif;font-size:13px;background-color:#ffffff;\">Tissot verwendet die gr\u00fcnste Energie, um die legend\u00e4re Kollektion T-Touch anzutreiben: Expert Solar und Connect Solar. Dank unter dem Zifferblatt der Uhr platzierter, kleiner Sonnenkollektoren wird das eingefangene Licht in einem Akku gespeichert. Normalerweise stammt die notwendige Energie zum Antrieb einer Quarzuhr von einer Batterie, doch hier kommt die Energie von nat\u00fcrlichem oder k\u00fcnstlichem Licht. Dank dieser nachhaltigen Technologie entwickelt Tissot Uhren mit einer Autonomie von mehreren Monaten, ohne dass sie je aufgeladen werden m\u00fcssen.<\/p>\n<\/p>\n<p style=\"margin:0px;padding:0px;color:#333333;font-family:Roboto, Helvetica, sans-serif;font-size:13px;background-color:#ffffff;\"><strong style=\"margin:0px;padding:0px;\">Taktile Technologie<\/strong><\/p>\n<\/p>\n<p style=\"margin:0px;padding:0px;color:#333333;font-family:Roboto, Helvetica, sans-serif;font-size:13px;background-color:#ffffff;\">Vor 20 Jahren entwickelte Tissot die erste taktile Uhr. Dieses Hightech-System erm\u00f6glicht die Ergonomie der Uhr und macht ihre Verwendung ebenso einzigartig wie intuitiv. Sie wartet mit zahlreichen Funktionen auf \u2013 Kompass, H\u00f6henmesser, Wetterbericht, Alarm, Chronograph \u2013 ohne mit vielen Dr\u00fcckern oder komplexen Untermen\u00fcs \u00fcberfrachtet zu sein.<\/p>\n<\/p>\n<p style=\"margin:0px;padding:0px;color:#333333;font-family:Roboto, Helvetica, sans-serif;font-size:13px;background-color:#ffffff;\">Alle elektronischen Komponenten der T-Touch Connect Solar haben einen niedrigen Verbrauch. Sie verf\u00fcgt \u00fcber Solarzellen der neuesten Generation, die langes, h\u00e4ufiges Laden per Kabel an einem Ort unn\u00f6tig machen.<\/p>\n","protected":false},"excerpt":{"rendered":"<p>Als Nachfolgerin der ersten taktilen Multifunktionsuhr der Geschichte ist die T-Touch Connect Solar ein Sinnbild der Philosophie von Tissot: Innovators by Tradition. Die T-Touch Connect Solar weist alle Grundfunktionen einer T-Touch Solar Expert auf: ewiger Kalender, Countdown, Chronometrie, Alarme, Wetterbericht und H\u00f6henmesser.\u00a0Es gibt auch einige neue Funktionen wie den Aktivit\u00e4tstracker und Benachrichtigungen zu Mitteilungen oder &#8230; <a title=\"Tissot T-Touch Connect Solar\" class=\"read-more\" href=\"https:\/\/lediamant.ch\/de\/uhren\/143465-tissot-t-touch-connect-solar-3\/\" aria-label=\"Mehr Informationen \u00fcber Tissot T-Touch Connect Solar\">Weiterlesen &#8230;<\/a><\/p>\n","protected":false},"featured_media":143456,"template":"","meta":{"_acf_changed":false,"_seopress_robots_primary_cat":"","_seopress_titles_title":"","_seopress_titles_desc":"","_seopress_robots_index":""},"brand":[27087],"product_brand":[],"product_cat":[27159,27271,27377,27123],"product_tag":[],"class_list":{"0":"post-143465","1":"product","2":"type-product","3":"status-publish","4":"has-post-thumbnail","6":"brand-tissot-de","7":"product_cat-tissot-de","8":"product_cat-tissot-t-touch-connect-solar","9":"product_cat-touch-uhren","10":"product_cat-uhren","11":"pa_couleurdubracelet-rot-de","12":"pa_couleurducadran-schwarz","13":"pa_dimensions-o-47-5-mm","14":"pa_etancheite-100m-de","15":"pa_forme-runden","16":"pa_garantie-24monate","17":"pa_genre-mann","18":"pa_matiere-titan","19":"pa_matierebraceletmontre-kautschuk","20":"pa_mouvement-quarzbatterie-de","21":"pa_mouvement-solar-de","22":"pa_swissmade-ja-de","23":"pa_typedemontre-touchuhren","24":"sales-flash-overlay","25":"woocommerce-text-align-center","26":"woocommerce-image-align-center","27":"do-quantity-buttons","29":"first","30":"instock","31":"taxable","32":"shipping-taxable","33":"purchasable","34":"product-type-simple"},"acf":[],"_links":{"self":[{"href":"https:\/\/lediamant.ch\/de\/wp-json\/wp\/v2\/product\/143465","targetHints":{"allow":["GET"]}}],"collection":[{"href":"https:\/\/lediamant.ch\/de\/wp-json\/wp\/v2\/product"}],"about":[{"href":"https:\/\/lediamant.ch\/de\/wp-json\/wp\/v2\/types\/product"}],"wp:featuredmedia":[{"embeddable":true,"href":"https:\/\/lediamant.ch\/de\/wp-json\/wp\/v2\/media\/143456"}],"wp:attachment":[{"href":"https:\/\/lediamant.ch\/de\/wp-json\/wp\/v2\/media?parent=143465"}],"wp:term":[{"taxonomy":"brand","embeddable":true,"href":"https:\/\/lediamant.ch\/de\/wp-json\/wp\/v2\/brand?post=143465"},{"taxonomy":"product_brand","embeddable":true,"href":"https:\/\/lediamant.ch\/de\/wp-json\/wp\/v2\/product_brand?post=143465"},{"taxonomy":"product_cat","embeddable":true,"href":"https:\/\/lediamant.ch\/de\/wp-json\/wp\/v2\/product_cat?post=143465"},{"taxonomy":"product_tag","embeddable":true,"href":"https:\/\/lediamant.ch\/de\/wp-json\/wp\/v2\/product_tag?post=143465"}],"curies":[{"name":"wp","href":"https:\/\/api.w.org\/{rel}","templated":true}]}}