{"id":144033,"date":"2020-09-17T12:06:48","date_gmt":"2020-09-17T10:06:48","guid":{"rendered":"https:\/\/lediamant.ch\/produit\/uhren-de\/hamilton-de\/ventura-de\/hamilton-ventura-s-quartz-34mm-x-38mm\/"},"modified":"2024-12-19T15:44:37","modified_gmt":"2024-12-19T14:44:37","slug":"hamilton-ventura-s-quartz-34mm-x-38mm","status":"publish","type":"product","link":"https:\/\/lediamant.ch\/de\/uhren\/144033-hamilton-ventura-s-quartz-34mm-x-38mm\/","title":{"rendered":"Hamilton Ventura S Quartz 34mm x 38mm"},"content":{"rendered":"<p><span style=\"color: #1c1c1c; font-family: Montserrat, sans-serif; font-size: 14px; background-color: #ffffff;\">Mehr als ein halbes Jahrhundert sp\u00e4ter hat sich die erste elektrische Uhr der Welt mit ihrem ikonischen dreieckigen Geh\u00e4use ihre futuristische \u00c4sthetik bewahrt. Die Ventura S Quartz mit einem 3D-Illusionsdesign auf einem schwarzen oder weissen Zifferblatt und mit einem dazu passenden Kautschukarmband erinnert uns daran, dass die Zukunft voller, nicht immer bereits einsehbarer M\u00f6glichkeiten ist.<\/span><\/p>\n","protected":false},"excerpt":{"rendered":"<p>Mehr als ein halbes Jahrhundert sp\u00e4ter hat sich die erste elektrische Uhr der Welt mit ihrem ikonischen dreieckigen Geh\u00e4use ihre futuristische \u00c4sthetik bewahrt. Die Ventura S Quartz mit einem 3D-Illusionsdesign auf einem schwarzen oder weissen Zifferblatt und mit einem dazu passenden Kautschukarmband erinnert uns daran, dass die Zukunft voller, nicht immer bereits einsehbarer M\u00f6glichkeiten ist.<\/p>\n","protected":false},"featured_media":144023,"template":"","meta":{"_acf_changed":false,"_seopress_robots_primary_cat":"27181","_seopress_titles_title":"%%post_title%%","_seopress_titles_desc":"Die Ventura S Quartz vereint futuristisches Design mit historischem Charme. Ein Meisterwerk zeitloser Eleganz mit 3D-Illusionszifferblatt.","_seopress_robots_index":""},"brand":[27085],"product_brand":[],"product_cat":[27181,27123,27323],"product_tag":[],"class_list":{"0":"post-144033","1":"product","2":"type-product","3":"status-publish","4":"has-post-thumbnail","6":"brand-hamilton-de","7":"product_cat-hamilton-de","8":"product_cat-uhren","9":"product_cat-ventura-de","10":"pa_couleurduboitier-grau-de","11":"pa_couleurdubracelet-weiss-de","12":"pa_couleurducadran-weiss","13":"pa_dimensions-345mm-x-38mm","14":"pa_etancheite-50m-de","15":"pa_forme-dreieck-de","16":"pa_garantie-24monate","17":"pa_genre-mann","18":"pa_matiere-stahl","19":"pa_matierebraceletmontre-kautschuk","20":"pa_mouvement-quarzbatterie-de","21":"pa_swissmade-ja-de","22":"sales-flash-overlay","23":"woocommerce-text-align-center","24":"woocommerce-image-align-center","25":"do-quantity-buttons","27":"first","28":"instock","29":"taxable","30":"shipping-taxable","31":"purchasable","32":"product-type-simple"},"acf":[],"_links":{"self":[{"href":"https:\/\/lediamant.ch\/de\/wp-json\/wp\/v2\/product\/144033","targetHints":{"allow":["GET"]}}],"collection":[{"href":"https:\/\/lediamant.ch\/de\/wp-json\/wp\/v2\/product"}],"about":[{"href":"https:\/\/lediamant.ch\/de\/wp-json\/wp\/v2\/types\/product"}],"wp:featuredmedia":[{"embeddable":true,"href":"https:\/\/lediamant.ch\/de\/wp-json\/wp\/v2\/media\/144023"}],"wp:attachment":[{"href":"https:\/\/lediamant.ch\/de\/wp-json\/wp\/v2\/media?parent=144033"}],"wp:term":[{"taxonomy":"brand","embeddable":true,"href":"https:\/\/lediamant.ch\/de\/wp-json\/wp\/v2\/brand?post=144033"},{"taxonomy":"product_brand","embeddable":true,"href":"https:\/\/lediamant.ch\/de\/wp-json\/wp\/v2\/product_brand?post=144033"},{"taxonomy":"product_cat","embeddable":true,"href":"https:\/\/lediamant.ch\/de\/wp-json\/wp\/v2\/product_cat?post=144033"},{"taxonomy":"product_tag","embeddable":true,"href":"https:\/\/lediamant.ch\/de\/wp-json\/wp\/v2\/product_tag?post=144033"}],"curies":[{"name":"wp","href":"https:\/\/api.w.org\/{rel}","templated":true}]}}