{"id":144059,"date":"2020-09-17T12:06:59","date_gmt":"2020-09-17T10:06:59","guid":{"rendered":"https:\/\/lediamant.ch\/produit\/uhren-de\/hamilton-de\/ventura-de\/hamilton-ventura-quartz-32mm-x-50mm\/"},"modified":"2024-12-19T15:42:28","modified_gmt":"2024-12-19T14:42:28","slug":"hamilton-ventura-quartz-32mm-x-50mm","status":"publish","type":"product","link":"https:\/\/lediamant.ch\/de\/uhren\/144059-hamilton-ventura-quartz-32mm-x-50mm\/","title":{"rendered":"Hamilton Ventura Quartz | 32mm x 50mm"},"content":{"rendered":"<p><span style=\"color: #1c1c1c; font-family: Montserrat, sans-serif; font-size: 14px; background-color: #ffffff;\">Der King of Rock &#8217;n&#8216; Roll war bekannt f\u00fcr die unglaubliche Flexibilit\u00e4t, die der Schl\u00fcssel zu seinen charakteristischen Tanzbewegungen war. Er verk\u00f6rperte den amerikanischen Geist und besa\u00df selbst eine originale Ventura Flex. Dies ist die Inspiration f\u00fcr die Ventura Flex, die das flexible Armband f\u00fcr die ultimative Hommage an das moderne Design der Mitte des 20. Jahrhunderts wiederbelebt.<\/span><\/p>\n","protected":false},"excerpt":{"rendered":"<p>Der King of Rock &#8217;n&#8216; Roll war bekannt f\u00fcr die unglaubliche Flexibilit\u00e4t, die der Schl\u00fcssel zu seinen charakteristischen Tanzbewegungen war. Er verk\u00f6rperte den amerikanischen Geist und besa\u00df selbst eine originale Ventura Flex. Dies ist die Inspiration f\u00fcr die Ventura Flex, die das flexible Armband f\u00fcr die ultimative Hommage an das moderne Design der Mitte des &#8230; <a title=\"Hamilton Ventura Quartz | 32mm x 50mm\" class=\"read-more\" href=\"https:\/\/lediamant.ch\/de\/uhren\/144059-hamilton-ventura-quartz-32mm-x-50mm\/\" aria-label=\"Mehr Informationen \u00fcber Hamilton Ventura Quartz | 32mm x 50mm\">Weiterlesen &#8230;<\/a><\/p>\n","protected":false},"featured_media":144049,"template":"","meta":{"_acf_changed":false,"_seopress_robots_primary_cat":"27181","_seopress_titles_title":"","_seopress_titles_desc":"","_seopress_robots_index":""},"brand":[27085],"product_brand":[],"product_cat":[27137,27181,27123,27323],"product_tag":[],"class_list":{"0":"post-144059","1":"product","2":"type-product","3":"status-publish","4":"has-post-thumbnail","6":"brand-hamilton-de","7":"product_cat-bracelet-ajustable-de","8":"product_cat-hamilton-de","9":"product_cat-uhren","10":"product_cat-ventura-de","11":"pa_couleurduboitier-gelb-de","12":"pa_couleurdubracelet-gelb-de","13":"pa_couleurducadran-schwarz","14":"pa_dimensions-32-3-x-50-3-mm","15":"pa_etancheite-50m-de","16":"pa_forme-dreieck-de","17":"pa_garantie-24monate","18":"pa_genre-mann","19":"pa_matiere-gelbgoldpvd","20":"pa_matierebraceletmontre-edelstahl","21":"pa_mouvement-quarzbatterie-de","22":"sales-flash-overlay","23":"woocommerce-text-align-center","24":"woocommerce-image-align-center","25":"do-quantity-buttons","27":"first","28":"instock","29":"taxable","30":"shipping-taxable","31":"purchasable","32":"product-type-simple"},"acf":[],"_links":{"self":[{"href":"https:\/\/lediamant.ch\/de\/wp-json\/wp\/v2\/product\/144059","targetHints":{"allow":["GET"]}}],"collection":[{"href":"https:\/\/lediamant.ch\/de\/wp-json\/wp\/v2\/product"}],"about":[{"href":"https:\/\/lediamant.ch\/de\/wp-json\/wp\/v2\/types\/product"}],"wp:featuredmedia":[{"embeddable":true,"href":"https:\/\/lediamant.ch\/de\/wp-json\/wp\/v2\/media\/144049"}],"wp:attachment":[{"href":"https:\/\/lediamant.ch\/de\/wp-json\/wp\/v2\/media?parent=144059"}],"wp:term":[{"taxonomy":"brand","embeddable":true,"href":"https:\/\/lediamant.ch\/de\/wp-json\/wp\/v2\/brand?post=144059"},{"taxonomy":"product_brand","embeddable":true,"href":"https:\/\/lediamant.ch\/de\/wp-json\/wp\/v2\/product_brand?post=144059"},{"taxonomy":"product_cat","embeddable":true,"href":"https:\/\/lediamant.ch\/de\/wp-json\/wp\/v2\/product_cat?post=144059"},{"taxonomy":"product_tag","embeddable":true,"href":"https:\/\/lediamant.ch\/de\/wp-json\/wp\/v2\/product_tag?post=144059"}],"curies":[{"name":"wp","href":"https:\/\/api.w.org\/{rel}","templated":true}]}}