{"id":144103,"date":"2020-09-17T12:06:59","date_gmt":"2020-09-17T10:06:59","guid":{"rendered":"https:\/\/lediamant.ch\/produit\/uhren-de\/hamilton-de\/ventura-de\/hamilton-ventura-quartz-32mm-x-50mm-5\/"},"modified":"2024-12-19T15:38:10","modified_gmt":"2024-12-19T14:38:10","slug":"hamilton-ventura-quartz-32mm-x-50mm-5","status":"publish","type":"product","link":"https:\/\/lediamant.ch\/de\/uhren\/144103-hamilton-ventura-quartz-32mm-x-50mm-5\/","title":{"rendered":"Hamilton Ventura Quartz 32mm x 50mm"},"content":{"rendered":"<p><span style=\"color: #1c1c1c; font-family: Montserrat, sans-serif; font-size: 14px; background-color: #ffffff;\">Der \u201eKing of Rock &#8217;n\u2018 Roll\u201c war f\u00fcr seine unglaubliche Beweglichkeit bekannt. Sie war die Voraussetzung f\u00fcr die Tanzschritte, f\u00fcr die er so ber\u00fchmt war. Er verk\u00f6rperte den \u201eAmerican Spirit\u201c und besa\u00df ebenfalls eine originale Ventura Flex. Dies ist die Inspiration hinter der Ventura Flex, die das elastische Armband f\u00fcr eine Hommage des 21. Jahrhunderts an das Mid-Century-Modern-Design aus der Mitte des 20. Jahrhunderts wieder aufleben l\u00e4sst.<\/span><\/p>\n","protected":false},"excerpt":{"rendered":"<p>Der \u201eKing of Rock &#8217;n\u2018 Roll\u201c war f\u00fcr seine unglaubliche Beweglichkeit bekannt. Sie war die Voraussetzung f\u00fcr die Tanzschritte, f\u00fcr die er so ber\u00fchmt war. Er verk\u00f6rperte den \u201eAmerican Spirit\u201c und besa\u00df ebenfalls eine originale Ventura Flex. Dies ist die Inspiration hinter der Ventura Flex, die das elastische Armband f\u00fcr eine Hommage des 21. Jahrhunderts &#8230; <a title=\"Hamilton Ventura Quartz 32mm x 50mm\" class=\"read-more\" href=\"https:\/\/lediamant.ch\/de\/uhren\/144103-hamilton-ventura-quartz-32mm-x-50mm-5\/\" aria-label=\"Mehr Informationen \u00fcber Hamilton Ventura Quartz 32mm x 50mm\">Weiterlesen &#8230;<\/a><\/p>\n","protected":false},"featured_media":144091,"template":"","meta":{"_acf_changed":false,"_seopress_robots_primary_cat":"27181","_seopress_titles_title":"%%post_title%%","_seopress_titles_desc":"Inspiriert vom King of Rock 'n' Roll, ehrt die Ventura Flex mit ihrem elastischen Armband das Mid-Century-Design. Perfekt f\u00fcr Fans des American Spirit!","_seopress_robots_index":""},"brand":[27085],"product_brand":[],"product_cat":[27137,27181,27123,27323],"product_tag":[],"class_list":{"0":"post-144103","1":"product","2":"type-product","3":"status-publish","4":"has-post-thumbnail","6":"brand-hamilton-de","7":"product_cat-bracelet-ajustable-de","8":"product_cat-hamilton-de","9":"product_cat-uhren","10":"product_cat-ventura-de","11":"pa_couleurduboitier-grau-de","12":"pa_couleurducadran-schwarz","13":"pa_dimensions-32-3-x-50-3-mm","14":"pa_etancheite-50m-de","15":"pa_forme-dreieck-de","16":"pa_garantie-24monate","17":"pa_genre-mann","18":"pa_matiere-stahl","19":"pa_matierebraceletmontre-edelstahl","20":"pa_mouvement-quarzbatterie-de","21":"pa_swissmade-ja-de","22":"sales-flash-overlay","23":"woocommerce-text-align-center","24":"woocommerce-image-align-center","25":"do-quantity-buttons","27":"first","28":"instock","29":"taxable","30":"shipping-taxable","31":"purchasable","32":"product-type-simple"},"acf":[],"_links":{"self":[{"href":"https:\/\/lediamant.ch\/de\/wp-json\/wp\/v2\/product\/144103","targetHints":{"allow":["GET"]}}],"collection":[{"href":"https:\/\/lediamant.ch\/de\/wp-json\/wp\/v2\/product"}],"about":[{"href":"https:\/\/lediamant.ch\/de\/wp-json\/wp\/v2\/types\/product"}],"wp:featuredmedia":[{"embeddable":true,"href":"https:\/\/lediamant.ch\/de\/wp-json\/wp\/v2\/media\/144091"}],"wp:attachment":[{"href":"https:\/\/lediamant.ch\/de\/wp-json\/wp\/v2\/media?parent=144103"}],"wp:term":[{"taxonomy":"brand","embeddable":true,"href":"https:\/\/lediamant.ch\/de\/wp-json\/wp\/v2\/brand?post=144103"},{"taxonomy":"product_brand","embeddable":true,"href":"https:\/\/lediamant.ch\/de\/wp-json\/wp\/v2\/product_brand?post=144103"},{"taxonomy":"product_cat","embeddable":true,"href":"https:\/\/lediamant.ch\/de\/wp-json\/wp\/v2\/product_cat?post=144103"},{"taxonomy":"product_tag","embeddable":true,"href":"https:\/\/lediamant.ch\/de\/wp-json\/wp\/v2\/product_tag?post=144103"}],"curies":[{"name":"wp","href":"https:\/\/api.w.org\/{rel}","templated":true}]}}