{"id":144245,"date":"2020-09-17T12:08:48","date_gmt":"2020-09-17T10:08:48","guid":{"rendered":"https:\/\/lediamant.ch\/produit\/uhren-de\/hamilton-de\/jazzmaster-de\/hamilton-jazzmaster-day-date-auto-automatik-40mm\/"},"modified":"2020-09-17T12:08:48","modified_gmt":"2020-09-17T10:08:48","slug":"hamilton-jazzmaster-day-date-auto-automatik-40mm","status":"publish","type":"product","link":"https:\/\/lediamant.ch\/de\/uhren\/144245-hamilton-jazzmaster-day-date-auto-automatik-40mm\/","title":{"rendered":"Hamilton Jazzmaster Day Date Auto Automatik | 40mm"},"content":{"rendered":"<p><span style=\"color:#1c1c1c;font-family:Montserrat, sans-serif;font-size:14px;background-color:#ffffff;\">Das exklusive H-40 Kaliber verk\u00f6rpert mit seiner 80-Stunden-Gangreserve ein klares Statement f\u00fcr zeitgen\u00f6ssische Handwerkskunst. Das optisch ansprechende moderne Geh\u00e4use und Armband-Design werden erg\u00e4nzt durch eine edle Verarbeitung.<\/span><\/p>\n","protected":false},"excerpt":{"rendered":"<p>Das exklusive H-40 Kaliber verk\u00f6rpert mit seiner 80-Stunden-Gangreserve ein klares Statement f\u00fcr zeitgen\u00f6ssische Handwerkskunst. Das optisch ansprechende moderne Geh\u00e4use und Armband-Design werden erg\u00e4nzt durch eine edle Verarbeitung.<\/p>\n","protected":false},"featured_media":144240,"template":"","meta":{"_acf_changed":false,"_seopress_robots_primary_cat":"","_seopress_titles_title":"","_seopress_titles_desc":"","_seopress_robots_index":""},"brand":[27085],"product_brand":[],"product_cat":[27137,27181,27243,27123],"product_tag":[],"class_list":{"0":"post-144245","1":"product","2":"type-product","3":"status-publish","4":"has-post-thumbnail","6":"brand-hamilton-de","7":"product_cat-bracelet-ajustable-de","8":"product_cat-hamilton-de","9":"product_cat-jazzmaster-de","10":"product_cat-uhren","11":"pa_couleurduboitier-grau-de","12":"pa_couleurducadran-schwarz","13":"pa_dimensions-o-40","14":"pa_etancheite-50m-de","15":"pa_forme-runden","16":"pa_garantie-24monate","17":"pa_genre-mann","18":"pa_matiere-stahl","19":"pa_matierebraceletmontre-edelstahl","20":"pa_mouvement-automatik-de","21":"pa_swissmade-ja-de","22":"sales-flash-overlay","23":"woocommerce-text-align-center","24":"woocommerce-image-align-center","25":"do-quantity-buttons","27":"first","28":"instock","29":"taxable","30":"shipping-taxable","31":"purchasable","32":"product-type-simple"},"acf":[],"_links":{"self":[{"href":"https:\/\/lediamant.ch\/de\/wp-json\/wp\/v2\/product\/144245","targetHints":{"allow":["GET"]}}],"collection":[{"href":"https:\/\/lediamant.ch\/de\/wp-json\/wp\/v2\/product"}],"about":[{"href":"https:\/\/lediamant.ch\/de\/wp-json\/wp\/v2\/types\/product"}],"wp:featuredmedia":[{"embeddable":true,"href":"https:\/\/lediamant.ch\/de\/wp-json\/wp\/v2\/media\/144240"}],"wp:attachment":[{"href":"https:\/\/lediamant.ch\/de\/wp-json\/wp\/v2\/media?parent=144245"}],"wp:term":[{"taxonomy":"brand","embeddable":true,"href":"https:\/\/lediamant.ch\/de\/wp-json\/wp\/v2\/brand?post=144245"},{"taxonomy":"product_brand","embeddable":true,"href":"https:\/\/lediamant.ch\/de\/wp-json\/wp\/v2\/product_brand?post=144245"},{"taxonomy":"product_cat","embeddable":true,"href":"https:\/\/lediamant.ch\/de\/wp-json\/wp\/v2\/product_cat?post=144245"},{"taxonomy":"product_tag","embeddable":true,"href":"https:\/\/lediamant.ch\/de\/wp-json\/wp\/v2\/product_tag?post=144245"}],"curies":[{"name":"wp","href":"https:\/\/api.w.org\/{rel}","templated":true}]}}