{"id":144263,"date":"2020-09-17T12:09:02","date_gmt":"2020-09-17T10:09:02","guid":{"rendered":"https:\/\/lediamant.ch\/produit\/uhren-de\/hamilton-de\/jazzmaster-de\/hamilton-jazzmaster-viewmatic-auto-automatik-40mm-5\/"},"modified":"2020-09-17T12:09:02","modified_gmt":"2020-09-17T10:09:02","slug":"hamilton-jazzmaster-viewmatic-auto-automatik-40mm-5","status":"publish","type":"product","link":"https:\/\/lediamant.ch\/de\/uhren\/144263-hamilton-jazzmaster-viewmatic-auto-automatik-40mm-5\/","title":{"rendered":"Hamilton Jazzmaster Viewmatic Auto Automatik | 40mm"},"content":{"rendered":"<p><span style=\"color:#1c1c1c;font-family:Montserrat, sans-serif;font-size:14px;background-color:#ffffff;\">Ein durchsichtiger Geh\u00e4useboden verleiht dem traditionellen Design der Jazzmaster Viewmatic eine g\u00e4nzlich neue Facette. Zeitgen\u00f6ssische Uhrmacherei und hochwertige Handwerkskunst finden in diesem raffinierten Zeitmesser die perfekte Balance<\/span><\/p>\n","protected":false},"excerpt":{"rendered":"<p>Ein durchsichtiger Geh\u00e4useboden verleiht dem traditionellen Design der Jazzmaster Viewmatic eine g\u00e4nzlich neue Facette. Zeitgen\u00f6ssische Uhrmacherei und hochwertige Handwerkskunst finden in diesem raffinierten Zeitmesser die perfekte Balance<\/p>\n","protected":false},"featured_media":144258,"template":"","meta":{"_acf_changed":false,"_seopress_robots_primary_cat":"","_seopress_titles_title":"","_seopress_titles_desc":"","_seopress_robots_index":""},"brand":[27085],"product_brand":[],"product_cat":[27137,27181,27243,27123],"product_tag":[],"class_list":{"0":"post-144263","1":"product","2":"type-product","3":"status-publish","4":"has-post-thumbnail","6":"brand-hamilton-de","7":"product_cat-bracelet-ajustable-de","8":"product_cat-hamilton-de","9":"product_cat-jazzmaster-de","10":"product_cat-uhren","11":"pa_couleurduboitier-grau-de","12":"pa_couleurducadran-blau","13":"pa_etancheite-50m-de","14":"pa_forme-runden","15":"pa_garantie-24monate","16":"pa_genre-mann","17":"pa_matiere-stahl","18":"pa_matierebraceletmontre-edelstahl","19":"pa_mouvement-automatik-de","20":"pa_swissmade-ja-de","21":"sales-flash-overlay","22":"woocommerce-text-align-center","23":"woocommerce-image-align-center","24":"do-quantity-buttons","26":"first","27":"instock","28":"taxable","29":"shipping-taxable","30":"purchasable","31":"product-type-simple"},"acf":[],"_links":{"self":[{"href":"https:\/\/lediamant.ch\/de\/wp-json\/wp\/v2\/product\/144263","targetHints":{"allow":["GET"]}}],"collection":[{"href":"https:\/\/lediamant.ch\/de\/wp-json\/wp\/v2\/product"}],"about":[{"href":"https:\/\/lediamant.ch\/de\/wp-json\/wp\/v2\/types\/product"}],"wp:featuredmedia":[{"embeddable":true,"href":"https:\/\/lediamant.ch\/de\/wp-json\/wp\/v2\/media\/144258"}],"wp:attachment":[{"href":"https:\/\/lediamant.ch\/de\/wp-json\/wp\/v2\/media?parent=144263"}],"wp:term":[{"taxonomy":"brand","embeddable":true,"href":"https:\/\/lediamant.ch\/de\/wp-json\/wp\/v2\/brand?post=144263"},{"taxonomy":"product_brand","embeddable":true,"href":"https:\/\/lediamant.ch\/de\/wp-json\/wp\/v2\/product_brand?post=144263"},{"taxonomy":"product_cat","embeddable":true,"href":"https:\/\/lediamant.ch\/de\/wp-json\/wp\/v2\/product_cat?post=144263"},{"taxonomy":"product_tag","embeddable":true,"href":"https:\/\/lediamant.ch\/de\/wp-json\/wp\/v2\/product_tag?post=144263"}],"curies":[{"name":"wp","href":"https:\/\/api.w.org\/{rel}","templated":true}]}}