{"id":144299,"date":"2020-09-17T12:10:58","date_gmt":"2020-09-17T10:10:58","guid":{"rendered":"https:\/\/lediamant.ch\/produit\/uhren-de\/hamilton-de\/jazzmaster-de\/hamilton-jazzmaster-open-heart-auto-automatik-42mm-15\/"},"modified":"2025-10-03T08:23:25","modified_gmt":"2025-10-03T06:23:25","slug":"hamilton-jazzmaster-open-heart-auto-automatique-42mm-15","status":"publish","type":"product","link":"https:\/\/lediamant.ch\/de\/uhren\/144299-hamilton-jazzmaster-open-heart-auto-automatik-42mm-15\/","title":{"rendered":"Hamilton Jazzmaster Open Heart Auto 42mm"},"content":{"rendered":"<p><span style=\"color: #1c1c1c; font-family: Montserrat, sans-serif; font-size: 14px; background-color: #ffffff;\">Die Jazzmaster Open Heart 42 mm ist das perfekte Gleichgewicht zwischen Tradition und Innovation. Ihr sorgf\u00e4ltig durchbrochenes Design enth\u00fcllt unser Schweizer Automatikwerk, das Sie auf den sch\u00f6nsten Abenteuern, die das Leben f\u00fcr Sie bereith\u00e4lt, begleitet. Eine gro\u00dfe Auswahl an Zifferblattkombinationen und Geh\u00e4usen aus hochwertigen Materialien spiegeln Ihre einzigartige Pers\u00f6nlichkeit wider und bringen das Beste von Hamilton zum Ausdruck.  <\/span><\/p>\n","protected":false},"excerpt":{"rendered":"<p>Die Jazzmaster Open Heart 42 mm ist das perfekte Gleichgewicht zwischen Tradition und Innovation. Ihr sorgf\u00e4ltig durchbrochenes Design enth\u00fcllt unser Schweizer Automatikwerk, das Sie auf den sch\u00f6nsten Abenteuern, die das Leben f\u00fcr Sie bereith\u00e4lt, begleitet. Eine gro\u00dfe Auswahl an Zifferblattkombinationen und Geh\u00e4usen aus hochwertigen Materialien spiegeln Ihre einzigartige Pers\u00f6nlichkeit wider und bringen das Beste von &#8230; <a title=\"Hamilton Jazzmaster Open Heart Auto 42mm\" class=\"read-more\" href=\"https:\/\/lediamant.ch\/de\/uhren\/144299-hamilton-jazzmaster-open-heart-auto-automatik-42mm-15\/\" aria-label=\"Mehr Informationen \u00fcber Hamilton Jazzmaster Open Heart Auto 42mm\">Weiterlesen &#8230;<\/a><\/p>\n","protected":false},"featured_media":144289,"template":"","meta":{"_acf_changed":false,"_seopress_robots_primary_cat":"27180","_seopress_titles_title":"%%post_title%%","_seopress_titles_desc":"Die Jazzmaster Open Heart ist die perfekte Balance zwischen Tradition und Innovation. Das durchbrochene Design und das Schweizer Uhrwerk sorgen f\u00fcr unvergessliche Abenteuer.","_seopress_robots_index":""},"brand":[27085],"product_brand":[],"product_cat":[27123,27181,27243],"product_tag":[],"class_list":{"0":"post-144299","1":"product","2":"type-product","3":"status-publish","4":"has-post-thumbnail","6":"brand-hamilton-de","7":"product_cat-uhren","8":"product_cat-hamilton-de","9":"product_cat-jazzmaster-de","10":"pa_couleurduboitier-grau-de","11":"pa_couleurdubracelet-beige-de","12":"pa_couleurducadran-blau","13":"pa_dimensions-o-42","14":"pa_etancheite-50m-de","15":"pa_forme-runden","16":"pa_garantie-24monate","17":"pa_genre-mann","18":"pa_matiere-stahl","19":"pa_matierebraceletmontre-leder","20":"pa_mouvement-automatik-de","21":"pa_swissmade-ja-de","22":"pa_typedemontre-skelettuhren","23":"sales-flash-overlay","24":"woocommerce-text-align-center","25":"woocommerce-image-align-center","26":"do-quantity-buttons","28":"first","29":"instock","30":"taxable","31":"shipping-taxable","32":"purchasable","33":"product-type-simple"},"acf":[],"_links":{"self":[{"href":"https:\/\/lediamant.ch\/de\/wp-json\/wp\/v2\/product\/144299","targetHints":{"allow":["GET"]}}],"collection":[{"href":"https:\/\/lediamant.ch\/de\/wp-json\/wp\/v2\/product"}],"about":[{"href":"https:\/\/lediamant.ch\/de\/wp-json\/wp\/v2\/types\/product"}],"wp:featuredmedia":[{"embeddable":true,"href":"https:\/\/lediamant.ch\/de\/wp-json\/wp\/v2\/media\/144289"}],"wp:attachment":[{"href":"https:\/\/lediamant.ch\/de\/wp-json\/wp\/v2\/media?parent=144299"}],"wp:term":[{"taxonomy":"brand","embeddable":true,"href":"https:\/\/lediamant.ch\/de\/wp-json\/wp\/v2\/brand?post=144299"},{"taxonomy":"product_brand","embeddable":true,"href":"https:\/\/lediamant.ch\/de\/wp-json\/wp\/v2\/product_brand?post=144299"},{"taxonomy":"product_cat","embeddable":true,"href":"https:\/\/lediamant.ch\/de\/wp-json\/wp\/v2\/product_cat?post=144299"},{"taxonomy":"product_tag","embeddable":true,"href":"https:\/\/lediamant.ch\/de\/wp-json\/wp\/v2\/product_tag?post=144299"}],"curies":[{"name":"wp","href":"https:\/\/api.w.org\/{rel}","templated":true}]}}