{"id":144433,"date":"2020-09-17T12:16:03","date_gmt":"2020-09-17T10:16:03","guid":{"rendered":"https:\/\/lediamant.ch\/produit\/uhren-de\/hamilton-de\/jazzmaster-de\/hamilton-jazzmaster-skeleton-auto-automatik-40mm-3\/"},"modified":"2026-04-10T16:27:35","modified_gmt":"2026-04-10T14:27:35","slug":"hamilton-jazzmaster-skeleton-auto-automatik-40mm-3","status":"publish","type":"product","link":"https:\/\/lediamant.ch\/de\/uhren\/144433-hamilton-jazzmaster-skeleton-auto-automatik-40mm-3\/","title":{"rendered":"Hamilton Jazzmaster Skeleton Auto 40mm"},"content":{"rendered":"<p><span style=\"color: #1c1c1c; font-family: Montserrat, sans-serif; font-size: 14px; background-color: #ffffff;\">Die Jazzmaster Skeleton steht f\u00fcr Pr\u00e4zision und Sch\u00f6nheit. Hamiltons k\u00fchnes Design ist in ein skelettiertes Zifferblatt integriert, das die hochtechnische Innenmechanik dieses faszinierenden und einzigartigen Zeitmessers offenbart.<\/span><\/p>\n","protected":false},"excerpt":{"rendered":"<p>Die Jazzmaster Skeleton steht f\u00fcr Pr\u00e4zision und Sch\u00f6nheit. Hamiltons k\u00fchnes Design ist in ein skelettiertes Zifferblatt integriert, das die hochtechnische Innenmechanik dieses faszinierenden und einzigartigen Zeitmessers offenbart.<\/p>\n","protected":false},"featured_media":144419,"template":"","meta":{"_acf_changed":false,"_seopress_robots_primary_cat":"27181","_seopress_titles_title":"","_seopress_titles_desc":"","_seopress_robots_index":""},"brand":[27085],"product_brand":[],"product_cat":[27181,27243,27133,27123,27141],"product_tag":[],"class_list":{"0":"post-144433","1":"product","2":"type-product","3":"status-publish","4":"has-post-thumbnail","6":"brand-hamilton-de","7":"product_cat-hamilton-de","8":"product_cat-jazzmaster-de","9":"product_cat-sale","10":"product_cat-uhren","11":"product_cat-uhren-sale","12":"pa_couleurduboitier-grau-de","13":"pa_couleurdubracelet-blau-de","14":"pa_couleurducadran-weiss","15":"pa_etancheite-50m-de","16":"pa_forme-runden","17":"pa_garantie-24monate","18":"pa_genre-mann","19":"pa_matiere-stahl","20":"pa_matierebraceletmontre-leder","21":"pa_mouvement-automatik-de","22":"pa_swissmade-ja-de","23":"pa_typedemontre-skelettuhren","24":"sales-flash-overlay","25":"woocommerce-text-align-center","26":"woocommerce-image-align-center","27":"do-quantity-buttons","29":"first","30":"instock","31":"sale","32":"taxable","33":"shipping-taxable","34":"purchasable","35":"product-type-simple"},"acf":[],"_links":{"self":[{"href":"https:\/\/lediamant.ch\/de\/wp-json\/wp\/v2\/product\/144433","targetHints":{"allow":["GET"]}}],"collection":[{"href":"https:\/\/lediamant.ch\/de\/wp-json\/wp\/v2\/product"}],"about":[{"href":"https:\/\/lediamant.ch\/de\/wp-json\/wp\/v2\/types\/product"}],"wp:featuredmedia":[{"embeddable":true,"href":"https:\/\/lediamant.ch\/de\/wp-json\/wp\/v2\/media\/144419"}],"wp:attachment":[{"href":"https:\/\/lediamant.ch\/de\/wp-json\/wp\/v2\/media?parent=144433"}],"wp:term":[{"taxonomy":"brand","embeddable":true,"href":"https:\/\/lediamant.ch\/de\/wp-json\/wp\/v2\/brand?post=144433"},{"taxonomy":"product_brand","embeddable":true,"href":"https:\/\/lediamant.ch\/de\/wp-json\/wp\/v2\/product_brand?post=144433"},{"taxonomy":"product_cat","embeddable":true,"href":"https:\/\/lediamant.ch\/de\/wp-json\/wp\/v2\/product_cat?post=144433"},{"taxonomy":"product_tag","embeddable":true,"href":"https:\/\/lediamant.ch\/de\/wp-json\/wp\/v2\/product_tag?post=144433"}],"curies":[{"name":"wp","href":"https:\/\/api.w.org\/{rel}","templated":true}]}}