{"id":144501,"date":"2020-09-17T12:17:49","date_gmt":"2020-09-17T10:17:49","guid":{"rendered":"https:\/\/lediamant.ch\/produit\/uhren-de\/hamilton-de\/khaki-field-de\/hamilton-khaki-field-king-automatik-40mm-3\/"},"modified":"2020-09-17T12:17:49","modified_gmt":"2020-09-17T10:17:49","slug":"hamilton-khaki-field-king-automatik-40mm-3","status":"publish","type":"product","link":"https:\/\/lediamant.ch\/de\/uhren\/144501-hamilton-khaki-field-king-automatik-40mm-3\/","title":{"rendered":"Hamilton Khaki Field King Automatik | 40mm"},"content":{"rendered":"<p><span style=\"color:#1c1c1c;font-family:Montserrat, sans-serif;font-size:14px;background-color:#ffffff;\">Unsere Milit\u00e4ruhren greifen auf Hamiltons Know-how zur\u00fcck und sind deshalb besonders robust und widerstandsf\u00e4hig. Die Khaki Field King Auto ist mit ihrem schwarzen Geh\u00e4use mit PVD-Beschichtung, dem ebenso schwarzen Zifferblatt und Lederarmband perfekt geeignet f\u00fcr Geheimagenten und andere Helden der Nacht.<\/span><\/p>\n","protected":false},"excerpt":{"rendered":"<p>Unsere Milit\u00e4ruhren greifen auf Hamiltons Know-how zur\u00fcck und sind deshalb besonders robust und widerstandsf\u00e4hig. Die Khaki Field King Auto ist mit ihrem schwarzen Geh\u00e4use mit PVD-Beschichtung, dem ebenso schwarzen Zifferblatt und Lederarmband perfekt geeignet f\u00fcr Geheimagenten und andere Helden der Nacht.<\/p>\n","protected":false},"featured_media":144482,"template":"","meta":{"_acf_changed":false,"_seopress_robots_primary_cat":"","_seopress_titles_title":"","_seopress_titles_desc":"","_seopress_robots_index":""},"brand":[27085],"product_brand":[],"product_cat":[27181,27291,27123],"product_tag":[],"class_list":{"0":"post-144501","1":"product","2":"type-product","3":"status-publish","4":"has-post-thumbnail","6":"brand-hamilton-de","7":"product_cat-hamilton-de","8":"product_cat-khaki-field-de","9":"product_cat-uhren","10":"pa_couleurduboitier-schwarz-de","11":"pa_couleurdubracelet-schwarz-de","12":"pa_couleurducadran-schwarz","13":"pa_etancheite-50m-de","14":"pa_forme-runden","15":"pa_garantie-24monate","16":"pa_genre-mann","17":"pa_matiere-schwarzespvd","18":"pa_matierebraceletmontre-leder","19":"pa_mouvement-automatik-de","20":"sales-flash-overlay","21":"woocommerce-text-align-center","22":"woocommerce-image-align-center","23":"do-quantity-buttons","25":"first","26":"instock","27":"taxable","28":"shipping-taxable","29":"purchasable","30":"product-type-simple"},"acf":[],"_links":{"self":[{"href":"https:\/\/lediamant.ch\/de\/wp-json\/wp\/v2\/product\/144501","targetHints":{"allow":["GET"]}}],"collection":[{"href":"https:\/\/lediamant.ch\/de\/wp-json\/wp\/v2\/product"}],"about":[{"href":"https:\/\/lediamant.ch\/de\/wp-json\/wp\/v2\/types\/product"}],"wp:featuredmedia":[{"embeddable":true,"href":"https:\/\/lediamant.ch\/de\/wp-json\/wp\/v2\/media\/144482"}],"wp:attachment":[{"href":"https:\/\/lediamant.ch\/de\/wp-json\/wp\/v2\/media?parent=144501"}],"wp:term":[{"taxonomy":"brand","embeddable":true,"href":"https:\/\/lediamant.ch\/de\/wp-json\/wp\/v2\/brand?post=144501"},{"taxonomy":"product_brand","embeddable":true,"href":"https:\/\/lediamant.ch\/de\/wp-json\/wp\/v2\/product_brand?post=144501"},{"taxonomy":"product_cat","embeddable":true,"href":"https:\/\/lediamant.ch\/de\/wp-json\/wp\/v2\/product_cat?post=144501"},{"taxonomy":"product_tag","embeddable":true,"href":"https:\/\/lediamant.ch\/de\/wp-json\/wp\/v2\/product_tag?post=144501"}],"curies":[{"name":"wp","href":"https:\/\/api.w.org\/{rel}","templated":true}]}}