{"id":144615,"date":"2020-09-17T12:21:53","date_gmt":"2020-09-17T10:21:53","guid":{"rendered":"https:\/\/lediamant.ch\/produit\/uhren-de\/hamilton-de\/khaki-aviation-de\/hamilton-khaki-aviation-converter-auto-automatik-42mm-4\/"},"modified":"2020-09-17T12:21:53","modified_gmt":"2020-09-17T10:21:53","slug":"hamilton-khaki-aviation-converter-auto-automatik-42mm-4","status":"publish","type":"product","link":"https:\/\/lediamant.ch\/de\/uhren\/144615-hamilton-khaki-aviation-converter-auto-automatik-42mm-4\/","title":{"rendered":"Hamilton Khaki Aviation Converter Auto Automatik | 42mm"},"content":{"rendered":"<p><span style=\"color:#1c1c1c;font-family:Montserrat, sans-serif;font-size:14px;background-color:#ffffff;\">Bei der Khaki Aviation Converter trifft fortschrittliche Technologie auf edlen Stil. Eine beidseitig drehbare Rechenschieber-L\u00fcnette f\u00fchrt wichtige Berechnungen und Umrechnungen durch, und das fortschrittliche neue Material f\u00fcr Spiralfedern, Nivachron TM, garantiert Pr\u00e4zision in jeder Umgebung. Unter dem schlanken schwarzen Zifferblatt mit 42mm Durchmesser arbeitet das Automatikwerk H-10 mit 80 Stunden Gangreserve - eine perfekte Kombination f\u00fcr moderne Piloten oder urbane Jetsetter.<\/span><\/p>\n","protected":false},"excerpt":{"rendered":"<p>Bei der Khaki Aviation Converter trifft fortschrittliche Technologie auf edlen Stil. Eine beidseitig drehbare Rechenschieber-L\u00fcnette f\u00fchrt wichtige Berechnungen und Umrechnungen durch, und das fortschrittliche neue Material f\u00fcr Spiralfedern, Nivachron TM, garantiert Pr\u00e4zision in jeder Umgebung. Unter dem schlanken schwarzen Zifferblatt mit 42mm Durchmesser arbeitet das Automatikwerk H-10 mit 80 Stunden Gangreserve - eine perfekte Kombination &#8230; <a title=\"Hamilton Khaki Aviation Converter Auto Automatik | 42mm\" class=\"read-more\" href=\"https:\/\/lediamant.ch\/de\/uhren\/144615-hamilton-khaki-aviation-converter-auto-automatik-42mm-4\/\" aria-label=\"Mehr Informationen \u00fcber Hamilton Khaki Aviation Converter Auto Automatik | 42mm\">Weiterlesen &#8230;<\/a><\/p>\n","protected":false},"featured_media":144600,"template":"","meta":{"_acf_changed":false,"_seopress_robots_primary_cat":"","_seopress_titles_title":"","_seopress_titles_desc":"","_seopress_robots_index":""},"brand":[27085],"product_brand":[],"product_cat":[27181,27269,27123],"product_tag":[],"class_list":{"0":"post-144615","1":"product","2":"type-product","3":"status-publish","4":"has-post-thumbnail","6":"brand-hamilton-de","7":"product_cat-hamilton-de","8":"product_cat-khaki-aviation-de","9":"product_cat-uhren","10":"pa_couleurduboitier-schwarz-de","11":"pa_couleurdubracelet-schwarz-de","12":"pa_couleurducadran-schwarz","13":"pa_etancheite-100m-de","14":"pa_forme-runden","15":"pa_garantie-24monate","16":"pa_genre-mann","17":"pa_matiere-schwarzespvd","18":"pa_matierebraceletmontre-leder","19":"pa_mouvement-automatik-de","20":"pa_swissmade-ja-de","21":"pa_typedemontre-fliegeruhren","22":"sales-flash-overlay","23":"woocommerce-text-align-center","24":"woocommerce-image-align-center","25":"do-quantity-buttons","27":"first","28":"instock","29":"taxable","30":"shipping-taxable","31":"purchasable","32":"product-type-simple"},"acf":[],"_links":{"self":[{"href":"https:\/\/lediamant.ch\/de\/wp-json\/wp\/v2\/product\/144615","targetHints":{"allow":["GET"]}}],"collection":[{"href":"https:\/\/lediamant.ch\/de\/wp-json\/wp\/v2\/product"}],"about":[{"href":"https:\/\/lediamant.ch\/de\/wp-json\/wp\/v2\/types\/product"}],"wp:featuredmedia":[{"embeddable":true,"href":"https:\/\/lediamant.ch\/de\/wp-json\/wp\/v2\/media\/144600"}],"wp:attachment":[{"href":"https:\/\/lediamant.ch\/de\/wp-json\/wp\/v2\/media?parent=144615"}],"wp:term":[{"taxonomy":"brand","embeddable":true,"href":"https:\/\/lediamant.ch\/de\/wp-json\/wp\/v2\/brand?post=144615"},{"taxonomy":"product_brand","embeddable":true,"href":"https:\/\/lediamant.ch\/de\/wp-json\/wp\/v2\/product_brand?post=144615"},{"taxonomy":"product_cat","embeddable":true,"href":"https:\/\/lediamant.ch\/de\/wp-json\/wp\/v2\/product_cat?post=144615"},{"taxonomy":"product_tag","embeddable":true,"href":"https:\/\/lediamant.ch\/de\/wp-json\/wp\/v2\/product_tag?post=144615"}],"curies":[{"name":"wp","href":"https:\/\/api.w.org\/{rel}","templated":true}]}}