{"id":144669,"date":"2020-09-17T12:22:55","date_gmt":"2020-09-17T10:22:55","guid":{"rendered":"https:\/\/lediamant.ch\/produit\/uhren-de\/hamilton-de\/khaki-aviation-de\/hamilton-khaki-aviation-converter-chrono-automatik-44mm\/"},"modified":"2020-09-17T12:22:55","modified_gmt":"2020-09-17T10:22:55","slug":"hamilton-khaki-aviation-converter-chrono-automatik-44mm","status":"publish","type":"product","link":"https:\/\/lediamant.ch\/de\/uhren\/144669-hamilton-khaki-aviation-converter-chrono-automatik-44mm\/","title":{"rendered":"Hamilton Khaki Aviation Converter Chrono Automatik | 44mm"},"content":{"rendered":"<p><span style=\"color:#1c1c1c;font-family:Montserrat, sans-serif;font-size:14px;background-color:#ffffff;\">Fortschrittliche Technologie f\u00fcr den anspruchsvollen Piloten. Berechnen Sie wichtige Umrechnungen und Metriken mit nur einem Blick auf die beidseitig drehbare Rechenschieber-L\u00fcnette der Khaki Aviation Converter Auto Chrono. Dieses leistungsstarke Tool erm\u00f6glicht Umrechnungen wie von Fu\u00df in Meter oder Meilen in Kilometer oder auch zwischen W\u00e4hrungen. Ber\u00fccksichtigt man dann noch, dass das H-21-Si Automatikchronographenwerk mit einer hochwertigen, amagnetischen Spiralfeder aus Silizium ausgestattet ist, hat diese stilvolle Fliegeruhr mit 44mm Durchmesser wirklich alles, was Sie bei Ihrem n\u00e4chsten Abenteuer in den L\u00fcften brauchen.<\/span><\/p>\n","protected":false},"excerpt":{"rendered":"<p>Fortschrittliche Technologie f\u00fcr den anspruchsvollen Piloten. Berechnen Sie wichtige Umrechnungen und Metriken mit nur einem Blick auf die beidseitig drehbare Rechenschieber-L\u00fcnette der Khaki Aviation Converter Auto Chrono. Dieses leistungsstarke Tool erm\u00f6glicht Umrechnungen wie von Fu\u00df in Meter oder Meilen in Kilometer oder auch zwischen W\u00e4hrungen. Ber\u00fccksichtigt man dann noch, dass das H-21-Si Automatikchronographenwerk mit einer &#8230; <a title=\"Hamilton Khaki Aviation Converter Chrono Automatik | 44mm\" class=\"read-more\" href=\"https:\/\/lediamant.ch\/de\/uhren\/144669-hamilton-khaki-aviation-converter-chrono-automatik-44mm\/\" aria-label=\"Mehr Informationen \u00fcber Hamilton Khaki Aviation Converter Chrono Automatik | 44mm\">Weiterlesen &#8230;<\/a><\/p>\n","protected":false},"featured_media":144656,"template":"","meta":{"_acf_changed":false,"_seopress_robots_primary_cat":"","_seopress_titles_title":"","_seopress_titles_desc":"","_seopress_robots_index":""},"brand":[27085],"product_brand":[],"product_cat":[27181,27269,27123],"product_tag":[],"class_list":{"0":"post-144669","1":"product","2":"type-product","3":"status-publish","4":"has-post-thumbnail","6":"brand-hamilton-de","7":"product_cat-hamilton-de","8":"product_cat-khaki-aviation-de","9":"product_cat-uhren","10":"pa_couleurduboitier-schwarz-de","11":"pa_couleurdubracelet-schwarz-de","12":"pa_couleurducadran-schwarz","13":"pa_etancheite-100m-de","14":"pa_forme-runden","15":"pa_garantie-24monate","16":"pa_genre-mann","17":"pa_matiere-schwarzespvd","18":"pa_matierebraceletmontre-leder","19":"pa_mouvement-automatik-de","20":"pa_swissmade-ja-de","21":"pa_typedemontre-chronograph-de","22":"pa_typedemontre-fliegeruhren","23":"sales-flash-overlay","24":"woocommerce-text-align-center","25":"woocommerce-image-align-center","26":"do-quantity-buttons","28":"first","29":"instock","30":"taxable","31":"shipping-taxable","32":"purchasable","33":"product-type-simple"},"acf":[],"_links":{"self":[{"href":"https:\/\/lediamant.ch\/de\/wp-json\/wp\/v2\/product\/144669","targetHints":{"allow":["GET"]}}],"collection":[{"href":"https:\/\/lediamant.ch\/de\/wp-json\/wp\/v2\/product"}],"about":[{"href":"https:\/\/lediamant.ch\/de\/wp-json\/wp\/v2\/types\/product"}],"wp:featuredmedia":[{"embeddable":true,"href":"https:\/\/lediamant.ch\/de\/wp-json\/wp\/v2\/media\/144656"}],"wp:attachment":[{"href":"https:\/\/lediamant.ch\/de\/wp-json\/wp\/v2\/media?parent=144669"}],"wp:term":[{"taxonomy":"brand","embeddable":true,"href":"https:\/\/lediamant.ch\/de\/wp-json\/wp\/v2\/brand?post=144669"},{"taxonomy":"product_brand","embeddable":true,"href":"https:\/\/lediamant.ch\/de\/wp-json\/wp\/v2\/product_brand?post=144669"},{"taxonomy":"product_cat","embeddable":true,"href":"https:\/\/lediamant.ch\/de\/wp-json\/wp\/v2\/product_cat?post=144669"},{"taxonomy":"product_tag","embeddable":true,"href":"https:\/\/lediamant.ch\/de\/wp-json\/wp\/v2\/product_tag?post=144669"}],"curies":[{"name":"wp","href":"https:\/\/api.w.org\/{rel}","templated":true}]}}