{"id":144697,"date":"2020-09-17T12:23:58","date_gmt":"2020-09-17T10:23:58","guid":{"rendered":"https:\/\/lediamant.ch\/produit\/uhren-de\/hamilton-de\/khaki-navy-de\/hamilton-khaki-navy-belowzero-auto-titanium-automatik-46mm\/"},"modified":"2020-09-17T12:23:58","modified_gmt":"2020-09-17T10:23:58","slug":"hamilton-khaki-navy-belowzero-auto-titanium-automatik-46mm","status":"publish","type":"product","link":"https:\/\/lediamant.ch\/de\/uhren\/144697-hamilton-khaki-navy-belowzero-auto-titanium-automatik-46mm\/","title":{"rendered":"Hamilton Khaki Navy BeLOWZERO Auto Titanium Automatik | 46mm"},"content":{"rendered":"<p><span style=\"color:#1c1c1c;font-family:Montserrat, sans-serif;font-size:14px;background-color:#ffffff;\">Ein neues Titangeh\u00e4use verleiht der leistungsstarken Khaki Navy BeLOWZERO leichtgewichtige Robustheit. Die bis zu einem Druck von 100 bar (1.000 m) wasserdichte und mit einem Heliumventil ausgestattete Uhr ist von U-Booten inspiriert und eignet sich perfekt f\u00fcr Ihr n\u00e4chstes Abenteuer im Wasser. Das eindrucksvolle Titangeh\u00e4use mit 46 mm Durchmesser besitzt eine schwarze PVD-Beschichtung und ist ein echtes Style-Statement. Der Geh\u00e4useboden ist mit einer speziellen Pr\u00e4gung mit Taucherbrillenmotiv versehen.<\/span><\/p>\n","protected":false},"excerpt":{"rendered":"<p>Ein neues Titangeh\u00e4use verleiht der leistungsstarken Khaki Navy BeLOWZERO leichtgewichtige Robustheit. Die bis zu einem Druck von 100 bar (1.000 m) wasserdichte und mit einem Heliumventil ausgestattete Uhr ist von U-Booten inspiriert und eignet sich perfekt f\u00fcr Ihr n\u00e4chstes Abenteuer im Wasser. Das eindrucksvolle Titangeh\u00e4use mit 46 mm Durchmesser besitzt eine schwarze PVD-Beschichtung und ist &#8230; <a title=\"Hamilton Khaki Navy BeLOWZERO Auto Titanium Automatik | 46mm\" class=\"read-more\" href=\"https:\/\/lediamant.ch\/de\/uhren\/144697-hamilton-khaki-navy-belowzero-auto-titanium-automatik-46mm\/\" aria-label=\"Mehr Informationen \u00fcber Hamilton Khaki Navy BeLOWZERO Auto Titanium Automatik | 46mm\">Weiterlesen &#8230;<\/a><\/p>\n","protected":false},"featured_media":144684,"template":"","meta":{"_acf_changed":false,"_seopress_robots_primary_cat":"","_seopress_titles_title":"","_seopress_titles_desc":"","_seopress_robots_index":""},"brand":[27085],"product_brand":[],"product_cat":[27123,27181,27305],"product_tag":[],"class_list":{"0":"post-144697","1":"product","2":"type-product","3":"status-publish","4":"has-post-thumbnail","6":"brand-hamilton-de","7":"product_cat-uhren","8":"product_cat-hamilton-de","9":"product_cat-khaki-navy-de","10":"pa_couleurdubracelet-schwarz-de","11":"pa_couleurducadran-schwarz","12":"pa_etancheite-1000m-de","13":"pa_forme-runden","14":"pa_garantie-24monate","15":"pa_genre-mann","16":"pa_matiere-titan","17":"pa_matierebraceletmontre-kautschuk","18":"pa_mouvement-automatik-de","19":"pa_swissmade-ja-de","20":"sales-flash-overlay","21":"woocommerce-text-align-center","22":"woocommerce-image-align-center","23":"do-quantity-buttons","25":"first","26":"instock","27":"taxable","28":"shipping-taxable","29":"purchasable","30":"product-type-simple"},"acf":[],"_links":{"self":[{"href":"https:\/\/lediamant.ch\/de\/wp-json\/wp\/v2\/product\/144697","targetHints":{"allow":["GET"]}}],"collection":[{"href":"https:\/\/lediamant.ch\/de\/wp-json\/wp\/v2\/product"}],"about":[{"href":"https:\/\/lediamant.ch\/de\/wp-json\/wp\/v2\/types\/product"}],"wp:featuredmedia":[{"embeddable":true,"href":"https:\/\/lediamant.ch\/de\/wp-json\/wp\/v2\/media\/144684"}],"wp:attachment":[{"href":"https:\/\/lediamant.ch\/de\/wp-json\/wp\/v2\/media?parent=144697"}],"wp:term":[{"taxonomy":"brand","embeddable":true,"href":"https:\/\/lediamant.ch\/de\/wp-json\/wp\/v2\/brand?post=144697"},{"taxonomy":"product_brand","embeddable":true,"href":"https:\/\/lediamant.ch\/de\/wp-json\/wp\/v2\/product_brand?post=144697"},{"taxonomy":"product_cat","embeddable":true,"href":"https:\/\/lediamant.ch\/de\/wp-json\/wp\/v2\/product_cat?post=144697"},{"taxonomy":"product_tag","embeddable":true,"href":"https:\/\/lediamant.ch\/de\/wp-json\/wp\/v2\/product_tag?post=144697"}],"curies":[{"name":"wp","href":"https:\/\/api.w.org\/{rel}","templated":true}]}}