{"id":144763,"date":"2020-09-17T12:24:58","date_gmt":"2020-09-17T10:24:58","guid":{"rendered":"https:\/\/lediamant.ch\/produit\/uhren-de\/hamilton-de\/khaki-navy-de\/hamilton-khaki-navy-scuba-auto-automatik-40mm-10\/"},"modified":"2020-09-17T12:24:58","modified_gmt":"2020-09-17T10:24:58","slug":"hamilton-khaki-navy-scuba-auto-automatik-40mm-10","status":"publish","type":"product","link":"https:\/\/lediamant.ch\/de\/uhren\/144763-hamilton-khaki-navy-scuba-auto-automatik-40mm-10\/","title":{"rendered":"Hamilton Khaki Navy Scuba Auto Automatik | 40mm"},"content":{"rendered":"<p><span style=\"color:#1c1c1c;font-family:Montserrat, sans-serif;font-size:14px;background-color:#ffffff;\">Die Khaki Navy Scuba Auto, die in einer Vielzahl von farbenfrohen Zifferblatt- und Armbandoptionen erh\u00e4ltlich ist, sorgt garantiert f\u00fcr Aufsehen. Ihr pr\u00e4zises \u201eSwiss made\u201c-Uhrwerk f\u00e4ngt die Zeit am Strand oder im Meer ein. Ihr auff\u00e4lliges Design verleiht jedem Stil eine frische, nautische Note.<\/span><\/p>\n","protected":false},"excerpt":{"rendered":"<p>Die Khaki Navy Scuba Auto, die in einer Vielzahl von farbenfrohen Zifferblatt- und Armbandoptionen erh\u00e4ltlich ist, sorgt garantiert f\u00fcr Aufsehen. Ihr pr\u00e4zises \u201eSwiss made\u201c-Uhrwerk f\u00e4ngt die Zeit am Strand oder im Meer ein. Ihr auff\u00e4lliges Design verleiht jedem Stil eine frische, nautische Note.<\/p>\n","protected":false},"featured_media":144754,"template":"","meta":{"_acf_changed":false,"_seopress_robots_primary_cat":"","_seopress_titles_title":"","_seopress_titles_desc":"","_seopress_robots_index":""},"brand":[27085],"product_brand":[],"product_cat":[27137,27181,27305,27123],"product_tag":[],"class_list":{"0":"post-144763","1":"product","2":"type-product","3":"status-publish","4":"has-post-thumbnail","6":"brand-hamilton-de","7":"product_cat-bracelet-ajustable-de","8":"product_cat-hamilton-de","9":"product_cat-khaki-navy-de","10":"product_cat-uhren","11":"pa_couleurduboitier-grau-de","12":"pa_couleurducadran-grun","13":"pa_etancheite-100m-de","14":"pa_forme-runden","15":"pa_garantie-24monate","16":"pa_genre-mann","17":"pa_matiere-stahl","18":"pa_matierebraceletmontre-edelstahl","19":"pa_mouvement-automatik-de","20":"pa_swissmade-ja-de","21":"pa_typedemontre-sportuhren","22":"pa_typedemontre-taucheruhren","23":"sales-flash-overlay","24":"woocommerce-text-align-center","25":"woocommerce-image-align-center","26":"do-quantity-buttons","28":"first","29":"instock","30":"taxable","31":"shipping-taxable","32":"purchasable","33":"product-type-simple"},"acf":[],"_links":{"self":[{"href":"https:\/\/lediamant.ch\/de\/wp-json\/wp\/v2\/product\/144763","targetHints":{"allow":["GET"]}}],"collection":[{"href":"https:\/\/lediamant.ch\/de\/wp-json\/wp\/v2\/product"}],"about":[{"href":"https:\/\/lediamant.ch\/de\/wp-json\/wp\/v2\/types\/product"}],"wp:featuredmedia":[{"embeddable":true,"href":"https:\/\/lediamant.ch\/de\/wp-json\/wp\/v2\/media\/144754"}],"wp:attachment":[{"href":"https:\/\/lediamant.ch\/de\/wp-json\/wp\/v2\/media?parent=144763"}],"wp:term":[{"taxonomy":"brand","embeddable":true,"href":"https:\/\/lediamant.ch\/de\/wp-json\/wp\/v2\/brand?post=144763"},{"taxonomy":"product_brand","embeddable":true,"href":"https:\/\/lediamant.ch\/de\/wp-json\/wp\/v2\/product_brand?post=144763"},{"taxonomy":"product_cat","embeddable":true,"href":"https:\/\/lediamant.ch\/de\/wp-json\/wp\/v2\/product_cat?post=144763"},{"taxonomy":"product_tag","embeddable":true,"href":"https:\/\/lediamant.ch\/de\/wp-json\/wp\/v2\/product_tag?post=144763"}],"curies":[{"name":"wp","href":"https:\/\/api.w.org\/{rel}","templated":true}]}}