{"id":145256,"date":"2020-09-24T17:25:23","date_gmt":"2020-09-24T15:25:23","guid":{"rendered":"https:\/\/lediamant.ch\/produit\/schmuck-de\/ringe-de\/solitaer-ringe-de\/solitaerring-rosegold-75018-ct-mit-diamant-050-ct-h-si-3\/"},"modified":"2026-02-06T15:31:49","modified_gmt":"2026-02-06T14:31:49","slug":"bague-solitaire-or-rose-75018-ct-avec-diamant-050-ct-h-si-3","status":"publish","type":"product","link":"https:\/\/lediamant.ch\/de\/schmuck\/145256-050-ct-solitarring-rotgold-750-18-kt-41851336-ro\/","title":{"rendered":"0,50 ct. Solit\u00e4rring Rotgold 750\/18 kt."},"content":{"rendered":"<p>Dieser Artikel ist ein eleganter und raffinierter Solit\u00e4rring aus 750\/18 Karat Ros\u00e9gold. In der Mitte dieses einzigartigen St\u00fccks befindet sich ein funkelnder Diamant von 0,50 ct, klassifiziert als H SI, der einen unvergleichlichen Hauch von Brillanz verleiht. Sein klassisches und zeitloses Design macht ihn zur perfekten Wahl f\u00fcr einen Heiratsantrag, einen Hochzeitstag oder einen anderen Anlass, bei dem Sie Ihre Liebe und Verbundenheit zum Ausdruck bringen m\u00f6chten. Dieser Solit\u00e4rring aus Ros\u00e9gold mit Diamant ist ein Schmuckst\u00fcck, das ein Leben lang halten wird, genau wie Ihre Liebe f\u00fcr die Person, die ihn tr\u00e4gt.<\/p>\n","protected":false},"excerpt":{"rendered":"<p>Dieser Artikel ist ein eleganter und raffinierter Solit\u00e4rring aus 750\/18 Karat Ros\u00e9gold. In der Mitte dieses einzigartigen St\u00fccks befindet sich ein funkelnder Diamant von 0,50 ct, klassifiziert als H SI, der einen unvergleichlichen Hauch von Brillanz verleiht. Sein klassisches und zeitloses Design macht ihn zur perfekten Wahl f\u00fcr einen Heiratsantrag, einen Hochzeitstag oder einen anderen &#8230; <a title=\"0,50 ct. Solit\u00e4rring Rotgold 750\/18 kt.\" class=\"read-more\" href=\"https:\/\/lediamant.ch\/de\/schmuck\/145256-050-ct-solitarring-rotgold-750-18-kt-41851336-ro\/\" aria-label=\"Mehr Informationen \u00fcber 0,50 ct. Solit\u00e4rring Rotgold 750\/18 kt.\">Weiterlesen &#8230;<\/a><\/p>\n","protected":false},"featured_media":216984,"template":"","meta":{"_acf_changed":false,"_seopress_robots_primary_cat":"27237","_seopress_titles_title":"","_seopress_titles_desc":"Entdecken Sie unseren Solit\u00e4rring aus 18 Karat Ros\u00e9gold mit einem Diamanten von 0,50 Karat, der sich perfekt f\u00fcr einen Heiratsantrag oder einen Jahrestag eignet. Ein Symbol der ewigen Liebe.","_seopress_robots_index":""},"brand":[41911],"product_brand":[],"product_cat":[27139,27121,27237,27127,42444],"product_tag":[],"class_list":{"0":"post-145256","1":"product","2":"type-product","3":"status-publish","4":"has-post-thumbnail","6":"brand-diamonds-jewellery-de","7":"product_cat-ringe","8":"product_cat-schmuck","9":"product_cat-solitar-ringe","10":"product_cat-verlobungsringe","11":"product_cat-zargenfassung","12":"pa_garantie-12monate","13":"pa_genre-frau","14":"pa_matiere-75018ktrosegold","15":"pa_pierres-diamant-de","16":"pa_tailledebague-48-de","17":"pa_tailledebague-50-de","18":"pa_tailledebague-52-de","19":"pa_tailledebague-54-de","20":"pa_tailledebague-56-de","21":"pa_tailledebague-58-de","22":"pa_typedesertissage-zargenfassung-de","23":"sales-flash-overlay","24":"woocommerce-text-align-center","25":"woocommerce-image-align-center","26":"do-quantity-buttons","28":"first","29":"instock","30":"taxable","31":"shipping-taxable","32":"purchasable","33":"product-type-variable","34":"has-default-attributes"},"acf":[],"_links":{"self":[{"href":"https:\/\/lediamant.ch\/de\/wp-json\/wp\/v2\/product\/145256","targetHints":{"allow":["GET"]}}],"collection":[{"href":"https:\/\/lediamant.ch\/de\/wp-json\/wp\/v2\/product"}],"about":[{"href":"https:\/\/lediamant.ch\/de\/wp-json\/wp\/v2\/types\/product"}],"wp:featuredmedia":[{"embeddable":true,"href":"https:\/\/lediamant.ch\/de\/wp-json\/wp\/v2\/media\/216984"}],"wp:attachment":[{"href":"https:\/\/lediamant.ch\/de\/wp-json\/wp\/v2\/media?parent=145256"}],"wp:term":[{"taxonomy":"brand","embeddable":true,"href":"https:\/\/lediamant.ch\/de\/wp-json\/wp\/v2\/brand?post=145256"},{"taxonomy":"product_brand","embeddable":true,"href":"https:\/\/lediamant.ch\/de\/wp-json\/wp\/v2\/product_brand?post=145256"},{"taxonomy":"product_cat","embeddable":true,"href":"https:\/\/lediamant.ch\/de\/wp-json\/wp\/v2\/product_cat?post=145256"},{"taxonomy":"product_tag","embeddable":true,"href":"https:\/\/lediamant.ch\/de\/wp-json\/wp\/v2\/product_tag?post=145256"}],"curies":[{"name":"wp","href":"https:\/\/api.w.org\/{rel}","templated":true}]}}