{"id":145476,"date":"2020-09-25T09:48:02","date_gmt":"2020-09-25T07:48:02","guid":{"rendered":"https:\/\/lediamant.ch\/produit\/schmuck-de\/ringe-de\/ringe-silber-925-de\/ti-sento-milano-ring-silber-925-12171sy\/"},"modified":"2024-02-16T17:26:37","modified_gmt":"2024-02-16T16:26:37","slug":"ti-sento-milano-bague-argent-92512171sy","status":"publish","type":"product","link":"https:\/\/lediamant.ch\/de\/schmuck\/145476-ti-sento-milano-ring-silber-925-12171sy\/","title":{"rendered":"TI SENTO - Milano Ring Silber 925,12171SY"},"content":{"rendered":"<p>Tauchen Sie mit unserem pr\u00e4chtigen Silberring TI SENTO 12171SY in den Luxus ein. Sein schillernder, abgerundeter Ring ist zart mit Gelbgold \u00fcberzogen und verleiht Ihrem Stil einen Hauch von K\u00fchnheit. Tragen Sie ihn mit Stolz und betrachten Sie seinen fesselnden Glanz. Sorgf\u00e4ltig aus gelbgoldplattiertem Silber gefertigt, verleiht sie Ihrer Schmuckkollektion zeitlose Eleganz. Jedes Detail des TI SENTO Rings 12171SY verk\u00f6rpert au\u00dfergew\u00f6hnliche Qualit\u00e4t und sorgt f\u00fcr ein Accessoire, das genauso gl\u00e4nzt wie Sie. Lassen Sie sich von diesem einzigartigen St\u00fcck verf\u00fchren, das Raffinesse und K\u00fchnheit vereint. Alle TI SENTO Schmuckst\u00fccke werden mit Liebe und einem Hauch von Magie verpackt und machen jeden Kauf zu einem besonderen Erlebnis. Entscheiden Sie sich f\u00fcr diesen Ring f\u00fcr einen auff\u00e4lligen Look, der alle Blicke auf sich ziehen wird.<\/p>\n","protected":false},"excerpt":{"rendered":"<p>Tauchen Sie mit unserem pr\u00e4chtigen Silberring TI SENTO 12171SY in den Luxus ein. Sein schillernder, abgerundeter Ring ist zart mit Gelbgold \u00fcberzogen und verleiht Ihrem Stil einen Hauch von K\u00fchnheit. Tragen Sie ihn mit Stolz und betrachten Sie seinen fesselnden Glanz. Sorgf\u00e4ltig aus gelbgoldplattiertem Silber gefertigt, verleiht sie Ihrer Schmuckkollektion zeitlose Eleganz. Jedes Detail des &#8230; <a title=\"TI SENTO - Milano Ring Silber 925,12171SY\" class=\"read-more\" href=\"https:\/\/lediamant.ch\/de\/schmuck\/145476-ti-sento-milano-ring-silber-925-12171sy\/\" aria-label=\"Mehr Informationen \u00fcber TI SENTO - Milano Ring Silber 925,12171SY\">Weiterlesen &#8230;<\/a><\/p>\n","protected":false},"featured_media":145465,"template":"","meta":{"_acf_changed":false,"_seopress_robots_primary_cat":"none","_seopress_titles_title":"","_seopress_titles_desc":"","_seopress_robots_index":""},"brand":[27111],"product_brand":[],"product_cat":[27139,27299,27133,27121,27165],"product_tag":[],"class_list":{"0":"post-145476","1":"product","2":"type-product","3":"status-publish","4":"has-post-thumbnail","6":"brand-silver-jewellery-de","7":"product_cat-ringe","8":"product_cat-ringe-silber-925","9":"product_cat-sale","10":"product_cat-schmuck","11":"product_cat-schmuck-sale","12":"pa_garantie-12monate","13":"pa_genre-frau","14":"pa_matiere-925silber","15":"pa_tailledebague-54-de","16":"sales-flash-overlay","17":"woocommerce-text-align-center","18":"woocommerce-image-align-center","19":"do-quantity-buttons","21":"first","22":"instock","23":"sale","24":"taxable","25":"shipping-taxable","26":"purchasable","27":"product-type-variable","28":"has-default-attributes"},"acf":[],"_links":{"self":[{"href":"https:\/\/lediamant.ch\/de\/wp-json\/wp\/v2\/product\/145476","targetHints":{"allow":["GET"]}}],"collection":[{"href":"https:\/\/lediamant.ch\/de\/wp-json\/wp\/v2\/product"}],"about":[{"href":"https:\/\/lediamant.ch\/de\/wp-json\/wp\/v2\/types\/product"}],"wp:featuredmedia":[{"embeddable":true,"href":"https:\/\/lediamant.ch\/de\/wp-json\/wp\/v2\/media\/145465"}],"wp:attachment":[{"href":"https:\/\/lediamant.ch\/de\/wp-json\/wp\/v2\/media?parent=145476"}],"wp:term":[{"taxonomy":"brand","embeddable":true,"href":"https:\/\/lediamant.ch\/de\/wp-json\/wp\/v2\/brand?post=145476"},{"taxonomy":"product_brand","embeddable":true,"href":"https:\/\/lediamant.ch\/de\/wp-json\/wp\/v2\/product_brand?post=145476"},{"taxonomy":"product_cat","embeddable":true,"href":"https:\/\/lediamant.ch\/de\/wp-json\/wp\/v2\/product_cat?post=145476"},{"taxonomy":"product_tag","embeddable":true,"href":"https:\/\/lediamant.ch\/de\/wp-json\/wp\/v2\/product_tag?post=145476"}],"curies":[{"name":"wp","href":"https:\/\/api.w.org\/{rel}","templated":true}]}}