{"id":145792,"date":"2020-10-01T13:45:50","date_gmt":"2020-10-01T11:45:50","guid":{"rendered":"https:\/\/lediamant.ch\/produit\/schmuck-de\/ringe-de\/solitaer-ringe-de\/solitaerring-rosegold-75018-ct-mit-einem-zentralen-diamanten-von-025-ct-h-si-4-griff-insgesamt-035-ct-h-si\/"},"modified":"2026-02-06T15:02:54","modified_gmt":"2026-02-06T14:02:54","slug":"bague-solitaire-or-rose-75018-ct-avec-un-diamant-central-de-025-ct-h-si-4-griffes-total-035-ct-h-si","status":"publish","type":"product","link":"https:\/\/lediamant.ch\/de\/schmuck\/145792-035-ct-diamanten-solitarring-750-18-kt-rotgold-zentraldiamant-025-kt-41859520-ro\/","title":{"rendered":"0.35 ct. Diamanten Solit\u00e4rring 750\/18 Kt Rotgold Zentraldiamant 0.25 ct."},"content":{"rendered":"<p>Dieser elegante Solit\u00e4r aus 750\/18 kt. Ros\u00e9gold ist ein wahres Symbol der ewigen Liebe. Der Ring ist mit einem funkelnden zentralen Diamanten von 0,25 ct in H\/SI Qualit\u00e4t verziert, der von vier zarten Krappen an seinem Platz gehalten wird, um ein optimales Funkeln zu gew\u00e4hrleisten. Das Gesamtgewicht des Diamanten betr\u00e4gt 0,35 ct und verleiht Ihrer Hand einen Hauch von Luxus. Dieser Ring ist die perfekte Wahl f\u00fcr einen Heiratsantrag, einen Geburtstag oder einfach um Ihre Liebe auf unvergessliche Weise auszudr\u00fccken.<\/p>\n","protected":false},"excerpt":{"rendered":"<p>Dieser elegante Solit\u00e4r aus 750\/18 kt. Ros\u00e9gold ist ein wahres Symbol der ewigen Liebe. Der Ring ist mit einem funkelnden zentralen Diamanten von 0,25 ct in H\/SI Qualit\u00e4t verziert, der von vier zarten Krappen an seinem Platz gehalten wird, um ein optimales Funkeln zu gew\u00e4hrleisten. Das Gesamtgewicht des Diamanten betr\u00e4gt 0,35 ct und verleiht Ihrer &#8230; <a title=\"0.35 ct. Diamanten Solit\u00e4rring 750\/18 Kt Rotgold Zentraldiamant 0.25 ct.\" class=\"read-more\" href=\"https:\/\/lediamant.ch\/de\/schmuck\/145792-035-ct-diamanten-solitarring-750-18-kt-rotgold-zentraldiamant-025-kt-41859520-ro\/\" aria-label=\"Mehr Informationen \u00fcber 0.35 ct. Diamanten Solit\u00e4rring 750\/18 Kt Rotgold Zentraldiamant 0.25 ct.\">Weiterlesen &#8230;<\/a><\/p>\n","protected":false},"featured_media":216993,"template":"","meta":{"_acf_changed":false,"_seopress_robots_primary_cat":"27127","_seopress_titles_title":"%%post_title%%","_seopress_titles_desc":"Entdecken Sie diesen Solit\u00e4r aus 750\/18 Karat Ros\u00e9gold mit einem Diamanten von 0,25 Karat, der sich perfekt f\u00fcr einen Vorschlag oder ein Jubil\u00e4um eignet.","_seopress_robots_index":""},"brand":[41911],"product_brand":[],"product_cat":[42442,27121,27139,27237,27127],"product_tag":[],"class_list":{"0":"post-145792","1":"product","2":"type-product","3":"status-publish","4":"has-post-thumbnail","6":"brand-diamonds-jewellery-de","7":"product_cat-fantasy","8":"product_cat-schmuck","9":"product_cat-ringe","10":"product_cat-solitar-ringe","11":"product_cat-verlobungsringe","12":"pa_garantie-12monate","13":"pa_genre-frau","14":"pa_matiere-75018ktrosegold","15":"pa_pierres-diamant-de","16":"pa_tailledebague-48-de","17":"pa_tailledebague-50-de","18":"pa_tailledebague-52-de","19":"pa_tailledebague-54-de","20":"pa_tailledebague-56-de","21":"pa_tailledebague-58-de","22":"pa_typedesertissage-fantasie-de","23":"sales-flash-overlay","24":"woocommerce-text-align-center","25":"woocommerce-image-align-center","26":"do-quantity-buttons","28":"first","29":"instock","30":"taxable","31":"shipping-taxable","32":"purchasable","33":"product-type-variable","34":"has-default-attributes"},"acf":[],"_links":{"self":[{"href":"https:\/\/lediamant.ch\/de\/wp-json\/wp\/v2\/product\/145792","targetHints":{"allow":["GET"]}}],"collection":[{"href":"https:\/\/lediamant.ch\/de\/wp-json\/wp\/v2\/product"}],"about":[{"href":"https:\/\/lediamant.ch\/de\/wp-json\/wp\/v2\/types\/product"}],"wp:featuredmedia":[{"embeddable":true,"href":"https:\/\/lediamant.ch\/de\/wp-json\/wp\/v2\/media\/216993"}],"wp:attachment":[{"href":"https:\/\/lediamant.ch\/de\/wp-json\/wp\/v2\/media?parent=145792"}],"wp:term":[{"taxonomy":"brand","embeddable":true,"href":"https:\/\/lediamant.ch\/de\/wp-json\/wp\/v2\/brand?post=145792"},{"taxonomy":"product_brand","embeddable":true,"href":"https:\/\/lediamant.ch\/de\/wp-json\/wp\/v2\/product_brand?post=145792"},{"taxonomy":"product_cat","embeddable":true,"href":"https:\/\/lediamant.ch\/de\/wp-json\/wp\/v2\/product_cat?post=145792"},{"taxonomy":"product_tag","embeddable":true,"href":"https:\/\/lediamant.ch\/de\/wp-json\/wp\/v2\/product_tag?post=145792"}],"curies":[{"name":"wp","href":"https:\/\/api.w.org\/{rel}","templated":true}]}}