{"id":145806,"date":"2020-10-01T13:47:29","date_gmt":"2020-10-01T11:47:29","guid":{"rendered":"https:\/\/lediamant.ch\/produit\/schmuck-de\/ringe-de\/solitaer-ringe-de\/solitaerring-platin-950-mit-einem-zentralen-diamanten-von-025-ct-h-si-4-griff-insgesamt-035-ct-h-si\/"},"modified":"2026-02-06T14:58:52","modified_gmt":"2026-02-06T13:58:52","slug":"bague-solitaire-platine-950-avec-un-diamant-central-de-025-ct-h-si-4-griffes-total-035-ct-h-si","status":"publish","type":"product","link":"https:\/\/lediamant.ch\/de\/schmuck\/145806-035-ct-diamanten-solitarring-platin-950-zentraldiamant-025-ct-41859520-pt\/","title":{"rendered":"0,35 ct. Diamanten Solit\u00e4rring Platin 950, Zentraldiamant 0,25 ct."},"content":{"rendered":"<p>Entdecken Sie unseren eleganten Solit\u00e4rring, der aus 950 Platin gefertigt wurde. Er ist mit einem zentralen Diamanten von 0,25 ct in H-SI Qualit\u00e4t verziert, der von vier zarten Krappen gehalten wird. Mit einem Gesamtgewicht von 0,35 ct funkelt dieser Ring in zeitloser Sch\u00f6nheit. Sein klassisches Design und sein diskreter Glanz machen ihn zur perfekten Wahl f\u00fcr einen Heiratsantrag, einen Geburtstag oder einfach um Ihrem Alltag einen Hauch von Luxus zu verleihen.<\/p>\n","protected":false},"excerpt":{"rendered":"<p>Entdecken Sie unseren eleganten Solit\u00e4rring, der aus 950 Platin gefertigt wurde. Er ist mit einem zentralen Diamanten von 0,25 ct in H-SI Qualit\u00e4t verziert, der von vier zarten Krappen gehalten wird. Mit einem Gesamtgewicht von 0,35 ct funkelt dieser Ring in zeitloser Sch\u00f6nheit. Sein klassisches Design und sein diskreter Glanz machen ihn zur perfekten Wahl &#8230; <a title=\"0,35 ct. Diamanten Solit\u00e4rring Platin 950, Zentraldiamant 0,25 ct.\" class=\"read-more\" href=\"https:\/\/lediamant.ch\/de\/schmuck\/145806-035-ct-diamanten-solitarring-platin-950-zentraldiamant-025-ct-41859520-pt\/\" aria-label=\"Mehr Informationen \u00fcber 0,35 ct. Diamanten Solit\u00e4rring Platin 950, Zentraldiamant 0,25 ct.\">Weiterlesen &#8230;<\/a><\/p>\n","protected":false},"featured_media":216990,"template":"","meta":{"_acf_changed":false,"_seopress_robots_primary_cat":"27127","_seopress_titles_title":"%%post_title%%","_seopress_titles_desc":"Veredeln Sie jeden Moment mit unserem Solit\u00e4rring aus Platin und Diamant von 0,25 ct. Eine perfekte Wahl f\u00fcr besondere Anl\u00e4sse.","_seopress_robots_index":""},"brand":[41911],"product_brand":[],"product_cat":[42442,27139,27121,27237,27127],"product_tag":[],"class_list":{"0":"post-145806","1":"product","2":"type-product","3":"status-publish","4":"has-post-thumbnail","6":"brand-diamonds-jewellery-de","7":"product_cat-fantasy","8":"product_cat-ringe","9":"product_cat-schmuck","10":"product_cat-solitar-ringe","11":"product_cat-verlobungsringe","12":"pa_garantie-12monate","13":"pa_genre-frau","14":"pa_matiere-platin950","15":"pa_pierres-diamant-de","16":"pa_tailledebague-48-de","17":"pa_tailledebague-50-de","18":"pa_tailledebague-52-de","19":"pa_tailledebague-54-de","20":"pa_tailledebague-56-de","21":"pa_tailledebague-58-de","22":"pa_typedesertissage-fantasie-de","23":"sales-flash-overlay","24":"woocommerce-text-align-center","25":"woocommerce-image-align-center","26":"do-quantity-buttons","28":"first","29":"instock","30":"taxable","31":"shipping-taxable","32":"purchasable","33":"product-type-variable","34":"has-default-attributes"},"acf":[],"_links":{"self":[{"href":"https:\/\/lediamant.ch\/de\/wp-json\/wp\/v2\/product\/145806","targetHints":{"allow":["GET"]}}],"collection":[{"href":"https:\/\/lediamant.ch\/de\/wp-json\/wp\/v2\/product"}],"about":[{"href":"https:\/\/lediamant.ch\/de\/wp-json\/wp\/v2\/types\/product"}],"wp:featuredmedia":[{"embeddable":true,"href":"https:\/\/lediamant.ch\/de\/wp-json\/wp\/v2\/media\/216990"}],"wp:attachment":[{"href":"https:\/\/lediamant.ch\/de\/wp-json\/wp\/v2\/media?parent=145806"}],"wp:term":[{"taxonomy":"brand","embeddable":true,"href":"https:\/\/lediamant.ch\/de\/wp-json\/wp\/v2\/brand?post=145806"},{"taxonomy":"product_brand","embeddable":true,"href":"https:\/\/lediamant.ch\/de\/wp-json\/wp\/v2\/product_brand?post=145806"},{"taxonomy":"product_cat","embeddable":true,"href":"https:\/\/lediamant.ch\/de\/wp-json\/wp\/v2\/product_cat?post=145806"},{"taxonomy":"product_tag","embeddable":true,"href":"https:\/\/lediamant.ch\/de\/wp-json\/wp\/v2\/product_tag?post=145806"}],"curies":[{"name":"wp","href":"https:\/\/api.w.org\/{rel}","templated":true}]}}