{"id":145932,"date":"2020-10-07T14:09:03","date_gmt":"2020-10-07T12:09:03","guid":{"rendered":"https:\/\/lediamant.ch\/produit\/schmuck-de\/ringe-de\/solitaer-ringe-de\/solitaerring-weissgold-75018-ct-mit-diamant-4-griff-025-ct-h-si-2\/"},"modified":"2026-03-13T17:39:43","modified_gmt":"2026-03-13T16:39:43","slug":"bague-solitaire-or-blanc-75018-ct-avec-diamant-4-griffes-025-ct-h-si-2","status":"publish","type":"product","link":"https:\/\/lediamant.ch\/de\/schmuck\/145932-solitaerring-weissgold-75018-ct-mit-diamant-4-griff-025-ct-h-si-2\/","title":{"rendered":"0,25 ct. Diamant Solit\u00e4rring Wei\u00dfgold 750\/18 kt."},"content":{"rendered":"<p>Dieser elegante Solit\u00e4r aus Wei\u00dfgold 750\/18 ct. ist ein wahres Symbol f\u00fcr Raffinesse und Kultiviertheit. Er ist mit einem Diamanten von 0,25 Karat verziert, der von vier Krappen gehalten wird, um ein Maximum an Brillanz und Funkeln zu gew\u00e4hrleisten. Der Diamant ist von der Qualit\u00e4t H SI und garantiert eine sch\u00f6ne Farbe und eine beeindruckende Klarheit. Dieser Ring ist ein zeitloses St\u00fcck, das jedem Outfit einen Hauch von Luxus verleiht. Verw\u00f6hnen Sie sich selbst oder schenken Sie ihn einem besonderen Menschen zum Geburtstag, Hochzeitstag oder zu einem anderen denkw\u00fcrdigen Anlass.<\/p>\n","protected":false},"excerpt":{"rendered":"<p>Dieser elegante Solit\u00e4r aus Wei\u00dfgold 750\/18 ct. ist ein wahres Symbol f\u00fcr Raffinesse und Kultiviertheit. Er ist mit einem Diamanten von 0,25 Karat verziert, der von vier Krappen gehalten wird, um ein Maximum an Brillanz und Funkeln zu gew\u00e4hrleisten. Der Diamant ist von der Qualit\u00e4t H SI und garantiert eine sch\u00f6ne Farbe und eine beeindruckende &#8230; <a title=\"0,25 ct. Diamant Solit\u00e4rring Wei\u00dfgold 750\/18 kt.\" class=\"read-more\" href=\"https:\/\/lediamant.ch\/de\/schmuck\/145932-solitaerring-weissgold-75018-ct-mit-diamant-4-griff-025-ct-h-si-2\/\" aria-label=\"Mehr Informationen \u00fcber 0,25 ct. Diamant Solit\u00e4rring Wei\u00dfgold 750\/18 kt.\">Weiterlesen &#8230;<\/a><\/p>\n","protected":false},"featured_media":226588,"template":"","meta":{"_acf_changed":false,"_seopress_robots_primary_cat":"27237","_seopress_titles_title":"","_seopress_titles_desc":"","_seopress_robots_index":""},"brand":[41911],"product_brand":[],"product_cat":[42438,27139,27121,27237,27127],"product_tag":[],"class_list":{"0":"post-145932","1":"product","2":"type-product","3":"status-publish","4":"has-post-thumbnail","6":"brand-diamonds-jewellery-de","7":"product_cat-4-griff","8":"product_cat-ringe","9":"product_cat-schmuck","10":"product_cat-solitar-ringe","11":"product_cat-verlobungsringe","12":"pa_garantie-12monate","13":"pa_genre-frau","14":"pa_matiere-75018ktweissgold","15":"pa_pierres-diamant-de","16":"pa_tailledebague-48-de","17":"pa_tailledebague-50-de","18":"pa_tailledebague-52-de","19":"pa_tailledebague-54-de","20":"pa_tailledebague-56-de","21":"pa_typedesertissage-4_grifffassung-de","22":"sales-flash-overlay","23":"woocommerce-text-align-center","24":"woocommerce-image-align-center","25":"do-quantity-buttons","27":"first","28":"instock","29":"taxable","30":"shipping-taxable","31":"purchasable","32":"product-type-variable","33":"has-default-attributes"},"acf":[],"_links":{"self":[{"href":"https:\/\/lediamant.ch\/de\/wp-json\/wp\/v2\/product\/145932","targetHints":{"allow":["GET"]}}],"collection":[{"href":"https:\/\/lediamant.ch\/de\/wp-json\/wp\/v2\/product"}],"about":[{"href":"https:\/\/lediamant.ch\/de\/wp-json\/wp\/v2\/types\/product"}],"wp:featuredmedia":[{"embeddable":true,"href":"https:\/\/lediamant.ch\/de\/wp-json\/wp\/v2\/media\/226588"}],"wp:attachment":[{"href":"https:\/\/lediamant.ch\/de\/wp-json\/wp\/v2\/media?parent=145932"}],"wp:term":[{"taxonomy":"brand","embeddable":true,"href":"https:\/\/lediamant.ch\/de\/wp-json\/wp\/v2\/brand?post=145932"},{"taxonomy":"product_brand","embeddable":true,"href":"https:\/\/lediamant.ch\/de\/wp-json\/wp\/v2\/product_brand?post=145932"},{"taxonomy":"product_cat","embeddable":true,"href":"https:\/\/lediamant.ch\/de\/wp-json\/wp\/v2\/product_cat?post=145932"},{"taxonomy":"product_tag","embeddable":true,"href":"https:\/\/lediamant.ch\/de\/wp-json\/wp\/v2\/product_tag?post=145932"}],"curies":[{"name":"wp","href":"https:\/\/api.w.org\/{rel}","templated":true}]}}