{"id":145988,"date":"2020-10-07T16:10:21","date_gmt":"2020-10-07T14:10:21","guid":{"rendered":"https:\/\/lediamant.ch\/produit\/schmuck-de\/ringe-de\/solitaer-ringe-de\/solitaerring-platin-950-mit-diamant-4-griff-015-ct-h-si\/"},"modified":"2026-03-13T16:00:46","modified_gmt":"2026-03-13T15:00:46","slug":"bague-solitaire-platine-950-avec-diamant-4-griffes-015-ct-h-si-2","status":"publish","type":"product","link":"https:\/\/lediamant.ch\/de\/schmuck\/145988-solitarring-platin-950-diamant-4-griff-0-15-ct-h-si-41059910\/","title":{"rendered":"0,15 ct. Diamant Solit\u00e4rring Platin 950"},"content":{"rendered":"<p>Dieser wundersch\u00f6ne Solit\u00e4r aus Platin 950 ist eine wahre Hommage an Eleganz und Schlichtheit. Er ist mit einem Diamanten von 0,15 ct verziert, der von vier Krappen gehalten wird und bei jeder Handbewegung mit tausend Lichtern funkelt. Der Diamant ist von der Qualit\u00e4t H SI, was seinen Glanz und seine Reinheit garantiert. Dieser Ring ist perfekt, um eine Verpflichtung zu symbolisieren oder einfach nur, um Ihrem Alltag einen Hauch von Raffinesse zu verleihen.<\/p>\n","protected":false},"excerpt":{"rendered":"<p>Dieser wundersch\u00f6ne Solit\u00e4r aus Platin 950 ist eine wahre Hommage an Eleganz und Schlichtheit. Er ist mit einem Diamanten von 0,15 ct verziert, der von vier Krappen gehalten wird und bei jeder Handbewegung mit tausend Lichtern funkelt. Der Diamant ist von der Qualit\u00e4t H SI, was seinen Glanz und seine Reinheit garantiert. Dieser Ring ist &#8230; <a title=\"0,15 ct. Diamant Solit\u00e4rring Platin 950\" class=\"read-more\" href=\"https:\/\/lediamant.ch\/de\/schmuck\/145988-solitarring-platin-950-diamant-4-griff-0-15-ct-h-si-41059910\/\" aria-label=\"Mehr Informationen \u00fcber 0,15 ct. Diamant Solit\u00e4rring Platin 950\">Weiterlesen &#8230;<\/a><\/p>\n","protected":false},"featured_media":226575,"template":"","meta":{"_acf_changed":false,"_seopress_robots_primary_cat":"27237","_seopress_titles_title":"","_seopress_titles_desc":"Entdecken Sie unseren Solit\u00e4r aus 950er Platin mit einem Diamanten von 0,15 ct, Qualit\u00e4t H SI, perfekt f\u00fcr ein Engagement oder um Ihrem Stil Glanz zu verleihen.","_seopress_robots_index":""},"brand":[41911],"product_brand":[],"product_cat":[42438,27139,27121,27237,27127],"product_tag":[],"class_list":{"0":"post-145988","1":"product","2":"type-product","3":"status-publish","4":"has-post-thumbnail","6":"brand-diamonds-jewellery-de","7":"product_cat-4-griff","8":"product_cat-ringe","9":"product_cat-schmuck","10":"product_cat-solitar-ringe","11":"product_cat-verlobungsringe","12":"pa_carat-s-0-15-ct-de","13":"pa_garantie-12monate","14":"pa_genre-frau","15":"pa_matiere-platin950","16":"pa_pierres-diamant-de","17":"pa_qualite-diamant-h-si-de","18":"pa_tailledebague-48-de","19":"pa_tailledebague-50-de","20":"pa_tailledebague-52-de","21":"pa_tailledebague-54-de","22":"pa_tailledebague-56-de","23":"pa_typedesertissage-4_grifffassung-de","24":"sales-flash-overlay","25":"woocommerce-text-align-center","26":"woocommerce-image-align-center","27":"do-quantity-buttons","29":"first","30":"instock","31":"taxable","32":"shipping-taxable","33":"purchasable","34":"product-type-variable","35":"has-default-attributes"},"acf":[],"_links":{"self":[{"href":"https:\/\/lediamant.ch\/de\/wp-json\/wp\/v2\/product\/145988","targetHints":{"allow":["GET"]}}],"collection":[{"href":"https:\/\/lediamant.ch\/de\/wp-json\/wp\/v2\/product"}],"about":[{"href":"https:\/\/lediamant.ch\/de\/wp-json\/wp\/v2\/types\/product"}],"wp:featuredmedia":[{"embeddable":true,"href":"https:\/\/lediamant.ch\/de\/wp-json\/wp\/v2\/media\/226575"}],"wp:attachment":[{"href":"https:\/\/lediamant.ch\/de\/wp-json\/wp\/v2\/media?parent=145988"}],"wp:term":[{"taxonomy":"brand","embeddable":true,"href":"https:\/\/lediamant.ch\/de\/wp-json\/wp\/v2\/brand?post=145988"},{"taxonomy":"product_brand","embeddable":true,"href":"https:\/\/lediamant.ch\/de\/wp-json\/wp\/v2\/product_brand?post=145988"},{"taxonomy":"product_cat","embeddable":true,"href":"https:\/\/lediamant.ch\/de\/wp-json\/wp\/v2\/product_cat?post=145988"},{"taxonomy":"product_tag","embeddable":true,"href":"https:\/\/lediamant.ch\/de\/wp-json\/wp\/v2\/product_tag?post=145988"}],"curies":[{"name":"wp","href":"https:\/\/api.w.org\/{rel}","templated":true}]}}