{"id":146002,"date":"2020-10-07T16:11:45","date_gmt":"2020-10-07T14:11:45","guid":{"rendered":"https:\/\/lediamant.ch\/produit\/schmuck-de\/ringe-de\/solitaer-ringe-de\/solitaerring-platin-950-mit-diamant-4-griff-020-ct-h-si-2\/"},"modified":"2026-03-13T15:45:47","modified_gmt":"2026-03-13T14:45:47","slug":"bague-solitaire-platine-950-avec-diamant-4-griffes-020-ct-h-si-2","status":"publish","type":"product","link":"https:\/\/lediamant.ch\/de\/schmuck\/146002-solitarring-platin-950-diamant-0-20-kt-h-si-4-griffes-41059920\/","title":{"rendered":"0,20 ct. Diamant Solit\u00e4rring Platin 950"},"content":{"rendered":"<p>Entdecken Sie zeitlose Eleganz mit unserem Solit\u00e4rring aus Platin 950, der mit einem wundersch\u00f6nen Diamanten von 0,20 Karat verziert ist. Der Diamant mit einer Reinheit von H SI wird sorgf\u00e4ltig von vier Krappen gehalten, um einen atemberaubenden visuellen Effekt zu erzielen. Dieser Solit\u00e4rring ist die perfekte Wahl, um einen besonderen Moment zu feiern oder einfach nur, um Ihrem Alltag einen Hauch von Luxus zu verleihen. Sein klassisches und raffiniertes Design macht ihn zum idealen Begleiter f\u00fcr jeden Anlass.<\/p>\n","protected":false},"excerpt":{"rendered":"<p>Entdecken Sie zeitlose Eleganz mit unserem Solit\u00e4rring aus Platin 950, der mit einem wundersch\u00f6nen Diamanten von 0,20 Karat verziert ist. Der Diamant mit einer Reinheit von H SI wird sorgf\u00e4ltig von vier Krappen gehalten, um einen atemberaubenden visuellen Effekt zu erzielen. Dieser Solit\u00e4rring ist die perfekte Wahl, um einen besonderen Moment zu feiern oder einfach &#8230; <a title=\"0,20 ct. Diamant Solit\u00e4rring Platin 950\" class=\"read-more\" href=\"https:\/\/lediamant.ch\/de\/schmuck\/146002-solitarring-platin-950-diamant-0-20-kt-h-si-4-griffes-41059920\/\" aria-label=\"Mehr Informationen \u00fcber 0,20 ct. Diamant Solit\u00e4rring Platin 950\">Weiterlesen &#8230;<\/a><\/p>\n","protected":false},"featured_media":226573,"template":"","meta":{"_acf_changed":false,"_seopress_robots_primary_cat":"27237","_seopress_titles_title":"","_seopress_titles_desc":"Entdecken Sie die Eleganz unseres Platin Solit\u00e4rrings, verziert mit einem 0,20 Karat Diamanten. Perfekt f\u00fcr besondere Momente.","_seopress_robots_index":""},"brand":[41911],"product_brand":[],"product_cat":[42438,27139,27121,27237,27127],"product_tag":[],"class_list":{"0":"post-146002","1":"product","2":"type-product","3":"status-publish","4":"has-post-thumbnail","6":"brand-diamonds-jewellery-de","7":"product_cat-4-griff","8":"product_cat-ringe","9":"product_cat-schmuck","10":"product_cat-solitar-ringe","11":"product_cat-verlobungsringe","12":"pa_garantie-12monate","13":"pa_genre-frau","14":"pa_matiere-platin950","15":"pa_pierres-diamant-de","16":"pa_tailledebague-48-de","17":"pa_tailledebague-50-de","18":"pa_tailledebague-52-de","19":"pa_tailledebague-54-de","20":"pa_tailledebague-56-de","21":"pa_typedesertissage-4_grifffassung-de","22":"sales-flash-overlay","23":"woocommerce-text-align-center","24":"woocommerce-image-align-center","25":"do-quantity-buttons","27":"first","28":"instock","29":"taxable","30":"shipping-taxable","31":"purchasable","32":"product-type-variable","33":"has-default-attributes"},"acf":[],"_links":{"self":[{"href":"https:\/\/lediamant.ch\/de\/wp-json\/wp\/v2\/product\/146002","targetHints":{"allow":["GET"]}}],"collection":[{"href":"https:\/\/lediamant.ch\/de\/wp-json\/wp\/v2\/product"}],"about":[{"href":"https:\/\/lediamant.ch\/de\/wp-json\/wp\/v2\/types\/product"}],"wp:featuredmedia":[{"embeddable":true,"href":"https:\/\/lediamant.ch\/de\/wp-json\/wp\/v2\/media\/226573"}],"wp:attachment":[{"href":"https:\/\/lediamant.ch\/de\/wp-json\/wp\/v2\/media?parent=146002"}],"wp:term":[{"taxonomy":"brand","embeddable":true,"href":"https:\/\/lediamant.ch\/de\/wp-json\/wp\/v2\/brand?post=146002"},{"taxonomy":"product_brand","embeddable":true,"href":"https:\/\/lediamant.ch\/de\/wp-json\/wp\/v2\/product_brand?post=146002"},{"taxonomy":"product_cat","embeddable":true,"href":"https:\/\/lediamant.ch\/de\/wp-json\/wp\/v2\/product_cat?post=146002"},{"taxonomy":"product_tag","embeddable":true,"href":"https:\/\/lediamant.ch\/de\/wp-json\/wp\/v2\/product_tag?post=146002"}],"curies":[{"name":"wp","href":"https:\/\/api.w.org\/{rel}","templated":true}]}}