{"id":146016,"date":"2020-10-07T16:13:21","date_gmt":"2020-10-07T14:13:21","guid":{"rendered":"https:\/\/lediamant.ch\/produit\/schmuck-de\/ringe-de\/solitaer-ringe-de\/solitaerring-platin-950-mit-diamant-4-griff-025-ct-h-si-2\/"},"modified":"2025-03-19T13:42:22","modified_gmt":"2025-03-19T12:42:22","slug":"bague-solitaire-platine-950-avec-diamant-4-griffes-025-ct-h-si-2","status":"publish","type":"product","link":"https:\/\/lediamant.ch\/de\/schmuck\/146016-solitaerring-platin-950-mit-diamant-4-griff-025-ct-h-si\/","title":{"rendered":"0,25 kt. Diamant Solit\u00e4rring Platin 950"},"content":{"rendered":"<p>Entdecken Sie unseren eleganten Solit\u00e4rring aus Platin 950, der mit einem wundersch\u00f6nen Diamanten von 0,25 kt verziert ist. Der Diamant wird sorgf\u00e4ltig von vier Krappen gehalten, die eine maximale Brillanz erm\u00f6glichen. Mit einer Qualit\u00e4t von H SI bietet dieser Diamant einen au\u00dfergew\u00f6hnlichen Glanz. Dieser Ring ist die perfekte Wahl f\u00fcr einen Heiratsantrag, einen Geburtstag oder einfach nur, um Ihre Liebste zu verw\u00f6hnen. Sein zeitloses und raffiniertes Design macht ihn zu einem Schmuckst\u00fcck, das Generationen \u00fcberdauern wird.<\/p>\n","protected":false},"excerpt":{"rendered":"<p>Entdecken Sie unseren eleganten Solit\u00e4rring aus Platin 950, der mit einem wundersch\u00f6nen Diamanten von 0,25 kt verziert ist. Der Diamant wird sorgf\u00e4ltig von vier Krappen gehalten, die eine maximale Brillanz erm\u00f6glichen. Mit einer Qualit\u00e4t von H SI bietet dieser Diamant einen au\u00dfergew\u00f6hnlichen Glanz. Dieser Ring ist die perfekte Wahl f\u00fcr einen Heiratsantrag, einen Geburtstag oder &#8230; <a title=\"0,25 kt. Diamant Solit\u00e4rring Platin 950\" class=\"read-more\" href=\"https:\/\/lediamant.ch\/de\/schmuck\/146016-solitaerring-platin-950-mit-diamant-4-griff-025-ct-h-si\/\" aria-label=\"Mehr Informationen \u00fcber 0,25 kt. Diamant Solit\u00e4rring Platin 950\">Weiterlesen &#8230;<\/a><\/p>\n","protected":false},"featured_media":226569,"template":"","meta":{"_acf_changed":false,"_seopress_robots_primary_cat":"none","_seopress_titles_title":"","_seopress_titles_desc":"","_seopress_robots_index":""},"brand":[41911],"product_brand":[],"product_cat":[42438,27139,27121,27237,27127],"product_tag":[],"class_list":{"0":"post-146016","1":"product","2":"type-product","3":"status-publish","4":"has-post-thumbnail","6":"brand-diamonds-jewellery-de","7":"product_cat-4-griff","8":"product_cat-ringe","9":"product_cat-schmuck","10":"product_cat-solitar-ringe","11":"product_cat-verlobungsringe","12":"pa_garantie-12monate","13":"pa_genre-frau","14":"pa_matiere-platin950","15":"pa_pierres-diamant-de","16":"pa_tailledebague-48-de","17":"pa_tailledebague-50-de","18":"pa_tailledebague-52-de","19":"pa_tailledebague-54-de","20":"pa_tailledebague-56-de","21":"pa_typedesertissage-4_grifffassung-de","22":"sales-flash-overlay","23":"woocommerce-text-align-center","24":"woocommerce-image-align-center","25":"do-quantity-buttons","27":"first","28":"instock","29":"taxable","30":"shipping-taxable","31":"purchasable","32":"product-type-variable","33":"has-default-attributes"},"acf":[],"_links":{"self":[{"href":"https:\/\/lediamant.ch\/de\/wp-json\/wp\/v2\/product\/146016","targetHints":{"allow":["GET"]}}],"collection":[{"href":"https:\/\/lediamant.ch\/de\/wp-json\/wp\/v2\/product"}],"about":[{"href":"https:\/\/lediamant.ch\/de\/wp-json\/wp\/v2\/types\/product"}],"wp:featuredmedia":[{"embeddable":true,"href":"https:\/\/lediamant.ch\/de\/wp-json\/wp\/v2\/media\/226569"}],"wp:attachment":[{"href":"https:\/\/lediamant.ch\/de\/wp-json\/wp\/v2\/media?parent=146016"}],"wp:term":[{"taxonomy":"brand","embeddable":true,"href":"https:\/\/lediamant.ch\/de\/wp-json\/wp\/v2\/brand?post=146016"},{"taxonomy":"product_brand","embeddable":true,"href":"https:\/\/lediamant.ch\/de\/wp-json\/wp\/v2\/product_brand?post=146016"},{"taxonomy":"product_cat","embeddable":true,"href":"https:\/\/lediamant.ch\/de\/wp-json\/wp\/v2\/product_cat?post=146016"},{"taxonomy":"product_tag","embeddable":true,"href":"https:\/\/lediamant.ch\/de\/wp-json\/wp\/v2\/product_tag?post=146016"}],"curies":[{"name":"wp","href":"https:\/\/api.w.org\/{rel}","templated":true}]}}