{"id":146039,"date":"2020-10-24T14:45:14","date_gmt":"2020-10-24T12:45:14","guid":{"rendered":"https:\/\/lediamant.ch\/produit\/uhren-de\/aerowatch-de\/renaissance-de\/aerowatch-renaissance-spider-skeleton-stahl-schwarz-gelb\/"},"modified":"2025-05-02T16:39:38","modified_gmt":"2025-05-02T14:39:38","slug":"aerowatch-renaissance-spider-skeleton-acier-noir-jaune","status":"publish","type":"product","link":"https:\/\/lediamant.ch\/de\/uhren\/146039-aerowatch-renaissance-spider-skeleton-stahl-schwarz-gelb\/","title":{"rendered":"Aerowatch Renaissance Spider Skeleton Stahl\/Schwarz"},"content":{"rendered":"<p>Entdecken Sie die Aerowatch Renaissance Spider Skeleton in Stahl mit schwarzem Zifferblatt, eine Uhr, die Eleganz und Raffinesse perfekt miteinander verbindet. Ihr einzigartiges Design enth\u00fcllt einen faszinierenden Skelettmechanismus, der in einem robusten schwarzen Edelstahlgeh\u00e4use eingekapselt ist. Die goldenen r\u00f6mischen Ziffern kontrastieren wundersch\u00f6n mit dem schwarzen Hintergrund und verleihen dem Ganzen einen Hauch von Luxus. Das schwarze Lederarmband mit gelben N\u00e4hten bietet einen optimalen Tragekomfort und unterstreicht den Stil der Uhr. Ein St\u00fcck Schweizer Uhrmacherkunst, das Uhrenliebhaber, die auf der Suche nach Distinktion und Qualit\u00e4t sind, begeistern wird.    <\/p>\n","protected":false},"excerpt":{"rendered":"<p>Entdecken Sie die Aerowatch Renaissance Spider Skeleton in Stahl mit schwarzem Zifferblatt, eine Uhr, die Eleganz und Raffinesse perfekt miteinander verbindet. Ihr einzigartiges Design enth\u00fcllt einen faszinierenden Skelettmechanismus, der in einem robusten schwarzen Edelstahlgeh\u00e4use eingekapselt ist. Die goldenen r\u00f6mischen Ziffern kontrastieren wundersch\u00f6n mit dem schwarzen Hintergrund und verleihen dem Ganzen einen Hauch von Luxus. Das &#8230; <a title=\"Aerowatch Renaissance Spider Skeleton Stahl\/Schwarz\" class=\"read-more\" href=\"https:\/\/lediamant.ch\/de\/uhren\/146039-aerowatch-renaissance-spider-skeleton-stahl-schwarz-gelb\/\" aria-label=\"Mehr Informationen \u00fcber Aerowatch Renaissance Spider Skeleton Stahl\/Schwarz\">Weiterlesen &#8230;<\/a><\/p>\n","protected":false},"featured_media":217505,"template":"","meta":{"_acf_changed":false,"_seopress_robots_primary_cat":"27166","_seopress_titles_title":"%%post_title%%","_seopress_titles_desc":"Entdecken Sie die Aerowatch Renaissance Spider Skeleton, eine Schweizer Uhr, die Eleganz und Raffinesse mit einem einzigartigen Skelett-Design verbindet.","_seopress_robots_index":""},"brand":[27081],"product_brand":[],"product_cat":[27167,27321,27123],"product_tag":[],"class_list":{"0":"post-146039","1":"product","2":"type-product","3":"status-publish","4":"has-post-thumbnail","6":"brand-aerowatch-de","7":"product_cat-aerowatch-de","8":"product_cat-renaissance-de","9":"product_cat-uhren","10":"pa_couleurduboitier-grau-de","11":"pa_couleurdubracelet-schwarz-de","12":"pa_couleurducadran-schwarz","13":"pa_dimensions-o-43-00mm","14":"pa_etancheite-50m-de","15":"pa_forme-runden","16":"pa_garantie-24monate","17":"pa_genre-mann","18":"pa_matiere-stahl","19":"pa_matierebraceletmontre-leder","20":"pa_mouvement-mechanik","21":"pa_swissmade-ja-de","22":"pa_typedemontre-skelettuhren","23":"pa_typedemontre-uhrenmithandaufzug","24":"pa_verre-saphir-de","25":"sales-flash-overlay","26":"woocommerce-text-align-center","27":"woocommerce-image-align-center","28":"do-quantity-buttons","30":"first","31":"instock","32":"taxable","33":"shipping-taxable","34":"purchasable","35":"product-type-simple"},"acf":[],"_links":{"self":[{"href":"https:\/\/lediamant.ch\/de\/wp-json\/wp\/v2\/product\/146039","targetHints":{"allow":["GET"]}}],"collection":[{"href":"https:\/\/lediamant.ch\/de\/wp-json\/wp\/v2\/product"}],"about":[{"href":"https:\/\/lediamant.ch\/de\/wp-json\/wp\/v2\/types\/product"}],"wp:featuredmedia":[{"embeddable":true,"href":"https:\/\/lediamant.ch\/de\/wp-json\/wp\/v2\/media\/217505"}],"wp:attachment":[{"href":"https:\/\/lediamant.ch\/de\/wp-json\/wp\/v2\/media?parent=146039"}],"wp:term":[{"taxonomy":"brand","embeddable":true,"href":"https:\/\/lediamant.ch\/de\/wp-json\/wp\/v2\/brand?post=146039"},{"taxonomy":"product_brand","embeddable":true,"href":"https:\/\/lediamant.ch\/de\/wp-json\/wp\/v2\/product_brand?post=146039"},{"taxonomy":"product_cat","embeddable":true,"href":"https:\/\/lediamant.ch\/de\/wp-json\/wp\/v2\/product_cat?post=146039"},{"taxonomy":"product_tag","embeddable":true,"href":"https:\/\/lediamant.ch\/de\/wp-json\/wp\/v2\/product_tag?post=146039"}],"curies":[{"name":"wp","href":"https:\/\/api.w.org\/{rel}","templated":true}]}}