{"id":146365,"date":"2020-11-09T01:01:58","date_gmt":"2020-11-09T00:01:58","guid":{"rendered":"https:\/\/lediamant.ch\/produit\/uhren-de\/tissot-de\/tissot-t-classic-de\/tissot-classic-dream-de\/tissot-classic-dream-5\/"},"modified":"2020-11-09T01:01:58","modified_gmt":"2020-11-09T00:01:58","slug":"tissot-classic-dream-5","status":"publish","type":"product","link":"https:\/\/lediamant.ch\/de\/uhren\/146365-tissot-classic-dream-5\/","title":{"rendered":"TISSOT CLASSIC DREAM"},"content":{"rendered":"<p>Die beliebte Tissot Classic Dream Kollektion wurde \u00fcberarbeitet und mit einem neuen Design ausgestattet. An dem urspr\u00fcnglichen Ziel als klassische und elegante Uhr f\u00fcr jeden Tag zu dienen hat sich allerdings nichts ge\u00e4ndert. Der zeitlose Stil macht die Uhr zu einem immerw\u00e4hrenden Klassiker. Die Classic Dream verf\u00fcgt \u00fcber ein Swiss-Made Quartzwerk. Das Zifferblatt mit Datumsanzeige und r\u00f6mischen Ziffern geben der Uhr einen klassischen Schliff. Dieses Modell verf\u00fcgt \u00fcber ein Bicolor 316L-Edelstahlgeh\u00e4use mit rosegoldfarbener PVD-Beschichtung und ein wei\u00dfes Zifferblatt, welches von einem kratzfestem Saphirglas gesch\u00fctzt wird. Das massive Bicolor 316L-Edelstahlarmband mit rosegoldfarbener PVD-Beschichtung besitzt eine Butterfly-Schlie\u00dfe mit Dr\u00fcckern.<\/p>\n","protected":false},"excerpt":{"rendered":"<p>Die beliebte Tissot Classic Dream Kollektion wurde \u00fcberarbeitet und mit einem neuen Design ausgestattet. An dem urspr\u00fcnglichen Ziel als klassische und elegante Uhr f\u00fcr jeden Tag zu dienen hat sich allerdings nichts ge\u00e4ndert. Der zeitlose Stil macht die Uhr zu einem immerw\u00e4hrenden Klassiker. Die Classic Dream verf\u00fcgt \u00fcber ein Swiss-Made Quartzwerk. Das Zifferblatt mit Datumsanzeige &#8230; <a title=\"TISSOT CLASSIC DREAM\" class=\"read-more\" href=\"https:\/\/lediamant.ch\/de\/uhren\/146365-tissot-classic-dream-5\/\" aria-label=\"Mehr Informationen \u00fcber TISSOT CLASSIC DREAM\">Weiterlesen &#8230;<\/a><\/p>\n","protected":false},"featured_media":146350,"template":"","meta":{"_acf_changed":false,"_seopress_robots_primary_cat":"","_seopress_titles_title":"","_seopress_titles_desc":"","_seopress_robots_index":""},"brand":[27087],"product_brand":[],"product_cat":[27137,27159,27245,27495,27123],"product_tag":[],"class_list":{"0":"post-146365","1":"product","2":"type-product","3":"status-publish","4":"has-post-thumbnail","6":"brand-tissot-de","7":"product_cat-bracelet-ajustable-de","8":"product_cat-tissot-de","9":"product_cat-tissot-classic","10":"product_cat-tissot-classic-dream","11":"product_cat-uhren","12":"pa_couleurduboitier-zweifarbig-de","13":"pa_couleurducadran-weiss","14":"pa_dimensions-o-42-mm","15":"pa_etancheite-50m-de","16":"pa_forme-runden","17":"pa_garantie-24monate","18":"pa_genre-mann","19":"pa_matiere-zweifarbigstahlrosegoldpvd","20":"pa_matierebraceletmontre-edelstahl","21":"pa_mouvement-quarzbatterie-de","22":"pa_swissmade-ja-de","23":"sales-flash-overlay","24":"woocommerce-text-align-center","25":"woocommerce-image-align-center","26":"do-quantity-buttons","28":"first","29":"instock","30":"taxable","31":"shipping-taxable","32":"purchasable","33":"product-type-simple"},"acf":[],"_links":{"self":[{"href":"https:\/\/lediamant.ch\/de\/wp-json\/wp\/v2\/product\/146365","targetHints":{"allow":["GET"]}}],"collection":[{"href":"https:\/\/lediamant.ch\/de\/wp-json\/wp\/v2\/product"}],"about":[{"href":"https:\/\/lediamant.ch\/de\/wp-json\/wp\/v2\/types\/product"}],"wp:featuredmedia":[{"embeddable":true,"href":"https:\/\/lediamant.ch\/de\/wp-json\/wp\/v2\/media\/146350"}],"wp:attachment":[{"href":"https:\/\/lediamant.ch\/de\/wp-json\/wp\/v2\/media?parent=146365"}],"wp:term":[{"taxonomy":"brand","embeddable":true,"href":"https:\/\/lediamant.ch\/de\/wp-json\/wp\/v2\/brand?post=146365"},{"taxonomy":"product_brand","embeddable":true,"href":"https:\/\/lediamant.ch\/de\/wp-json\/wp\/v2\/product_brand?post=146365"},{"taxonomy":"product_cat","embeddable":true,"href":"https:\/\/lediamant.ch\/de\/wp-json\/wp\/v2\/product_cat?post=146365"},{"taxonomy":"product_tag","embeddable":true,"href":"https:\/\/lediamant.ch\/de\/wp-json\/wp\/v2\/product_tag?post=146365"}],"curies":[{"name":"wp","href":"https:\/\/api.w.org\/{rel}","templated":true}]}}