{"id":146525,"date":"2020-11-16T01:01:26","date_gmt":"2020-11-16T00:01:26","guid":{"rendered":"https:\/\/lediamant.ch\/produit\/uhren-de\/tissot-de\/tissot-t-classic-de\/tissot-t-my-lady-de-tissot-t-classic-de\/tissot-t-my-lady\/"},"modified":"2025-05-15T15:53:24","modified_gmt":"2025-05-15T13:53:24","slug":"tissot-t-my-lady","status":"publish","type":"product","link":"https:\/\/lediamant.ch\/de\/uhren\/146525-tissot-t-my-lady-t1320101103100\/","title":{"rendered":"Tissot T-My Lady"},"content":{"rendered":"<p>Diese T-My Lady Modelle haben ein robustes Edelstahlgeh\u00e4use mit einem Durchmesser von 29 mm und ein Swiss Made Quarzwerk. Die T-My Lady von Tissot ist eine Damenuhr, die aufgrund ihrer Konzeption und ihres Designs die perfekte Wahl f\u00fcr alle Frauen ist, f\u00fcr die eine Uhr ein zeitloser Begleiter ist. Die T-My Lady besitzt alle Attribute der uhrmacherischen Qualit\u00e4t, die die Zeitmesser von Tissot auszeichnen. Die Erfahrung und Sorgfalt, mit der diese Produktlinie geschaffen wurde, kann man an dem Geh\u00e4use und dem Armband aus Edelstahl erkennen, aber vor allem an den Details der besonderen Highlights. Die Stundenzeiger sind appliziert, abgeschr\u00e4gte Zeiger im 3D-Look. Das Datumsfenster ist ebenfalls als<\/p>\n","protected":false},"excerpt":{"rendered":"<p>Diese T-My Lady Modelle haben ein robustes Edelstahlgeh\u00e4use mit einem Durchmesser von 29 mm und ein Swiss Made Quarzwerk. Die T-My Lady von Tissot ist eine Damenuhr, die aufgrund ihrer Konzeption und ihres Designs die perfekte Wahl f\u00fcr alle Frauen ist, f\u00fcr die eine Uhr ein zeitloser Begleiter ist. Die T-My Lady besitzt alle Attribute &#8230; <a title=\"Tissot T-My Lady\" class=\"read-more\" href=\"https:\/\/lediamant.ch\/de\/uhren\/146525-tissot-t-my-lady-t1320101103100\/\" aria-label=\"Mehr Informationen \u00fcber Tissot T-My Lady\">Weiterlesen &#8230;<\/a><\/p>\n","protected":false},"featured_media":146511,"template":"","meta":{"_acf_changed":false,"_seopress_robots_primary_cat":"27159","_seopress_titles_title":"","_seopress_titles_desc":"Zeitlose Eleganz mit der T-My Lady von Tissot: Stahlgeh\u00e4use, Swiss Made Uhrwerk und ein leicht zu wechselndes Lederarmband. Perfekt f\u00fcr jede Frau.","_seopress_robots_index":""},"brand":[27087],"product_brand":[],"product_cat":[27137,27297,27133,27159,27245,41514,27123,27141],"product_tag":[],"class_list":{"0":"post-146525","1":"product","2":"type-product","3":"status-publish","4":"has-post-thumbnail","6":"brand-tissot-de","7":"product_cat-bracelet-ajustable-de","8":"product_cat-exklusiv-fur-damen","9":"product_cat-sale","10":"product_cat-tissot-de","11":"product_cat-tissot-classic","12":"product_cat-tissot-my-lady","13":"product_cat-uhren","14":"product_cat-uhren-sale","15":"pa_couleurduboitier-grau-de","16":"pa_couleurdubracelet-grau-de","17":"pa_couleurducadran-silber","18":"pa_dimensions-o-29-3-mm","19":"pa_etancheite-100m-de","20":"pa_forme-runden","21":"pa_garantie-24monate","22":"pa_genre-frau","23":"pa_matiere-stahl","24":"pa_matierebraceletmontre-edelstahl","25":"pa_mouvement-quarzbatterie-de","26":"pa_swissmade-ja-de","27":"pa_verre-saphir-de","28":"sales-flash-overlay","29":"woocommerce-text-align-center","30":"woocommerce-image-align-center","31":"do-quantity-buttons","33":"first","34":"instock","35":"sale","36":"taxable","37":"shipping-taxable","38":"purchasable","39":"product-type-simple"},"acf":[],"_links":{"self":[{"href":"https:\/\/lediamant.ch\/de\/wp-json\/wp\/v2\/product\/146525","targetHints":{"allow":["GET"]}}],"collection":[{"href":"https:\/\/lediamant.ch\/de\/wp-json\/wp\/v2\/product"}],"about":[{"href":"https:\/\/lediamant.ch\/de\/wp-json\/wp\/v2\/types\/product"}],"wp:featuredmedia":[{"embeddable":true,"href":"https:\/\/lediamant.ch\/de\/wp-json\/wp\/v2\/media\/146511"}],"wp:attachment":[{"href":"https:\/\/lediamant.ch\/de\/wp-json\/wp\/v2\/media?parent=146525"}],"wp:term":[{"taxonomy":"brand","embeddable":true,"href":"https:\/\/lediamant.ch\/de\/wp-json\/wp\/v2\/brand?post=146525"},{"taxonomy":"product_brand","embeddable":true,"href":"https:\/\/lediamant.ch\/de\/wp-json\/wp\/v2\/product_brand?post=146525"},{"taxonomy":"product_cat","embeddable":true,"href":"https:\/\/lediamant.ch\/de\/wp-json\/wp\/v2\/product_cat?post=146525"},{"taxonomy":"product_tag","embeddable":true,"href":"https:\/\/lediamant.ch\/de\/wp-json\/wp\/v2\/product_tag?post=146525"}],"curies":[{"name":"wp","href":"https:\/\/api.w.org\/{rel}","templated":true}]}}