{"id":146541,"date":"2020-11-16T01:01:44","date_gmt":"2020-11-16T00:01:44","guid":{"rendered":"https:\/\/lediamant.ch\/produit\/uhren-de\/tissot-de\/tissot-t-classic-de\/tissot-t-my-lady-de-tissot-t-classic-de\/tissot-t-my-lady-2\/"},"modified":"2026-02-13T15:16:27","modified_gmt":"2026-02-13T14:16:27","slug":"tissot-t-my-lady-2","status":"publish","type":"product","link":"https:\/\/lediamant.ch\/de\/uhren\/146541-tissot-t-my-lady-2\/","title":{"rendered":"Tissot T-My Lady"},"content":{"rendered":"<p>Diese Modelle der T-My Lady verf\u00fcgen \u00fcber ein widerstandsf\u00e4higes Edelstahlgeh\u00e4use mit einem Durchmesser von 29 mm, einem Swiss Made Quartzwerk, einem zus\u00e4tzlichen Lederarmband zum einfachen Wechseln ohne Werkzeug und einer schlichten Eleganz dank einer zeitlosen Linienf\u00fchrung. Die T-My Lady von Tissot ist eine feminine Uhr, die aufgrund ihrer Konzeption und des Designs zur perfekten Wahl f\u00fcr alle Frauen wird, f\u00fcr die eine Uhr ein zeitloser Begleiter ist. Als feminines Pendant zur Produktreihe Tissot Gentleman verf\u00fcgt die T-My Lady tats\u00e4chlich \u00fcber alle Attribute der uhrmacherischen Qualit\u00e4t, welche die Zeitmesser von Tissot auszeichnen. Die Erfahrung und die Sorgfalt, mit der diese Produktlinie kreiert wurde, sind am Geh\u00e4use und Armband aus Edelstahl, insbesondere aber an den Details ihrer besonderen Highlights erkennbar. Bei den Stundenzeigern handelt es sich um applizierte, abgeschr\u00e4gte Zeiger in 3D-Optik. Auch das Datumsfenster ist als Relief ausg<\/p>\n","protected":false},"excerpt":{"rendered":"<p>Diese Modelle der T-My Lady verf\u00fcgen \u00fcber ein widerstandsf\u00e4higes Edelstahlgeh\u00e4use mit einem Durchmesser von 29 mm, einem Swiss Made Quartzwerk, einem zus\u00e4tzlichen Lederarmband zum einfachen Wechseln ohne Werkzeug und einer schlichten Eleganz dank einer zeitlosen Linienf\u00fchrung. Die T-My Lady von Tissot ist eine feminine Uhr, die aufgrund ihrer Konzeption und des Designs zur perfekten Wahl &#8230; <a title=\"Tissot T-My Lady\" class=\"read-more\" href=\"https:\/\/lediamant.ch\/de\/uhren\/146541-tissot-t-my-lady-2\/\" aria-label=\"Mehr Informationen \u00fcber Tissot T-My Lady\">Weiterlesen &#8230;<\/a><\/p>\n","protected":false},"featured_media":146527,"template":"","meta":{"_acf_changed":false,"_seopress_robots_primary_cat":"27390","_seopress_titles_title":"","_seopress_titles_desc":"","_seopress_robots_index":""},"brand":[27087],"product_brand":[],"product_cat":[27137,27297,27159,41514,27123],"product_tag":[],"class_list":{"0":"post-146541","1":"product","2":"type-product","3":"status-publish","4":"has-post-thumbnail","6":"brand-tissot-de","7":"product_cat-bracelet-ajustable-de","8":"product_cat-exklusiv-fur-damen","9":"product_cat-tissot-de","10":"product_cat-tissot-my-lady","11":"product_cat-uhren","12":"pa_couleurduboitier-grau-de","13":"pa_couleurdubracelet-braun-de","14":"pa_couleurducadran-anthrazit","15":"pa_dimensions-o-29-3-mm","16":"pa_etancheite-100m-de","17":"pa_forme-runden","18":"pa_garantie-24monate","19":"pa_genre-frau","20":"pa_matiere-stahl","21":"pa_matierebraceletmontre-edelstahl","22":"pa_matierebraceletmontre-leder","23":"pa_mouvement-quarzbatterie-de","24":"pa_swissmade-ja-de","25":"sales-flash-overlay","26":"woocommerce-text-align-center","27":"woocommerce-image-align-center","28":"do-quantity-buttons","30":"first","31":"outofstock","32":"taxable","33":"shipping-taxable","34":"purchasable","35":"product-type-simple"},"acf":[],"_links":{"self":[{"href":"https:\/\/lediamant.ch\/de\/wp-json\/wp\/v2\/product\/146541","targetHints":{"allow":["GET"]}}],"collection":[{"href":"https:\/\/lediamant.ch\/de\/wp-json\/wp\/v2\/product"}],"about":[{"href":"https:\/\/lediamant.ch\/de\/wp-json\/wp\/v2\/types\/product"}],"wp:featuredmedia":[{"embeddable":true,"href":"https:\/\/lediamant.ch\/de\/wp-json\/wp\/v2\/media\/146527"}],"wp:attachment":[{"href":"https:\/\/lediamant.ch\/de\/wp-json\/wp\/v2\/media?parent=146541"}],"wp:term":[{"taxonomy":"brand","embeddable":true,"href":"https:\/\/lediamant.ch\/de\/wp-json\/wp\/v2\/brand?post=146541"},{"taxonomy":"product_brand","embeddable":true,"href":"https:\/\/lediamant.ch\/de\/wp-json\/wp\/v2\/product_brand?post=146541"},{"taxonomy":"product_cat","embeddable":true,"href":"https:\/\/lediamant.ch\/de\/wp-json\/wp\/v2\/product_cat?post=146541"},{"taxonomy":"product_tag","embeddable":true,"href":"https:\/\/lediamant.ch\/de\/wp-json\/wp\/v2\/product_tag?post=146541"}],"curies":[{"name":"wp","href":"https:\/\/api.w.org\/{rel}","templated":true}]}}