{"id":146559,"date":"2020-11-16T01:01:52","date_gmt":"2020-11-16T00:01:52","guid":{"rendered":"https:\/\/lediamant.ch\/produit\/uhren-de\/tissot-de\/tissot-t-classic-de\/tissot-t-my-lady-de-tissot-t-classic-de\/tissot-t-my-lady-3\/"},"modified":"2025-05-15T13:32:45","modified_gmt":"2025-05-15T11:32:45","slug":"tissot-t-my-lady-3","status":"publish","type":"product","link":"https:\/\/lediamant.ch\/de\/uhren\/146559-tissot-t-my-lady-3\/","title":{"rendered":"Tissot T-My Lady"},"content":{"rendered":"<p>Diese T-My Lady Modelle verf\u00fcgen \u00fcber ein Edelstahlgeh\u00e4use mit einem Durchmesser von 29 mm, ein Swiss Made Quarzwerk, ein zus\u00e4tzliches Lederarmband f\u00fcr einen einfachen Wechsel ohne Werkzeug und eine schlichte Eleganz durch zeitlose Linien. Die T-My Lady von Tissot ist eine Damenuhr, die aufgrund ihrer Konzeption und ihres Designs die perfekte Wahl f\u00fcr alle Frauen ist, f\u00fcr die eine Uhr ein zeitloser Begleiter ist. Als weibliches Gegenst\u00fcck zur Tissot Gentleman-Produktlinie besitzt die T-My Lady alle Qualit\u00e4tsmerkmale, die Tissot-Zeitmesser auszeichnen. Die Erfahrung und Sorgfalt, mit der diese Produktlinie kreiert wurde, wird deutlich, wenn man das Geh\u00e4use und das Armband aus Edelstahl betrachtet, aber auch Details wie die abgeschr\u00e4gten Stundenzeiger in 3D-Optik. Das Datumsfenster ist ebenfalls als Relief gestaltet und hebt die Zifferbl\u00e4tter mit ihren<\/p>\n","protected":false},"excerpt":{"rendered":"<p>Diese T-My Lady Modelle verf\u00fcgen \u00fcber ein Edelstahlgeh\u00e4use mit einem Durchmesser von 29 mm, ein Swiss Made Quarzwerk, ein zus\u00e4tzliches Lederarmband f\u00fcr einen einfachen Wechsel ohne Werkzeug und eine schlichte Eleganz durch zeitlose Linien. Die T-My Lady von Tissot ist eine Damenuhr, die aufgrund ihrer Konzeption und ihres Designs die perfekte Wahl f\u00fcr alle Frauen &#8230; <a title=\"Tissot T-My Lady\" class=\"read-more\" href=\"https:\/\/lediamant.ch\/de\/uhren\/146559-tissot-t-my-lady-3\/\" aria-label=\"Mehr Informationen \u00fcber Tissot T-My Lady\">Weiterlesen &#8230;<\/a><\/p>\n","protected":false},"featured_media":146543,"template":"","meta":{"_acf_changed":false,"_seopress_robots_primary_cat":"27159","_seopress_titles_title":"","_seopress_titles_desc":"Entdecken Sie die T-My Lady Uhr von Tissot mit Stahlgeh\u00e4use, Swiss Made Quarzwerk und einem leicht zu wechselnden Lederarmband. Ein zeitloser Klassiker f\u00fcr sie.","_seopress_robots_index":""},"brand":[27087],"product_brand":[],"product_cat":[27137,27297,27159,41514,27123],"product_tag":[],"class_list":{"0":"post-146559","1":"product","2":"type-product","3":"status-publish","4":"has-post-thumbnail","6":"brand-tissot-de","7":"product_cat-bracelet-ajustable-de","8":"product_cat-exklusiv-fur-damen","9":"product_cat-tissot-de","10":"product_cat-tissot-my-lady","11":"product_cat-uhren","12":"pa_couleurduboitier-grau-de","13":"pa_couleurdubracelet-weiss-de","14":"pa_couleurducadran-perlmutt","15":"pa_dimensions-o-29-3-mm","16":"pa_etancheite-100m-de","17":"pa_forme-runden","18":"pa_garantie-24monate","19":"pa_genre-frau","20":"pa_matiere-stahl","21":"pa_matierebraceletmontre-edelstahl","22":"pa_matierebraceletmontre-leder","23":"pa_mouvement-quarzbatterie-de","24":"pa_swissmade-ja-de","25":"pa_verre-saphir-de","26":"sales-flash-overlay","27":"woocommerce-text-align-center","28":"woocommerce-image-align-center","29":"do-quantity-buttons","31":"first","32":"outofstock","33":"taxable","34":"shipping-taxable","35":"purchasable","36":"product-type-simple"},"acf":[],"_links":{"self":[{"href":"https:\/\/lediamant.ch\/de\/wp-json\/wp\/v2\/product\/146559","targetHints":{"allow":["GET"]}}],"collection":[{"href":"https:\/\/lediamant.ch\/de\/wp-json\/wp\/v2\/product"}],"about":[{"href":"https:\/\/lediamant.ch\/de\/wp-json\/wp\/v2\/types\/product"}],"wp:featuredmedia":[{"embeddable":true,"href":"https:\/\/lediamant.ch\/de\/wp-json\/wp\/v2\/media\/146543"}],"wp:attachment":[{"href":"https:\/\/lediamant.ch\/de\/wp-json\/wp\/v2\/media?parent=146559"}],"wp:term":[{"taxonomy":"brand","embeddable":true,"href":"https:\/\/lediamant.ch\/de\/wp-json\/wp\/v2\/brand?post=146559"},{"taxonomy":"product_brand","embeddable":true,"href":"https:\/\/lediamant.ch\/de\/wp-json\/wp\/v2\/product_brand?post=146559"},{"taxonomy":"product_cat","embeddable":true,"href":"https:\/\/lediamant.ch\/de\/wp-json\/wp\/v2\/product_cat?post=146559"},{"taxonomy":"product_tag","embeddable":true,"href":"https:\/\/lediamant.ch\/de\/wp-json\/wp\/v2\/product_tag?post=146559"}],"curies":[{"name":"wp","href":"https:\/\/api.w.org\/{rel}","templated":true}]}}