{"id":146745,"date":"2020-11-18T13:51:20","date_gmt":"2020-11-18T12:51:20","guid":{"rendered":"https:\/\/lediamant.ch\/produit\/uhren-de\/balmain-de\/trendies-de\/flamea-de\/balmain-flamea-2\/"},"modified":"2025-06-12T17:51:57","modified_gmt":"2025-06-12T15:51:57","slug":"balmain-flamea-2","status":"publish","type":"product","link":"https:\/\/lediamant.ch\/de\/uhren\/146745-balmain-flamea-b47903375\/","title":{"rendered":"Balmain Flamea 34mm"},"content":{"rendered":"<p>Balmain bietet neue Varianten seiner Flamea-Kollektion an. Diese St\u00fccke, die zum Trendies-Segment geh\u00f6ren und direkt vom Geist der Haute Couture beseelt sind, tragen stolz Zifferbl\u00e4tter aus Naturstein, eine Besonderheit, die den Ruf der Marke seit ihren Anf\u00e4ngen begr\u00fcndet hat. Die Flamea-Kollektion ist schlicht und schick zugleich und verk\u00f6rpert die zeitgen\u00f6ssische Vision von Balmain-Eleganz. Inspiriert von der faszinierenden Welt der Haute Couture, in der der Fantasie keine Grenzen gesetzt sind und wo die originellsten Kreationen erlaubt sind, die stets der franz\u00f6sischen Eleganz und Raffinesse alle Ehre machen.<\/p>\n","protected":false},"excerpt":{"rendered":"<p>Balmain bietet neue Varianten seiner Flamea-Kollektion an. Diese St\u00fccke, die zum Trendies-Segment geh\u00f6ren und direkt vom Geist der Haute Couture beseelt sind, tragen stolz Zifferbl\u00e4tter aus Naturstein, eine Besonderheit, die den Ruf der Marke seit ihren Anf\u00e4ngen begr\u00fcndet hat. Die Flamea-Kollektion ist schlicht und schick zugleich und verk\u00f6rpert die zeitgen\u00f6ssische Vision von Balmain-Eleganz. Inspiriert von &#8230; <a title=\"Balmain Flamea 34mm\" class=\"read-more\" href=\"https:\/\/lediamant.ch\/de\/uhren\/146745-balmain-flamea-b47903375\/\" aria-label=\"Mehr Informationen \u00fcber Balmain Flamea 34mm\">Weiterlesen &#8230;<\/a><\/p>\n","protected":false},"featured_media":215513,"template":"","meta":{"_acf_changed":false,"_seopress_robots_primary_cat":"27173","_seopress_titles_title":"","_seopress_titles_desc":"Entdecken Sie die neue Flamea-Kollektion von Balmain. Elegante Uhren mit Naturstein-Zifferbl\u00e4ttern, inspiriert von der Haute Couture.","_seopress_robots_index":""},"brand":[27083],"product_brand":[],"product_cat":[27173,27137,27401,27123],"product_tag":[],"class_list":{"0":"post-146745","1":"product","2":"type-product","3":"status-publish","4":"has-post-thumbnail","6":"brand-balmain-de","7":"product_cat-balmain-de","8":"product_cat-bracelet-ajustable-de","9":"product_cat-flamea-de","10":"product_cat-uhren","11":"pa_couleurduboitier-gelb-de","12":"pa_couleurdubracelet-gelb-de","13":"pa_couleurducadran-grun","14":"pa_etancheite-50m-de","15":"pa_forme-runden","16":"pa_garantie-24monate","17":"pa_genre-frau","18":"pa_matiere-gelbgoldpvd","19":"pa_matierebraceletmontre-edelstahl","20":"pa_mouvement-quarzbatterie-de","21":"pa_swissmade-ja-de","22":"pa_verre-saphir-de","23":"sales-flash-overlay","24":"woocommerce-text-align-center","25":"woocommerce-image-align-center","26":"do-quantity-buttons","28":"first","29":"instock","30":"taxable","31":"shipping-taxable","32":"purchasable","33":"product-type-simple"},"acf":[],"_links":{"self":[{"href":"https:\/\/lediamant.ch\/de\/wp-json\/wp\/v2\/product\/146745","targetHints":{"allow":["GET"]}}],"collection":[{"href":"https:\/\/lediamant.ch\/de\/wp-json\/wp\/v2\/product"}],"about":[{"href":"https:\/\/lediamant.ch\/de\/wp-json\/wp\/v2\/types\/product"}],"wp:featuredmedia":[{"embeddable":true,"href":"https:\/\/lediamant.ch\/de\/wp-json\/wp\/v2\/media\/215513"}],"wp:attachment":[{"href":"https:\/\/lediamant.ch\/de\/wp-json\/wp\/v2\/media?parent=146745"}],"wp:term":[{"taxonomy":"brand","embeddable":true,"href":"https:\/\/lediamant.ch\/de\/wp-json\/wp\/v2\/brand?post=146745"},{"taxonomy":"product_brand","embeddable":true,"href":"https:\/\/lediamant.ch\/de\/wp-json\/wp\/v2\/product_brand?post=146745"},{"taxonomy":"product_cat","embeddable":true,"href":"https:\/\/lediamant.ch\/de\/wp-json\/wp\/v2\/product_cat?post=146745"},{"taxonomy":"product_tag","embeddable":true,"href":"https:\/\/lediamant.ch\/de\/wp-json\/wp\/v2\/product_tag?post=146745"}],"curies":[{"name":"wp","href":"https:\/\/api.w.org\/{rel}","templated":true}]}}