{"id":146787,"date":"2020-11-18T13:51:31","date_gmt":"2020-11-18T12:51:31","guid":{"rendered":"https:\/\/lediamant.ch\/produit\/uhren-de\/balmain-de\/downtown-de\/madrigal-de\/balmain-madrigal-chrono-6\/"},"modified":"2024-12-24T11:06:18","modified_gmt":"2024-12-24T10:06:18","slug":"balmain-madrigal-chrono-6","status":"publish","type":"product","link":"https:\/\/lediamant.ch\/de\/uhren\/146787-balmain-madrigal-chrono-6\/","title":{"rendered":"Balmain Madrigal Chrono 42mm"},"content":{"rendered":"<p>Ein sportlicher, maskuliner Chronograph h\u00e4lt Einzug in die Madrigal-Kollektion von Balmain. Mit seinem zeitgen\u00f6ssischen Design und seinen selbstbewussten Linien ist dieses neue Modell in verschiedenen Zifferblattfarben und mit einer Auswahl an Stahl- oder Lederarmb\u00e4ndern erh\u00e4ltlich. Die Details des Zifferblatts unterstreichen seine athletische Pers\u00f6nlichkeit und zeigen seinen Charakter, w\u00e4hrend er sein schlichtes Design beibeh\u00e4lt. Die neue Madrigal Chrono Gent ist eine schlichte Uhr, die an den Handgelenken von stilbewussten Sportlern Platz findet, die sich auf dem Sportplatz genauso wohl f\u00fchlen wie bei einem eleganten Abend. Mit diesem ausgesprochen zeitgen\u00f6ssischen St\u00fcck hat Balmain eine Kreation geschaffen, die klare, maskuline Linien aufweist, aber dennoch sehr harmonisch wirkt.<\/p>\n","protected":false},"excerpt":{"rendered":"<p>Ein sportlicher, maskuliner Chronograph h\u00e4lt Einzug in die Madrigal-Kollektion von Balmain. Mit seinem zeitgen\u00f6ssischen Design und seinen selbstbewussten Linien ist dieses neue Modell in verschiedenen Zifferblattfarben und mit einer Auswahl an Stahl- oder Lederarmb\u00e4ndern erh\u00e4ltlich. Die Details des Zifferblatts unterstreichen seine athletische Pers\u00f6nlichkeit und zeigen seinen Charakter, w\u00e4hrend er sein schlichtes Design beibeh\u00e4lt. Die neue &#8230; <a title=\"Balmain Madrigal Chrono 42mm\" class=\"read-more\" href=\"https:\/\/lediamant.ch\/de\/uhren\/146787-balmain-madrigal-chrono-6\/\" aria-label=\"Mehr Informationen \u00fcber Balmain Madrigal Chrono 42mm\">Weiterlesen &#8230;<\/a><\/p>\n","protected":false},"featured_media":146783,"template":"","meta":{"_acf_changed":false,"_seopress_robots_primary_cat":"27173","_seopress_titles_title":"","_seopress_titles_desc":"","_seopress_robots_index":""},"brand":[27083],"product_brand":[],"product_cat":[27173,27137,27465,27123],"product_tag":[],"class_list":{"0":"post-146787","1":"product","2":"type-product","3":"status-publish","4":"has-post-thumbnail","6":"brand-balmain-de","7":"product_cat-balmain-de","8":"product_cat-bracelet-ajustable-de","9":"product_cat-madrigal-de","10":"product_cat-uhren","11":"pa_couleurduboitier-zweifarbig-de","12":"pa_couleurdubracelet-grau-de","13":"pa_couleurdubracelet-rosa-de","14":"pa_couleurducadran-braun","15":"pa_dimensions-o-42-00mm","16":"pa_etancheite-50m-de","17":"pa_forme-runden","18":"pa_garantie-24monate","19":"pa_genre-mann","20":"pa_matiere-zweifarbigstahlrosegoldpvd","21":"pa_matierebraceletmontre-edelstahl","22":"pa_mouvement-quarzbatterie-de","23":"pa_swissmade-ja-de","24":"pa_typedemontre-chronograph-de","25":"pa_verre-saphir-de","26":"sales-flash-overlay","27":"woocommerce-text-align-center","28":"woocommerce-image-align-center","29":"do-quantity-buttons","31":"first","32":"instock","33":"taxable","34":"shipping-taxable","35":"purchasable","36":"product-type-simple"},"acf":[],"_links":{"self":[{"href":"https:\/\/lediamant.ch\/de\/wp-json\/wp\/v2\/product\/146787","targetHints":{"allow":["GET"]}}],"collection":[{"href":"https:\/\/lediamant.ch\/de\/wp-json\/wp\/v2\/product"}],"about":[{"href":"https:\/\/lediamant.ch\/de\/wp-json\/wp\/v2\/types\/product"}],"wp:featuredmedia":[{"embeddable":true,"href":"https:\/\/lediamant.ch\/de\/wp-json\/wp\/v2\/media\/146783"}],"wp:attachment":[{"href":"https:\/\/lediamant.ch\/de\/wp-json\/wp\/v2\/media?parent=146787"}],"wp:term":[{"taxonomy":"brand","embeddable":true,"href":"https:\/\/lediamant.ch\/de\/wp-json\/wp\/v2\/brand?post=146787"},{"taxonomy":"product_brand","embeddable":true,"href":"https:\/\/lediamant.ch\/de\/wp-json\/wp\/v2\/product_brand?post=146787"},{"taxonomy":"product_cat","embeddable":true,"href":"https:\/\/lediamant.ch\/de\/wp-json\/wp\/v2\/product_cat?post=146787"},{"taxonomy":"product_tag","embeddable":true,"href":"https:\/\/lediamant.ch\/de\/wp-json\/wp\/v2\/product_tag?post=146787"}],"curies":[{"name":"wp","href":"https:\/\/api.w.org\/{rel}","templated":true}]}}