{"id":147349,"date":"2020-11-20T18:30:21","date_gmt":"2020-11-20T17:30:21","guid":{"rendered":"https:\/\/lediamant.ch\/produit\/schmuck-de\/boutons-de-manchette-de\/manschettenknoepfe-4\/"},"modified":"2023-07-14T15:15:42","modified_gmt":"2023-07-14T13:15:42","slug":"manschettenknoepfe-4","status":"publish","type":"product","link":"https:\/\/lediamant.ch\/de\/schmuck\/147349-manschettenknoepfe-4\/","title":{"rendered":"Manschettenkn\u00f6pfe Collection Horlog\u00e8re"},"content":{"rendered":"<p>Die Bewegung des Rotors oder der Schwungmasse ist das, was eine Automatikuhr durch ihre Schwingung zum Laufen bringt, wenn die Person das Handgelenk bewegt. Hier ist es das gleiche Prinzip, wenn Sie die Manschettenkn\u00f6pfe tragen , ist der Rotor in st\u00e4ndiger Bewegung. Rotor-Modelle sind Teil von allem und k\u00f6nnen zu jedem allt\u00e4glichen Lebensstil passen, ob sportlich, l\u00e4ssig, trendy oder beruflich.<\/p>\n","protected":false},"excerpt":{"rendered":"<p>Die Bewegung des Rotors oder der Schwungmasse ist das, was eine Automatikuhr durch ihre Schwingung zum Laufen bringt, wenn die Person das Handgelenk bewegt. Hier ist es das gleiche Prinzip, wenn Sie die Manschettenkn\u00f6pfe tragen , ist der Rotor in st\u00e4ndiger Bewegung. Rotor-Modelle sind Teil von allem und k\u00f6nnen zu jedem allt\u00e4glichen Lebensstil passen, ob &#8230; <a title=\"Manschettenkn\u00f6pfe Collection Horlog\u00e8re\" class=\"read-more\" href=\"https:\/\/lediamant.ch\/de\/schmuck\/147349-manschettenknoepfe-4\/\" aria-label=\"Mehr Informationen \u00fcber Manschettenkn\u00f6pfe Collection Horlog\u00e8re\">Weiterlesen &#8230;<\/a><\/p>\n","protected":false},"featured_media":147347,"template":"","meta":{"_acf_changed":false,"_seopress_robots_primary_cat":"","_seopress_titles_title":"","_seopress_titles_desc":"","_seopress_robots_index":""},"brand":[41444],"product_brand":[],"product_cat":[27161],"product_tag":[],"class_list":{"0":"post-147349","1":"product","2":"type-product","3":"status-publish","4":"has-post-thumbnail","6":"brand-steel-jewellery-de","7":"product_cat-manschettenknopfe","8":"pa_genre-mann","9":"pa_matiere-stahl","10":"sales-flash-overlay","11":"woocommerce-text-align-center","12":"woocommerce-image-align-center","13":"do-quantity-buttons","15":"first","16":"instock","17":"taxable","18":"shipping-taxable","19":"purchasable","20":"product-type-simple"},"acf":[],"_links":{"self":[{"href":"https:\/\/lediamant.ch\/de\/wp-json\/wp\/v2\/product\/147349","targetHints":{"allow":["GET"]}}],"collection":[{"href":"https:\/\/lediamant.ch\/de\/wp-json\/wp\/v2\/product"}],"about":[{"href":"https:\/\/lediamant.ch\/de\/wp-json\/wp\/v2\/types\/product"}],"wp:featuredmedia":[{"embeddable":true,"href":"https:\/\/lediamant.ch\/de\/wp-json\/wp\/v2\/media\/147347"}],"wp:attachment":[{"href":"https:\/\/lediamant.ch\/de\/wp-json\/wp\/v2\/media?parent=147349"}],"wp:term":[{"taxonomy":"brand","embeddable":true,"href":"https:\/\/lediamant.ch\/de\/wp-json\/wp\/v2\/brand?post=147349"},{"taxonomy":"product_brand","embeddable":true,"href":"https:\/\/lediamant.ch\/de\/wp-json\/wp\/v2\/product_brand?post=147349"},{"taxonomy":"product_cat","embeddable":true,"href":"https:\/\/lediamant.ch\/de\/wp-json\/wp\/v2\/product_cat?post=147349"},{"taxonomy":"product_tag","embeddable":true,"href":"https:\/\/lediamant.ch\/de\/wp-json\/wp\/v2\/product_tag?post=147349"}],"curies":[{"name":"wp","href":"https:\/\/api.w.org\/{rel}","templated":true}]}}