{"id":147381,"date":"2021-02-04T16:24:41","date_gmt":"2021-02-04T15:24:41","guid":{"rendered":"https:\/\/lediamant.ch\/produit\/uhren-de\/aerowatch-de\/a1942-de\/aerowatch-1942-lady-automatic-stahlband\/"},"modified":"2021-02-04T16:24:41","modified_gmt":"2021-02-04T15:24:41","slug":"aerowatch-1942-lady-automatic-stahlband","status":"publish","type":"product","link":"https:\/\/lediamant.ch\/de\/uhren\/147381-aerowatch-1942-lady-automatic-stahlband\/","title":{"rendered":"Aerowatch 1942 Lady Automatic Stahlband"},"content":{"rendered":"<p class=\"h5 text-uppercase\">Geh\u00e4use<\/p>\n<p>Edelstahlgeh\u00e4use, Saphirglas, Sichtboden<\/p>\n<p class=\"h5 text-uppercase\">Zifferblatt<\/p>\n<p>Wei\u00dfes Perlmutt, 9 Diamanten und Indexe<\/p>\n<p class=\"h5 text-uppercase\">Uhrwerk<\/p>\n<p>Automatik, 11\u00bd&#8220;&#8216; SELLITA SW200, 26 Rubine, Skelett, Stunden, Minuten und Sekunden<\/p>\n<p class=\"h5 text-uppercase\">Armband<\/p>\n<p>Wei\u00dfes Leder, 21.00 mm, Dornschlie\u00dfe<\/p>\n","protected":false},"excerpt":{"rendered":"<p>Geh\u00e4use Edelstahlgeh\u00e4use, Saphirglas, Sichtboden Zifferblatt Wei\u00dfes Perlmutt, 9 Diamanten und Indexe Uhrwerk Automatik, 11\u00bd&#8220;&#8216; SELLITA SW200, 26 Rubine, Skelett, Stunden, Minuten und Sekunden Armband Wei\u00dfes Leder, 21.00 mm, Dornschlie\u00dfe<\/p>\n","protected":false},"featured_media":147376,"template":"","meta":{"_acf_changed":false,"_seopress_robots_primary_cat":"","_seopress_titles_title":"","_seopress_titles_desc":"","_seopress_robots_index":""},"brand":[27081],"product_brand":[],"product_cat":[27241,27167,27137,27123],"product_tag":[],"class_list":{"0":"post-147381","1":"product","2":"type-product","3":"status-publish","4":"has-post-thumbnail","6":"brand-aerowatch-de","7":"product_cat-1942-de","8":"product_cat-aerowatch-de","9":"product_cat-bracelet-ajustable-de","10":"product_cat-uhren","11":"pa_couleurduboitier-grau-de","12":"pa_couleurdubracelet-grau-de","13":"pa_couleurducadran-grau","14":"pa_etancheite-50m-de","15":"pa_forme-runden","16":"pa_garantie-24monate","17":"pa_genre-frau","18":"pa_matiere-stahl","19":"pa_matierebraceletmontre-edelstahl","20":"pa_mouvement-automatik-de","21":"pa_swissmade-ja-de","22":"pa_verre-saphir-de","23":"sales-flash-overlay","24":"woocommerce-text-align-center","25":"woocommerce-image-align-center","26":"do-quantity-buttons","28":"first","29":"instock","30":"taxable","31":"shipping-taxable","32":"purchasable","33":"product-type-simple"},"acf":[],"_links":{"self":[{"href":"https:\/\/lediamant.ch\/de\/wp-json\/wp\/v2\/product\/147381","targetHints":{"allow":["GET"]}}],"collection":[{"href":"https:\/\/lediamant.ch\/de\/wp-json\/wp\/v2\/product"}],"about":[{"href":"https:\/\/lediamant.ch\/de\/wp-json\/wp\/v2\/types\/product"}],"wp:featuredmedia":[{"embeddable":true,"href":"https:\/\/lediamant.ch\/de\/wp-json\/wp\/v2\/media\/147376"}],"wp:attachment":[{"href":"https:\/\/lediamant.ch\/de\/wp-json\/wp\/v2\/media?parent=147381"}],"wp:term":[{"taxonomy":"brand","embeddable":true,"href":"https:\/\/lediamant.ch\/de\/wp-json\/wp\/v2\/brand?post=147381"},{"taxonomy":"product_brand","embeddable":true,"href":"https:\/\/lediamant.ch\/de\/wp-json\/wp\/v2\/product_brand?post=147381"},{"taxonomy":"product_cat","embeddable":true,"href":"https:\/\/lediamant.ch\/de\/wp-json\/wp\/v2\/product_cat?post=147381"},{"taxonomy":"product_tag","embeddable":true,"href":"https:\/\/lediamant.ch\/de\/wp-json\/wp\/v2\/product_tag?post=147381"}],"curies":[{"name":"wp","href":"https:\/\/api.w.org\/{rel}","templated":true}]}}