{"id":147391,"date":"2021-02-04T16:50:20","date_gmt":"2021-02-04T15:50:20","guid":{"rendered":"https:\/\/lediamant.ch\/produit\/uhren-de\/aerowatch-de\/a1942-de\/automatisches-skelett\/"},"modified":"2021-02-04T16:50:20","modified_gmt":"2021-02-04T15:50:20","slug":"automatisches-skelett","status":"publish","type":"product","link":"https:\/\/lediamant.ch\/de\/uhren\/147391-automatisches-skelett\/","title":{"rendered":"A\u00e9rowatch, Collection 1942, Lady, Quarz"},"content":{"rendered":"<p>Damenuhr mit Schweizer Quarz made. Stunden, Minuten, Sekunden und Datum bei 6 Uhr. Durchmesser 40.00 mm, Gesamth\u00f6he 9.80 mm. Versilbertes Lederarmband 21.00 mm, Dornschlie\u00dfe. Geh\u00e4use aus poliertem Stahl, Saphirglas. Matt versilbertes Zifferblatt mit exzentrischen Verzierungen, polierte, rhodinierte Reliefkreise. Blauer Saphir bei 12H. Wasserdicht bis 50 Meter.<\/p>\n","protected":false},"excerpt":{"rendered":"<p>Damenuhr mit Schweizer Quarz made. Stunden, Minuten, Sekunden und Datum bei 6 Uhr. Durchmesser 40.00 mm, Gesamth\u00f6he 9.80 mm. Versilbertes Lederarmband 21.00 mm, Dornschlie\u00dfe. Geh\u00e4use aus poliertem Stahl, Saphirglas. Matt versilbertes Zifferblatt mit exzentrischen Verzierungen, polierte, rhodinierte Reliefkreise. Blauer Saphir bei 12H. Wasserdicht bis 50 Meter.<\/p>\n","protected":false},"featured_media":147382,"template":"","meta":{"_acf_changed":false,"_seopress_robots_primary_cat":"","_seopress_titles_title":"","_seopress_titles_desc":"","_seopress_robots_index":""},"brand":[27081],"product_brand":[],"product_cat":[27241,27167,27251,27125,27123,27153],"product_tag":[],"class_list":{"0":"post-147391","1":"product","2":"type-product","3":"status-publish","4":"has-post-thumbnail","6":"brand-aerowatch-de","7":"product_cat-1942-de","8":"product_cat-aerowatch-de","9":"product_cat-auswahl-fuer-sie-de","10":"product_cat-geschenkideen","11":"product_cat-uhren","12":"product_cat-valentinstag-de","13":"pa_couleurduboitier-grau-de","14":"pa_couleurdubracelet-grau-de","15":"pa_couleurducadran-grau","16":"pa_etancheite-50m-de","17":"pa_forme-runden","18":"pa_garantie-24monate","19":"pa_genre-frau","20":"pa_matiere-stahl","21":"pa_matierebraceletmontre-leder","22":"pa_mouvement-quarzbatterie-de","23":"pa_swissmade-ja-de","24":"pa_verre-saphir-de","25":"sales-flash-overlay","26":"woocommerce-text-align-center","27":"woocommerce-image-align-center","28":"do-quantity-buttons","30":"first","31":"instock","32":"taxable","33":"shipping-taxable","34":"purchasable","35":"product-type-simple"},"acf":[],"_links":{"self":[{"href":"https:\/\/lediamant.ch\/de\/wp-json\/wp\/v2\/product\/147391","targetHints":{"allow":["GET"]}}],"collection":[{"href":"https:\/\/lediamant.ch\/de\/wp-json\/wp\/v2\/product"}],"about":[{"href":"https:\/\/lediamant.ch\/de\/wp-json\/wp\/v2\/types\/product"}],"wp:featuredmedia":[{"embeddable":true,"href":"https:\/\/lediamant.ch\/de\/wp-json\/wp\/v2\/media\/147382"}],"wp:attachment":[{"href":"https:\/\/lediamant.ch\/de\/wp-json\/wp\/v2\/media?parent=147391"}],"wp:term":[{"taxonomy":"brand","embeddable":true,"href":"https:\/\/lediamant.ch\/de\/wp-json\/wp\/v2\/brand?post=147391"},{"taxonomy":"product_brand","embeddable":true,"href":"https:\/\/lediamant.ch\/de\/wp-json\/wp\/v2\/product_brand?post=147391"},{"taxonomy":"product_cat","embeddable":true,"href":"https:\/\/lediamant.ch\/de\/wp-json\/wp\/v2\/product_cat?post=147391"},{"taxonomy":"product_tag","embeddable":true,"href":"https:\/\/lediamant.ch\/de\/wp-json\/wp\/v2\/product_tag?post=147391"}],"curies":[{"name":"wp","href":"https:\/\/api.w.org\/{rel}","templated":true}]}}