{"id":147433,"date":"2021-03-10T17:14:31","date_gmt":"2021-03-10T16:14:31","guid":{"rendered":"https:\/\/lediamant.ch\/produit\/uhren-de\/hamilton-de\/ventura-de\/hamilton-ventura-elvis80-skeleton-auto-automatik-42mm-x-44mm\/"},"modified":"2023-12-19T17:50:29","modified_gmt":"2023-12-19T16:50:29","slug":"hamilton-ventura-elvis80-skeleton-auto-automatisch-42mm-x-44mm","status":"publish","type":"product","link":"https:\/\/lediamant.ch\/de\/uhren\/147433-hamilton-ventura-elvis80-skeleton-pvd-schwarz-automatik-42mm-x-44mm-h24535331\/","title":{"rendered":"Hamilton Ventura Elvis80 Skeleton Schwarz PVD Automatik| 42mm x 44mm"},"content":{"rendered":"<p><span style=\"color: #1c1c1c; font-family: Montserrat, sans-serif; font-size: 14px; background-color: #ffffff;\">Heben Sie sich ab mit der Ventura Elvis80 Skeleton, einer ultramodernen Hommage an die Vergangenheit, Gegenwart und Zukunft der ersten elektrischen Uhr der Welt. Als kraftvolle Weiterentwicklung einer revolution\u00e4ren Uhr zeigt das pr\u00e4zise skelettierte Zifferblatt ein auff\u00e4lliges rotes Zickzackmuster in der Mitte des dreieckigen, mit schwarzem PVD beschichteten Geh\u00e4uses. Dieser Blitz ist eine Hommage an ein innovatives Vorbild und hebt das H-10-S Uhrwerk mit automatischem Aufzug in seinem Herzen hervor. <\/span><\/p>\n","protected":false},"excerpt":{"rendered":"<p>Heben Sie sich ab mit der Ventura Elvis80 Skeleton, einer ultramodernen Hommage an die Vergangenheit, Gegenwart und Zukunft der ersten elektrischen Uhr der Welt. Als kraftvolle Weiterentwicklung einer revolution\u00e4ren Uhr zeigt das pr\u00e4zise skelettierte Zifferblatt ein auff\u00e4lliges rotes Zickzackmuster in der Mitte des dreieckigen, mit schwarzem PVD beschichteten Geh\u00e4uses. Dieser Blitz ist eine Hommage an &#8230; <a title=\"Hamilton Ventura Elvis80 Skeleton Schwarz PVD Automatik| 42mm x 44mm\" class=\"read-more\" href=\"https:\/\/lediamant.ch\/de\/uhren\/147433-hamilton-ventura-elvis80-skeleton-pvd-schwarz-automatik-42mm-x-44mm-h24535331\/\" aria-label=\"Mehr Informationen \u00fcber Hamilton Ventura Elvis80 Skeleton Schwarz PVD Automatik| 42mm x 44mm\">Weiterlesen &#8230;<\/a><\/p>\n","protected":false},"featured_media":147421,"template":"","meta":{"_acf_changed":false,"_seopress_robots_primary_cat":"","_seopress_titles_title":"","_seopress_titles_desc":"","_seopress_robots_index":""},"brand":[27085],"product_brand":[],"product_cat":[27181,27123,27323],"product_tag":[],"class_list":{"0":"post-147433","1":"product","2":"type-product","3":"status-publish","4":"has-post-thumbnail","6":"brand-hamilton-de","7":"product_cat-hamilton-de","8":"product_cat-uhren","9":"product_cat-ventura-de","10":"pa_couleurdubracelet-schwarz-de","11":"pa_couleurducadran-schwarz","12":"pa_etancheite-50m-de","13":"pa_forme-dreieck-de","14":"pa_garantie-24monate","15":"pa_genre-mann","16":"pa_matiere-schwarzespvd","17":"pa_matierebraceletmontre-kautschuk","18":"pa_mouvement-automatik-de","19":"pa_swissmade-ja-de","20":"sales-flash-overlay","21":"woocommerce-text-align-center","22":"woocommerce-image-align-center","23":"do-quantity-buttons","25":"first","26":"instock","27":"taxable","28":"shipping-taxable","29":"purchasable","30":"product-type-simple"},"acf":[],"_links":{"self":[{"href":"https:\/\/lediamant.ch\/de\/wp-json\/wp\/v2\/product\/147433","targetHints":{"allow":["GET"]}}],"collection":[{"href":"https:\/\/lediamant.ch\/de\/wp-json\/wp\/v2\/product"}],"about":[{"href":"https:\/\/lediamant.ch\/de\/wp-json\/wp\/v2\/types\/product"}],"wp:featuredmedia":[{"embeddable":true,"href":"https:\/\/lediamant.ch\/de\/wp-json\/wp\/v2\/media\/147421"}],"wp:attachment":[{"href":"https:\/\/lediamant.ch\/de\/wp-json\/wp\/v2\/media?parent=147433"}],"wp:term":[{"taxonomy":"brand","embeddable":true,"href":"https:\/\/lediamant.ch\/de\/wp-json\/wp\/v2\/brand?post=147433"},{"taxonomy":"product_brand","embeddable":true,"href":"https:\/\/lediamant.ch\/de\/wp-json\/wp\/v2\/product_brand?post=147433"},{"taxonomy":"product_cat","embeddable":true,"href":"https:\/\/lediamant.ch\/de\/wp-json\/wp\/v2\/product_cat?post=147433"},{"taxonomy":"product_tag","embeddable":true,"href":"https:\/\/lediamant.ch\/de\/wp-json\/wp\/v2\/product_tag?post=147433"}],"curies":[{"name":"wp","href":"https:\/\/api.w.org\/{rel}","templated":true}]}}