{"id":147597,"date":"2021-03-22T10:44:45","date_gmt":"2021-03-22T09:44:45","guid":{"rendered":"https:\/\/lediamant.ch\/produit\/uhren-de\/tissot-de\/tissot-t-classic-de\/tissot-prx-quartz-de\/tissot-prx-3\/"},"modified":"2023-11-09T16:59:04","modified_gmt":"2023-11-09T15:59:04","slug":"tissot-prx-3","status":"publish","type":"product","link":"https:\/\/lediamant.ch\/de\/uhren\/147597-tissot-prx-3\/","title":{"rendered":"TISSOT PRX 40 mm"},"content":{"rendered":"<p>1978 entwickelte Tissot ein Quarzmodell, das sich durch ein schlankes Geh\u00e4use, schmale Indizes und ein Stahlarmband auszeichnet. Einige Jahre sp\u00e4ter l\u00e4sst Tissot den Namen PRX registrieren. &#8222;PR&#8220; steht f\u00fcr &#8222;pr\u00e4zise&#8220; und &#8222;robust&#8220;. Das &#8222;X&#8220; steht f\u00fcr die r\u00f6mische Zahl zehn und den Druck von 10 bar, was einer Tiefe von 100 Metern entspricht, bis zu der die Uhr wasserdicht war. Im Jahr 2021 stellte Tissot die PRX 40 205 vor, wobei die Nummern die Produktnummer zitierten, die die Uhr damals trug. Dies ist eine moderne Version des Vorg\u00e4ngermodells. Das Geh\u00e4use der Tissot PRX 40 205 besteht aus 316L-Edelstahl und hat einen Durchmesser von 40 mm. Sie hat eine leicht tonnenf\u00f6rmige Form und ist mit einer schmalen, runden L\u00fcnette verziert. An den Seiten wechseln sich vertikal abgerundete und geb\u00fcrstete Abschl\u00fcsse mit polierten Facetten ab. Die Linien des Geh\u00e4uses verlaufen direkt und ohne die Verwendung traditioneller H\u00f6rner. Sein auff\u00e4lligstes Merkmal ist die Reihe gro\u00dfer Glieder, die die gesamte Breite einnehmen. Das Satinfinish auf der Au\u00dfenseite wird mit der gleichen Sorgfalt ausgef\u00fchrt wie das Polieren der Innenfl\u00e4chen. Die Zeigefinger des PRX 40 205 sind mit einer SuperLumiNova\u00ae-Beschichtung versehen und liegen mit nur einem sehr kleinen Zwischenraum \u00fcbereinander. Der von den Tissot-Designern erzielte optische Effekt l\u00e4sst das Geh\u00e4use der Uhr noch flacher und d\u00fcnner erscheinen, als es in Wirklichkeit ist.<\/p>\n","protected":false},"excerpt":{"rendered":"<p>1978 entwickelte Tissot ein Quarzmodell, das sich durch ein schlankes Geh\u00e4use, schmale Indizes und ein Stahlarmband auszeichnet. Einige Jahre sp\u00e4ter l\u00e4sst Tissot den Namen PRX registrieren. &#8222;PR&#8220; steht f\u00fcr &#8222;pr\u00e4zise&#8220; und &#8222;robust&#8220;. Das &#8222;X&#8220; steht f\u00fcr die r\u00f6mische Zahl zehn und den Druck von 10 bar, was einer Tiefe von 100 Metern entspricht, bis zu &#8230; <a title=\"TISSOT PRX 40 mm\" class=\"read-more\" href=\"https:\/\/lediamant.ch\/de\/uhren\/147597-tissot-prx-3\/\" aria-label=\"Mehr Informationen \u00fcber TISSOT PRX 40 mm\">Weiterlesen &#8230;<\/a><\/p>\n","protected":false},"featured_media":147583,"template":"","meta":{"_acf_changed":false,"_seopress_robots_primary_cat":"","_seopress_titles_title":"","_seopress_titles_desc":"","_seopress_robots_index":""},"brand":[27087],"product_brand":[],"product_cat":[27137,27159,27389,27123],"product_tag":[],"class_list":{"0":"post-147597","1":"product","2":"type-product","3":"status-publish","4":"has-post-thumbnail","6":"brand-tissot-de","7":"product_cat-bracelet-ajustable-de","8":"product_cat-tissot-de","9":"product_cat-tissot-prx","10":"product_cat-uhren","11":"pa_couleurduboitier-grau-de","12":"pa_couleurducadran-silber","13":"pa_etancheite-100m-de","14":"pa_forme-fass-de","15":"pa_garantie-24monate","16":"pa_genre-mann","17":"pa_matiere-stahl","18":"pa_matierebraceletmontre-edelstahl","19":"pa_mouvement-quarzbatterie-de","20":"pa_swissmade-ja-de","21":"pa_verre-saphir-de","22":"sales-flash-overlay","23":"woocommerce-text-align-center","24":"woocommerce-image-align-center","25":"do-quantity-buttons","27":"first","28":"instock","29":"taxable","30":"shipping-taxable","31":"purchasable","32":"product-type-simple"},"acf":[],"_links":{"self":[{"href":"https:\/\/lediamant.ch\/de\/wp-json\/wp\/v2\/product\/147597","targetHints":{"allow":["GET"]}}],"collection":[{"href":"https:\/\/lediamant.ch\/de\/wp-json\/wp\/v2\/product"}],"about":[{"href":"https:\/\/lediamant.ch\/de\/wp-json\/wp\/v2\/types\/product"}],"wp:featuredmedia":[{"embeddable":true,"href":"https:\/\/lediamant.ch\/de\/wp-json\/wp\/v2\/media\/147583"}],"wp:attachment":[{"href":"https:\/\/lediamant.ch\/de\/wp-json\/wp\/v2\/media?parent=147597"}],"wp:term":[{"taxonomy":"brand","embeddable":true,"href":"https:\/\/lediamant.ch\/de\/wp-json\/wp\/v2\/brand?post=147597"},{"taxonomy":"product_brand","embeddable":true,"href":"https:\/\/lediamant.ch\/de\/wp-json\/wp\/v2\/product_brand?post=147597"},{"taxonomy":"product_cat","embeddable":true,"href":"https:\/\/lediamant.ch\/de\/wp-json\/wp\/v2\/product_cat?post=147597"},{"taxonomy":"product_tag","embeddable":true,"href":"https:\/\/lediamant.ch\/de\/wp-json\/wp\/v2\/product_tag?post=147597"}],"curies":[{"name":"wp","href":"https:\/\/api.w.org\/{rel}","templated":true}]}}