{"id":147617,"date":"2021-03-22T12:55:26","date_gmt":"2021-03-22T11:55:26","guid":{"rendered":"https:\/\/lediamant.ch\/produit\/uhren-de\/tissot-de\/tissot-t-lady-de\/tissot-bellissima-de\/tissot-immer-klein-3\/"},"modified":"2021-03-22T12:55:26","modified_gmt":"2021-03-22T11:55:26","slug":"tissot-immer-klein-3","status":"publish","type":"product","link":"https:\/\/lediamant.ch\/de\/uhren\/147617-tissot-immer-klein-3\/","title":{"rendered":"Tissot Bellissima Small Lady 26mm"},"content":{"rendered":"<p>Die Tissot Bellissima Small Lady besticht durch ihr edles Design und sch\u00f6ne Details. Dieses Modell besitzt ein Swiss-Made Quarzwerk und ein kratzfestes Saphirglas mit r\u00f6mischen Ziffern und Datumsanzeige. Das 316L-Edelstahlgeh\u00e4use mit rosegoldfarbener PVD-Beschichtung umschlie\u00dft das wei\u00dfe Zifferblatt und das braune Lederarmband besitzt eine Butterflyschliesse.<\/p>\n","protected":false},"excerpt":{"rendered":"<p>Die Tissot Bellissima Small Lady besticht durch ihr edles Design und sch\u00f6ne Details. Dieses Modell besitzt ein Swiss-Made Quarzwerk und ein kratzfestes Saphirglas mit r\u00f6mischen Ziffern und Datumsanzeige. Das 316L-Edelstahlgeh\u00e4use mit rosegoldfarbener PVD-Beschichtung umschlie\u00dft das wei\u00dfe Zifferblatt und das braune Lederarmband besitzt eine Butterflyschliesse.<\/p>\n","protected":false},"featured_media":147598,"template":"","meta":{"_acf_changed":false,"_seopress_robots_primary_cat":"","_seopress_titles_title":"","_seopress_titles_desc":"","_seopress_robots_index":""},"brand":[27087],"product_brand":[],"product_cat":[27297,27159,27383,27123],"product_tag":[],"class_list":{"0":"post-147617","1":"product","2":"type-product","3":"status-publish","4":"has-post-thumbnail","6":"brand-tissot-de","7":"product_cat-exklusiv-fur-damen","8":"product_cat-tissot-de","9":"product_cat-tissot-bellissima","10":"product_cat-uhren","11":"pa_couleurduboitier-pinkrosa-de","12":"pa_couleurdubracelet-braun-de","13":"pa_couleurducadran-weiss","14":"pa_dimensions-o-26-mm","15":"pa_etancheite-50m-de","16":"pa_forme-runden","17":"pa_garantie-24monate","18":"pa_genre-frau","19":"pa_matiere-rosegoldpvd","20":"pa_matierebraceletmontre-leder","21":"pa_mouvement-quarzbatterie-de","22":"pa_swissmade-ja-de","23":"pa_verre-saphir-de","24":"sales-flash-overlay","25":"woocommerce-text-align-center","26":"woocommerce-image-align-center","27":"do-quantity-buttons","29":"first","30":"instock","31":"taxable","32":"shipping-taxable","33":"purchasable","34":"product-type-simple"},"acf":[],"_links":{"self":[{"href":"https:\/\/lediamant.ch\/de\/wp-json\/wp\/v2\/product\/147617","targetHints":{"allow":["GET"]}}],"collection":[{"href":"https:\/\/lediamant.ch\/de\/wp-json\/wp\/v2\/product"}],"about":[{"href":"https:\/\/lediamant.ch\/de\/wp-json\/wp\/v2\/types\/product"}],"wp:featuredmedia":[{"embeddable":true,"href":"https:\/\/lediamant.ch\/de\/wp-json\/wp\/v2\/media\/147598"}],"wp:attachment":[{"href":"https:\/\/lediamant.ch\/de\/wp-json\/wp\/v2\/media?parent=147617"}],"wp:term":[{"taxonomy":"brand","embeddable":true,"href":"https:\/\/lediamant.ch\/de\/wp-json\/wp\/v2\/brand?post=147617"},{"taxonomy":"product_brand","embeddable":true,"href":"https:\/\/lediamant.ch\/de\/wp-json\/wp\/v2\/product_brand?post=147617"},{"taxonomy":"product_cat","embeddable":true,"href":"https:\/\/lediamant.ch\/de\/wp-json\/wp\/v2\/product_cat?post=147617"},{"taxonomy":"product_tag","embeddable":true,"href":"https:\/\/lediamant.ch\/de\/wp-json\/wp\/v2\/product_tag?post=147617"}],"curies":[{"name":"wp","href":"https:\/\/api.w.org\/{rel}","templated":true}]}}