{"id":147627,"date":"2021-03-22T13:37:55","date_gmt":"2021-03-22T12:37:55","guid":{"rendered":"https:\/\/lediamant.ch\/produit\/uhren-de\/tissot-de\/tissot-t-lady-de\/tissot-bellissima-de\/tissot-immer-klein-4\/"},"modified":"2021-03-22T13:37:55","modified_gmt":"2021-03-22T12:37:55","slug":"tissot-immer-klein-4","status":"publish","type":"product","link":"https:\/\/lediamant.ch\/de\/uhren\/147627-tissot-immer-klein-4\/","title":{"rendered":"Tissot Bellissima Small Lady 26 mm"},"content":{"rendered":"<p>Die Tissot Bellissima Small Lady besticht durch ihr edles Design und sch\u00f6ne Details. Dieses Modell besitzt ein Swiss-Made Quarzwerk und ein kratzfestes Saphirglas mit r\u00f6mischen Ziffern und Datumsanzeige. Das 316L-Edelstahlgeh\u00e4use umschlie\u00dft das wei\u00dfe Zifferblatt und das 316L-Edelstahlarmband mit Butterflyschliesse mit Dr\u00fcckern.<\/p>\n","protected":false},"excerpt":{"rendered":"<p>Die Tissot Bellissima Small Lady besticht durch ihr edles Design und sch\u00f6ne Details. Dieses Modell besitzt ein Swiss-Made Quarzwerk und ein kratzfestes Saphirglas mit r\u00f6mischen Ziffern und Datumsanzeige. Das 316L-Edelstahlgeh\u00e4use umschlie\u00dft das wei\u00dfe Zifferblatt und das 316L-Edelstahlarmband mit Butterflyschliesse mit Dr\u00fcckern.<\/p>\n","protected":false},"featured_media":147618,"template":"","meta":{"_acf_changed":false,"_seopress_robots_primary_cat":"","_seopress_titles_title":"","_seopress_titles_desc":"","_seopress_robots_index":""},"brand":[27087],"product_brand":[],"product_cat":[27251,27137,27297,27125,27159,27383,27123,27153],"product_tag":[],"class_list":{"0":"post-147627","1":"product","2":"type-product","3":"status-publish","4":"has-post-thumbnail","6":"brand-tissot-de","7":"product_cat-auswahl-fuer-sie-de","8":"product_cat-bracelet-ajustable-de","9":"product_cat-exklusiv-fur-damen","10":"product_cat-geschenkideen","11":"product_cat-tissot-de","12":"product_cat-tissot-bellissima","13":"product_cat-uhren","14":"product_cat-valentinstag-de","15":"pa_couleurduboitier-grau-de","16":"pa_couleurducadran-weiss","17":"pa_dimensions-o-26-mm","18":"pa_etancheite-50m-de","19":"pa_forme-runden","20":"pa_garantie-24monate","21":"pa_genre-frau","22":"pa_matiere-stahl","23":"pa_matierebraceletmontre-edelstahl","24":"pa_mouvement-quarzbatterie-de","25":"pa_swissmade-ja-de","26":"pa_verre-saphir-de","27":"sales-flash-overlay","28":"woocommerce-text-align-center","29":"woocommerce-image-align-center","30":"do-quantity-buttons","32":"first","33":"instock","34":"taxable","35":"shipping-taxable","36":"purchasable","37":"product-type-simple"},"acf":[],"_links":{"self":[{"href":"https:\/\/lediamant.ch\/de\/wp-json\/wp\/v2\/product\/147627","targetHints":{"allow":["GET"]}}],"collection":[{"href":"https:\/\/lediamant.ch\/de\/wp-json\/wp\/v2\/product"}],"about":[{"href":"https:\/\/lediamant.ch\/de\/wp-json\/wp\/v2\/types\/product"}],"wp:featuredmedia":[{"embeddable":true,"href":"https:\/\/lediamant.ch\/de\/wp-json\/wp\/v2\/media\/147618"}],"wp:attachment":[{"href":"https:\/\/lediamant.ch\/de\/wp-json\/wp\/v2\/media?parent=147627"}],"wp:term":[{"taxonomy":"brand","embeddable":true,"href":"https:\/\/lediamant.ch\/de\/wp-json\/wp\/v2\/brand?post=147627"},{"taxonomy":"product_brand","embeddable":true,"href":"https:\/\/lediamant.ch\/de\/wp-json\/wp\/v2\/product_brand?post=147627"},{"taxonomy":"product_cat","embeddable":true,"href":"https:\/\/lediamant.ch\/de\/wp-json\/wp\/v2\/product_cat?post=147627"},{"taxonomy":"product_tag","embeddable":true,"href":"https:\/\/lediamant.ch\/de\/wp-json\/wp\/v2\/product_tag?post=147627"}],"curies":[{"name":"wp","href":"https:\/\/api.w.org\/{rel}","templated":true}]}}